{"id":16821,"date":"2019-04-09T22:17:23","date_gmt":"2019-04-09T22:17:23","guid":{"rendered":"https:\/\/octaedro.com\/producto\/factura-energeticas-de-los-combustibles-fosiles\/"},"modified":"2023-02-22T13:29:39","modified_gmt":"2023-02-22T12:29:39","slug":"factura-energeticas-de-los-combustibles-fosiles","status":"publish","type":"product","link":"https:\/\/wizardly-davinci.82-223-8-23.plesk.page\/en\/producto\/factura-energeticas-de-los-combustibles-fosiles\/","title":{"rendered":"Facturas energ\u00e9ticas de los combustibles f\u00f3siles"},"content":{"rendered":"<p>l presente texto hace un salto y valora econ\u00f3micamente los combustibles f\u00f3siles como recursos gen\u00e9ricos (commodities) a precios internacionales (o facturas energ\u00e9ticas). Esta valoraci\u00f3n aporta dos aspectos de gran inter\u00e9s: aproxima el tema energ\u00e9tico una ciudadan\u00eda acostumbrada a percibir las realidades a trav\u00e9s de valoraciones econ\u00f3micas y ayuda a comprender los grandes desequilibrios en la distribuci\u00f3n geogr\u00e1fica de los combustibles f\u00f3siles, origen de tensiones cada vez mayores entre pa\u00edses y entre regiones.<\/p>\n","protected":false},"excerpt":{"rendered":"<p>El presente texto hace un salto y valora econ\u00f3micamente los combustibles f\u00f3siles como recursos gen\u00e9ricos (commodities) a precios internacionales (o facturas energ\u00e9ticas). Esta valoraci\u00f3n aporta dos aspectos de gran inter\u00e9s: aproxima el tema energ\u00e9tico una ciudadan\u00eda acostumbrada a percibir las realidades a trav\u00e9s de valoraciones econ\u00f3micas y ayuda a comprender los grandes desequilibrios en la distribuci\u00f3n geogr\u00e1fica de los combustibles f\u00f3siles, origen de tensiones cada vez mayores entre pa\u00edses y entre regiones.<\/p>\n","protected":false},"featured_media":16822,"comment_status":"open","ping_status":"closed","template":"","meta":{"_et_pb_use_builder":"","_et_pb_old_content":"","_et_gb_content_width":""},"product_cat":[2606,1512,6673],"product_tag":[2605],"edicion":[1084],"editoriales":[1160],"tienda":[],"autor_id":[6236],"universidades_coeditoras":[],"palabras_clave":[],"listado_alfabetico":[],"acf":[],"_links":{"self":[{"href":"https:\/\/wizardly-davinci.82-223-8-23.plesk.page\/en\/wp-json\/wp\/v2\/product\/16821"}],"collection":[{"href":"https:\/\/wizardly-davinci.82-223-8-23.plesk.page\/en\/wp-json\/wp\/v2\/product"}],"about":[{"href":"https:\/\/wizardly-davinci.82-223-8-23.plesk.page\/en\/wp-json\/wp\/v2\/types\/product"}],"replies":[{"embeddable":true,"href":"https:\/\/wizardly-davinci.82-223-8-23.plesk.page\/en\/wp-json\/wp\/v2\/comments?post=16821"}],"wp:featuredmedia":[{"embeddable":true,"href":"https:\/\/wizardly-davinci.82-223-8-23.plesk.page\/en\/wp-json\/wp\/v2\/media\/16822"}],"wp:attachment":[{"href":"https:\/\/wizardly-davinci.82-223-8-23.plesk.page\/en\/wp-json\/wp\/v2\/media?parent=16821"}],"wp:term":[{"taxonomy":"product_cat","embeddable":true,"href":"https:\/\/wizardly-davinci.82-223-8-23.plesk.page\/en\/wp-json\/wp\/v2\/product_cat?post=16821"},{"taxonomy":"product_tag","embeddable":true,"href":"https:\/\/wizardly-davinci.82-223-8-23.plesk.page\/en\/wp-json\/wp\/v2\/product_tag?post=16821"},{"taxonomy":"edicion","embeddable":true,"href":"https:\/\/wizardly-davinci.82-223-8-23.plesk.page\/en\/wp-json\/wp\/v2\/edicion?post=16821"},{"taxonomy":"editoriales","embeddable":true,"href":"https:\/\/wizardly-davinci.82-223-8-23.plesk.page\/en\/wp-json\/wp\/v2\/editoriales?post=16821"},{"taxonomy":"tienda","embeddable":true,"href":"https:\/\/wizardly-davinci.82-223-8-23.plesk.page\/en\/wp-json\/wp\/v2\/tienda?post=16821"},{"taxonomy":"autor_id","embeddable":true,"href":"https:\/\/wizardly-davinci.82-223-8-23.plesk.page\/en\/wp-json\/wp\/v2\/autor_id?post=16821"},{"taxonomy":"universidades_coeditoras","embeddable":true,"href":"https:\/\/wizardly-davinci.82-223-8-23.plesk.page\/en\/wp-json\/wp\/v2\/universidades_coeditoras?post=16821"},{"taxonomy":"palabras_clave","embeddable":true,"href":"https:\/\/wizardly-davinci.82-223-8-23.plesk.page\/en\/wp-json\/wp\/v2\/palabras_clave?post=16821"},{"taxonomy":"listado_alfabetico","embeddable":true,"href":"https:\/\/wizardly-davinci.82-223-8-23.plesk.page\/en\/wp-json\/wp\/v2\/listado_alfabetico?post=16821"}],"curies":[{"name":"wp","href":"https:\/\/api.w.org\/{rel}","templated":true}]}}