{"id":16829,"date":"2019-04-09T22:17:24","date_gmt":"2019-04-09T22:17:24","guid":{"rendered":"https:\/\/octaedro.com\/producto\/agonia-de-las-ordenes-y-congregaciones-religiosas\/"},"modified":"2023-04-20T10:50:04","modified_gmt":"2023-04-20T08:50:04","slug":"agonia-de-las-ordenes-y-congregaciones-religiosas","status":"publish","type":"product","link":"https:\/\/wizardly-davinci.82-223-8-23.plesk.page\/en\/producto\/agonia-de-las-ordenes-y-congregaciones-religiosas\/","title":{"rendered":"Agon\u00eda de las \u00f3rdenes y congregaciones religiosas"},"content":{"rendered":"<p>He aqu\u00ed un texto, osado y at\u00edpico, que despoja el estado religioso de sus ornamentos sagrados y sobrenaturales y lo analiza con el rigor de los n\u00fameros y como un fen\u00f3meno sociol\u00f3gico, ya que se ajusta a todas sus leyes. Las \u00f3rdenes y congregaciones religiosas no son propiamente multinacionales del esp\u00edritu. Sin embargo, la profunda crisis que acumulan desde los tiempos del Concilio Vaticano II aconseja que sean tratadas como empresas humanas gravemente amenazadas. Si no quieren verse reducidas a una reliquia religiosa, cultural y social o a una extra\u00f1a reserva antropol\u00f3gica, conviene que se abran a un verdadero per\u00edodo constituyente. Solo planteamientos estrat\u00e9gicos innovadores que vayan mucho m\u00e1s all\u00e1 de ajustes de emergencia pueden acudir a su rescate. A estas alturas ya nadie cree que pueda ser fruto de un milagro.<\/p>\n<p>El autor reflexiona sobre la dram\u00e1tica p\u00e9rdida de efectivos humanos de las familias religiosas, clericales y laicales, masculinas y femeninas. Dejando de lado los condicionantes doctrinales sobrenaturales, se detiene en las causas que explican la avalancha de abandonos, el envejecimiento de sus comunidades y la falta de candidatos dispuestos a tomar el relevo que, despu\u00e9s de medio siglo de profunda crisis institucional, se encuentran, como la misma Iglesia, en una encrucijada decisiva. Su historia y muy especialmente sus valores, en una sociedad que los necesita, merecen mucho m\u00e1s que la resignaci\u00f3n o los voluntarismos autocomplacientes y nost\u00e1lgicos, tan abundantes en la literatura oficial sobre la vida consagrada. Despu\u00e9s de buscar varios testimonios de religiosos y religiosas, el autor asume las veces de \u00abconsultor externo\u00bb al que se le hubiera encargado el dise\u00f1o de planes estrat\u00e9gicos para que la Vida religiosa tenga futuro.<\/p>\n","protected":false},"excerpt":{"rendered":"<p>He aqu\u00ed un texto, osado y at\u00edpico, que despoja el estado religioso de sus ornamentos sagrados y sobrenaturales y lo analiza con el rigor de los n\u00fameros y como un fen\u00f3meno sociol\u00f3gico, ya que se ajusta a todas sus leyes. Las \u00f3rdenes y congregaciones religiosas no son propiamente multinacionales del esp\u00edritu. Sin embargo, la profunda crisis que acumulan desde los tiempos del Concilio Vaticano II aconseja que sean tratadas como empresas humanas gravemente amenazadas. Si no quieren verse reducidas a una reliquia religiosa, cultural y social o a una extra\u00f1a reserva antropol\u00f3gica, conviene que se abran a un verdadero per\u00edodo constituyente. Solo planteamientos estrat\u00e9gicos innovadores que vayan mucho m\u00e1s all\u00e1 de ajustes de emergencia pueden acudir a su rescate. A estas alturas ya nadie cree que pueda ser fruto de un milagro.<\/p>\n<p>El autor reflexiona sobre la dram\u00e1tica p\u00e9rdida de efectivos humanos de las familias religiosas, clericales y laicales, masculinas y femeninas. Dejando de lado los condicionantes doctrinales sobrenaturales, se detiene en las causas que explican la avalancha de abandonos, el envejecimiento de sus comunidades y la falta de candidatos dispuestos a tomar el relevo que, despu\u00e9s de medio siglo de profunda crisis institucional, se encuentran, como la misma Iglesia, en una encrucijada decisiva. Su historia y muy especialmente sus valores, en una sociedad que los necesita, merecen mucho m\u00e1s que la resignaci\u00f3n o los voluntarismos autocomplacientes y nost\u00e1lgicos, tan abundantes en la literatura oficial sobre la vida consagrada. Despu\u00e9s de buscar varios testimonios de religiosos y religiosas, el autor asume las veces de \u00abconsultor externo\u00bb al que se le hubiera encargado el dise\u00f1o de planes estrat\u00e9gicos para que la Vida religiosa tenga futuro.<\/p>\n","protected":false},"featured_media":16830,"comment_status":"open","ping_status":"closed","template":"","meta":{"_et_pb_use_builder":"","_et_pb_old_content":"","_et_gb_content_width":""},"product_cat":[2606,1512,6674,6675],"product_tag":[2608],"edicion":[1085,1083],"editoriales":[1160],"tienda":[],"autor_id":[6258],"universidades_coeditoras":[],"palabras_clave":[],"listado_alfabetico":[],"acf":[],"_links":{"self":[{"href":"https:\/\/wizardly-davinci.82-223-8-23.plesk.page\/en\/wp-json\/wp\/v2\/product\/16829"}],"collection":[{"href":"https:\/\/wizardly-davinci.82-223-8-23.plesk.page\/en\/wp-json\/wp\/v2\/product"}],"about":[{"href":"https:\/\/wizardly-davinci.82-223-8-23.plesk.page\/en\/wp-json\/wp\/v2\/types\/product"}],"replies":[{"embeddable":true,"href":"https:\/\/wizardly-davinci.82-223-8-23.plesk.page\/en\/wp-json\/wp\/v2\/comments?post=16829"}],"wp:featuredmedia":[{"embeddable":true,"href":"https:\/\/wizardly-davinci.82-223-8-23.plesk.page\/en\/wp-json\/wp\/v2\/media\/16830"}],"wp:attachment":[{"href":"https:\/\/wizardly-davinci.82-223-8-23.plesk.page\/en\/wp-json\/wp\/v2\/media?parent=16829"}],"wp:term":[{"taxonomy":"product_cat","embeddable":true,"href":"https:\/\/wizardly-davinci.82-223-8-23.plesk.page\/en\/wp-json\/wp\/v2\/product_cat?post=16829"},{"taxonomy":"product_tag","embeddable":true,"href":"https:\/\/wizardly-davinci.82-223-8-23.plesk.page\/en\/wp-json\/wp\/v2\/product_tag?post=16829"},{"taxonomy":"edicion","embeddable":true,"href":"https:\/\/wizardly-davinci.82-223-8-23.plesk.page\/en\/wp-json\/wp\/v2\/edicion?post=16829"},{"taxonomy":"editoriales","embeddable":true,"href":"https:\/\/wizardly-davinci.82-223-8-23.plesk.page\/en\/wp-json\/wp\/v2\/editoriales?post=16829"},{"taxonomy":"tienda","embeddable":true,"href":"https:\/\/wizardly-davinci.82-223-8-23.plesk.page\/en\/wp-json\/wp\/v2\/tienda?post=16829"},{"taxonomy":"autor_id","embeddable":true,"href":"https:\/\/wizardly-davinci.82-223-8-23.plesk.page\/en\/wp-json\/wp\/v2\/autor_id?post=16829"},{"taxonomy":"universidades_coeditoras","embeddable":true,"href":"https:\/\/wizardly-davinci.82-223-8-23.plesk.page\/en\/wp-json\/wp\/v2\/universidades_coeditoras?post=16829"},{"taxonomy":"palabras_clave","embeddable":true,"href":"https:\/\/wizardly-davinci.82-223-8-23.plesk.page\/en\/wp-json\/wp\/v2\/palabras_clave?post=16829"},{"taxonomy":"listado_alfabetico","embeddable":true,"href":"https:\/\/wizardly-davinci.82-223-8-23.plesk.page\/en\/wp-json\/wp\/v2\/listado_alfabetico?post=16829"}],"curies":[{"name":"wp","href":"https:\/\/api.w.org\/{rel}","templated":true}]}}