{"id":16831,"date":"2019-04-09T22:17:24","date_gmt":"2019-04-09T22:17:24","guid":{"rendered":"https:\/\/octaedro.com\/producto\/construyendo-escuela\/"},"modified":"2023-04-20T10:50:11","modified_gmt":"2023-04-20T08:50:11","slug":"construyendo-escuela","status":"publish","type":"product","link":"https:\/\/wizardly-davinci.82-223-8-23.plesk.page\/en\/producto\/construyendo-escuela\/","title":{"rendered":"Construyendo escuela"},"content":{"rendered":"<p>Las t\u00e9cnicas pedag\u00f3gicas de C\u00e9lestin Freinet penetraron en Espa\u00f1a y se extendieron r\u00e1pidamente a finales de los a\u00f1os veinte del pasado siglo y durante la Segunda Rep\u00fablica Espa\u00f1ola. La guerra civil y posterior triunfo del bando fascista llev\u00f3 a la muerte o al exilio a muchos de los seguidores del maestro y pedagogo franc\u00e9s, introductor de la imprenta en la escuela.<\/p>\n<p>A finales de los a\u00f1os sesenta, la pedagog\u00eda Freinet vuelve con fuerza a nuestras escuelas de la mano de muchos educadores, la mayor\u00eda j\u00f3venes, deseosos de poner en marcha una escuela de calidad, democr\u00e1tica y con un sentido profundamente social.<\/p>\n<p>Esta preocupaci\u00f3n por mejorar la escuela les lleva a crear el Movimiento Cooperativo de Escuela Popular (MCEP), un colectivo pedag\u00f3gico que fue implant\u00e1ndose en todas las autonom\u00edas y que actualmente sigue trabajando por mejorar la educaci\u00f3n en Espa\u00f1a. Porque aquella lucha contin\u00faa. Esperamos que alg\u00fan d\u00eda la sociedad y nuestros pol\u00edticos consideren la educaci\u00f3n como una cuesti\u00f3n de Estado y el sistema educativo se convierta, definitivamente, en una herramienta que haga florecer los talentos e inteligencias que los ni\u00f1os y las ni\u00f1as poseen.<\/p>\n<p>En el 50\u00ba aniversario de la muerte de C\u00e9lestin Freinet ofrecemos el testimonio de 55 educadores y educadoras, en representaci\u00f3n de un colectivo que concibe la educaci\u00f3n como un compromiso.<\/p>\n<p><strong><em>Esta obra ha recibido una ayuda a la edici\u00f3n del Ministerio de Educaci\u00f3n, Cultura y Deporte.<\/em><\/strong><\/p>\n","protected":false},"excerpt":{"rendered":"<p>Las t\u00e9cnicas pedag\u00f3gicas de C\u00e9lestin Freinet penetraron en Espa\u00f1a y se extendieron r\u00e1pidamente a finales de los a\u00f1os veinte del pasado siglo y durante la Segunda Rep\u00fablica Espa\u00f1ola. La guerra civil y posterior triunfo del bando fascista llev\u00f3 a la muerte o al exilio a muchos de los seguidores del maestro y pedagogo franc\u00e9s, introductor de la imprenta en la escuela.<\/p>\n<p>A finales de los a\u00f1os sesenta, la pedagog\u00eda Freinet vuelve con fuerza a nuestras escuelas de la mano de muchos educadores, la mayor\u00eda j\u00f3venes, deseosos de poner en marcha una escuela de calidad, democr\u00e1tica y con un sentido profundamente social.<\/p>\n<p>Esta preocupaci\u00f3n por mejorar la escuela les lleva a crear el Movimiento Cooperativo de Escuela Popular (MCEP), un colectivo pedag\u00f3gico que fue implant\u00e1ndose en todas las autonom\u00edas y que actualmente sigue trabajando por mejorar la educaci\u00f3n en Espa\u00f1a. Porque aquella lucha contin\u00faa. Esperamos que alg\u00fan d\u00eda la sociedad y nuestros pol\u00edticos consideren la educaci\u00f3n como una cuesti\u00f3n de Estado y el sistema educativo se convierta, definitivamente, en una herramienta que haga florecer los talentos e inteligencias que los ni\u00f1os y las ni\u00f1as poseen.<\/p>\n<p>En el 50\u00ba aniversario de la muerte de C\u00e9lestin Freinet ofrecemos el testimonio de 55 educadores y educadoras, en representaci\u00f3n de un colectivo que concibe la educaci\u00f3n como un compromiso.<\/p>\n<p><strong><em>Esta obra ha recibido una ayuda a la edici\u00f3n del Ministerio de Educaci\u00f3n, Cultura y Deporte.<\/em><\/strong><\/p>\n","protected":false},"featured_media":16832,"comment_status":"open","ping_status":"closed","template":"","meta":{"_et_pb_use_builder":"","_et_pb_old_content":"","_et_gb_content_width":""},"product_cat":[2606,1512,6674,6675],"product_tag":[2608],"edicion":[1085,1083],"editoriales":[1160],"tienda":[],"autor_id":[5576],"universidades_coeditoras":[],"palabras_clave":[],"listado_alfabetico":[],"acf":[],"_links":{"self":[{"href":"https:\/\/wizardly-davinci.82-223-8-23.plesk.page\/en\/wp-json\/wp\/v2\/product\/16831"}],"collection":[{"href":"https:\/\/wizardly-davinci.82-223-8-23.plesk.page\/en\/wp-json\/wp\/v2\/product"}],"about":[{"href":"https:\/\/wizardly-davinci.82-223-8-23.plesk.page\/en\/wp-json\/wp\/v2\/types\/product"}],"replies":[{"embeddable":true,"href":"https:\/\/wizardly-davinci.82-223-8-23.plesk.page\/en\/wp-json\/wp\/v2\/comments?post=16831"}],"wp:featuredmedia":[{"embeddable":true,"href":"https:\/\/wizardly-davinci.82-223-8-23.plesk.page\/en\/wp-json\/wp\/v2\/media\/16832"}],"wp:attachment":[{"href":"https:\/\/wizardly-davinci.82-223-8-23.plesk.page\/en\/wp-json\/wp\/v2\/media?parent=16831"}],"wp:term":[{"taxonomy":"product_cat","embeddable":true,"href":"https:\/\/wizardly-davinci.82-223-8-23.plesk.page\/en\/wp-json\/wp\/v2\/product_cat?post=16831"},{"taxonomy":"product_tag","embeddable":true,"href":"https:\/\/wizardly-davinci.82-223-8-23.plesk.page\/en\/wp-json\/wp\/v2\/product_tag?post=16831"},{"taxonomy":"edicion","embeddable":true,"href":"https:\/\/wizardly-davinci.82-223-8-23.plesk.page\/en\/wp-json\/wp\/v2\/edicion?post=16831"},{"taxonomy":"editoriales","embeddable":true,"href":"https:\/\/wizardly-davinci.82-223-8-23.plesk.page\/en\/wp-json\/wp\/v2\/editoriales?post=16831"},{"taxonomy":"tienda","embeddable":true,"href":"https:\/\/wizardly-davinci.82-223-8-23.plesk.page\/en\/wp-json\/wp\/v2\/tienda?post=16831"},{"taxonomy":"autor_id","embeddable":true,"href":"https:\/\/wizardly-davinci.82-223-8-23.plesk.page\/en\/wp-json\/wp\/v2\/autor_id?post=16831"},{"taxonomy":"universidades_coeditoras","embeddable":true,"href":"https:\/\/wizardly-davinci.82-223-8-23.plesk.page\/en\/wp-json\/wp\/v2\/universidades_coeditoras?post=16831"},{"taxonomy":"palabras_clave","embeddable":true,"href":"https:\/\/wizardly-davinci.82-223-8-23.plesk.page\/en\/wp-json\/wp\/v2\/palabras_clave?post=16831"},{"taxonomy":"listado_alfabetico","embeddable":true,"href":"https:\/\/wizardly-davinci.82-223-8-23.plesk.page\/en\/wp-json\/wp\/v2\/listado_alfabetico?post=16831"}],"curies":[{"name":"wp","href":"https:\/\/api.w.org\/{rel}","templated":true}]}}