{"id":16833,"date":"2019-04-09T22:17:25","date_gmt":"2019-04-09T22:17:25","guid":{"rendered":"https:\/\/octaedro.com\/producto\/del-estigma-al-lazo-rojo\/"},"modified":"2023-04-20T10:50:18","modified_gmt":"2023-04-20T08:50:18","slug":"del-estigma-al-lazo-rojo","status":"publish","type":"product","link":"https:\/\/wizardly-davinci.82-223-8-23.plesk.page\/en\/producto\/del-estigma-al-lazo-rojo\/","title":{"rendered":"Del estigma al lazo rojo"},"content":{"rendered":"<p>Desde hace m\u00e1s de tres d\u00e9cadas, las personas con VIH\/SIDA sufren el estigma social que se debe, en gran medida, al imaginario colectivo y la significaci\u00f3n cultural que se produce desde el inicio de la pandemia. El objetivo principal que se propone la autora de la presente obra es analizar c\u00f3mo se han ido construyendo esas representaciones colectivas desde sus or\u00edgenes y c\u00f3mo han evolucionado en estos treinta y seis a\u00f1os de historia de la pandemia.<\/p>\n<p>Se presentan aqu\u00ed im\u00e1genes, art\u00edculos cient\u00edficos, noticias period\u00edsticas y rese\u00f1as de documentos videogr\u00e1ficos en los que se ve reflejada la visi\u00f3n colectiva sobre el VIH\/SIDA desde las primeras apariciones en los medios de comunicaci\u00f3n hasta la actualidad, con el prop\u00f3sito de entender por qu\u00e9 la pandemia ha estado vinculada a determinados colectivos sociales y c\u00f3mo, desde los centros educativos, es posible prevenir nuevos contagios por VIH animando a las personas j\u00f3venes a cuidar y gestionar su salud.<\/p>\n","protected":false},"excerpt":{"rendered":"<p>Desde hace m\u00e1s de tres d\u00e9cadas, las personas con VIH\/SIDA sufren el estigma social que se debe, en gran medida, al imaginario colectivo y la significaci\u00f3n cultural que se produce desde el inicio de la pandemia. El objetivo principal que se propone la autora de la presente obra es analizar c\u00f3mo se han ido construyendo esas representaciones colectivas desde sus or\u00edgenes y c\u00f3mo han evolucionado en estos treinta y seis a\u00f1os de historia de la pandemia.<\/p>\n<p>Se presentan aqu\u00ed im\u00e1genes, art\u00edculos cient\u00edficos, noticias period\u00edsticas y rese\u00f1as de documentos videogr\u00e1ficos en los que se ve reflejada la visi\u00f3n colectiva sobre el VIH\/SIDA desde las primeras apariciones en los medios de comunicaci\u00f3n hasta la actualidad, con el prop\u00f3sito de entender por qu\u00e9 la pandemia ha estado vinculada a determinados colectivos sociales y c\u00f3mo, desde los centros educativos, es posible prevenir nuevos contagios por VIH animando a las personas j\u00f3venes a cuidar y gestionar su salud.<\/p>\n","protected":false},"featured_media":16834,"comment_status":"open","ping_status":"closed","template":"","meta":{"_et_pb_use_builder":"","_et_pb_old_content":"","_et_gb_content_width":""},"product_cat":[2606,1512,6674,6675],"product_tag":[2608],"edicion":[1085,1083],"editoriales":[1160],"tienda":[],"autor_id":[],"universidades_coeditoras":[],"palabras_clave":[],"listado_alfabetico":[],"acf":[],"_links":{"self":[{"href":"https:\/\/wizardly-davinci.82-223-8-23.plesk.page\/en\/wp-json\/wp\/v2\/product\/16833"}],"collection":[{"href":"https:\/\/wizardly-davinci.82-223-8-23.plesk.page\/en\/wp-json\/wp\/v2\/product"}],"about":[{"href":"https:\/\/wizardly-davinci.82-223-8-23.plesk.page\/en\/wp-json\/wp\/v2\/types\/product"}],"replies":[{"embeddable":true,"href":"https:\/\/wizardly-davinci.82-223-8-23.plesk.page\/en\/wp-json\/wp\/v2\/comments?post=16833"}],"wp:featuredmedia":[{"embeddable":true,"href":"https:\/\/wizardly-davinci.82-223-8-23.plesk.page\/en\/wp-json\/wp\/v2\/media\/16834"}],"wp:attachment":[{"href":"https:\/\/wizardly-davinci.82-223-8-23.plesk.page\/en\/wp-json\/wp\/v2\/media?parent=16833"}],"wp:term":[{"taxonomy":"product_cat","embeddable":true,"href":"https:\/\/wizardly-davinci.82-223-8-23.plesk.page\/en\/wp-json\/wp\/v2\/product_cat?post=16833"},{"taxonomy":"product_tag","embeddable":true,"href":"https:\/\/wizardly-davinci.82-223-8-23.plesk.page\/en\/wp-json\/wp\/v2\/product_tag?post=16833"},{"taxonomy":"edicion","embeddable":true,"href":"https:\/\/wizardly-davinci.82-223-8-23.plesk.page\/en\/wp-json\/wp\/v2\/edicion?post=16833"},{"taxonomy":"editoriales","embeddable":true,"href":"https:\/\/wizardly-davinci.82-223-8-23.plesk.page\/en\/wp-json\/wp\/v2\/editoriales?post=16833"},{"taxonomy":"tienda","embeddable":true,"href":"https:\/\/wizardly-davinci.82-223-8-23.plesk.page\/en\/wp-json\/wp\/v2\/tienda?post=16833"},{"taxonomy":"autor_id","embeddable":true,"href":"https:\/\/wizardly-davinci.82-223-8-23.plesk.page\/en\/wp-json\/wp\/v2\/autor_id?post=16833"},{"taxonomy":"universidades_coeditoras","embeddable":true,"href":"https:\/\/wizardly-davinci.82-223-8-23.plesk.page\/en\/wp-json\/wp\/v2\/universidades_coeditoras?post=16833"},{"taxonomy":"palabras_clave","embeddable":true,"href":"https:\/\/wizardly-davinci.82-223-8-23.plesk.page\/en\/wp-json\/wp\/v2\/palabras_clave?post=16833"},{"taxonomy":"listado_alfabetico","embeddable":true,"href":"https:\/\/wizardly-davinci.82-223-8-23.plesk.page\/en\/wp-json\/wp\/v2\/listado_alfabetico?post=16833"}],"curies":[{"name":"wp","href":"https:\/\/api.w.org\/{rel}","templated":true}]}}