{"id":16835,"date":"2019-04-09T22:17:25","date_gmt":"2019-04-09T22:17:25","guid":{"rendered":"https:\/\/octaedro.com\/producto\/ilustrando-identidades\/"},"modified":"2023-04-20T10:50:25","modified_gmt":"2023-04-20T08:50:25","slug":"ilustrando-identidades","status":"publish","type":"product","link":"https:\/\/wizardly-davinci.82-223-8-23.plesk.page\/en\/producto\/ilustrando-identidades\/","title":{"rendered":"Ilustrando identidades"},"content":{"rendered":"<p>La pr\u00e1ctica art\u00edstica encierra a\u00fan la capacidad de fomentar espacios maravillosos cargados de misterio y magia, sensibilidad y poes\u00eda, donde el ni\u00f1o puede crecer, conocer y reconocerse. Arte y literatura, y su prodigioso cruce en el mundo de la ilustraci\u00f3n, suponen un viaje prodigioso que tambi\u00e9n ha pretendido ser explorado en esta publicaci\u00f3n, analizando el sentido de las creaciones, entendiendo el libro ilustrado como objeto de arte y analizando el papel de la infancia como inspiraci\u00f3n en las artes pl\u00e1sticas.<\/p>\n<p>En este marco sugerente siempre es oportuno plantear un recorrido formado por las reflexiones interdisciplinares de quienes trabajan plante\u00e1ndose lo sugerido en estas palabras introductorias. Claves aproximativas para entender los procesos de generaci\u00f3n de las entidades colectivas o individuales, en el contexto de tramas complejas cuya naturaleza recoge l\u00facidamente el t\u00e9rmino alem\u00e1n zeitgeist, describiendo el esp\u00edritu intelectual y cultural de nuestra \u00e9poca.<\/p>\n<p>Esta es la intenci\u00f3n de este libro, que trata de contemplar al ni\u00f1o como el protagonista absoluto de su futuro, pero tambi\u00e9n de su presente, de este aqu\u00ed y ahora que nos demanda a todos creativos, vivos y humanos. A ser posible, l\u00facidos. Inexcusablemente responsables.<\/p>\n","protected":false},"excerpt":{"rendered":"<p>La pr\u00e1ctica art\u00edstica encierra a\u00fan la capacidad de fomentar espacios maravillosos cargados de misterio y magia, sensibilidad y poes\u00eda, donde el ni\u00f1o puede crecer, conocer y reconocerse. Arte y literatura, y su prodigioso cruce en el mundo de la ilustraci\u00f3n, suponen un viaje prodigioso que tambi\u00e9n ha pretendido ser explorado en esta publicaci\u00f3n, analizando el sentido de las creaciones, entendiendo el libro ilustrado como objeto de arte y analizando el papel de la infancia como inspiraci\u00f3n en las artes pl\u00e1sticas.<\/p>\n<p>En este marco sugerente siempre es oportuno plantear un recorrido formado por las reflexiones interdisciplinares de quienes trabajan plante\u00e1ndose lo sugerido en estas palabras introductorias. Claves aproximativas para entender los procesos de generaci\u00f3n de las entidades colectivas o individuales, en el contexto de tramas complejas cuya naturaleza recoge l\u00facidamente el t\u00e9rmino alem\u00e1n zeitgeist, describiendo el esp\u00edritu intelectual y cultural de nuestra \u00e9poca.<\/p>\n<p>Esta es la intenci\u00f3n de este libro, que trata de contemplar al ni\u00f1o como el protagonista absoluto de su futuro, pero tambi\u00e9n de su presente, de este aqu\u00ed y ahora que nos demanda a todos creativos, vivos y humanos. A ser posible, l\u00facidos. Inexcusablemente responsables.<\/p>\n","protected":false},"featured_media":16836,"comment_status":"open","ping_status":"closed","template":"","meta":{"_et_pb_use_builder":"","_et_pb_old_content":"","_et_gb_content_width":""},"product_cat":[1512,6675],"product_tag":[2602],"edicion":[1083],"editoriales":[1160],"tienda":[],"autor_id":[5602],"universidades_coeditoras":[7243],"palabras_clave":[],"listado_alfabetico":[],"acf":[],"_links":{"self":[{"href":"https:\/\/wizardly-davinci.82-223-8-23.plesk.page\/en\/wp-json\/wp\/v2\/product\/16835"}],"collection":[{"href":"https:\/\/wizardly-davinci.82-223-8-23.plesk.page\/en\/wp-json\/wp\/v2\/product"}],"about":[{"href":"https:\/\/wizardly-davinci.82-223-8-23.plesk.page\/en\/wp-json\/wp\/v2\/types\/product"}],"replies":[{"embeddable":true,"href":"https:\/\/wizardly-davinci.82-223-8-23.plesk.page\/en\/wp-json\/wp\/v2\/comments?post=16835"}],"wp:featuredmedia":[{"embeddable":true,"href":"https:\/\/wizardly-davinci.82-223-8-23.plesk.page\/en\/wp-json\/wp\/v2\/media\/16836"}],"wp:attachment":[{"href":"https:\/\/wizardly-davinci.82-223-8-23.plesk.page\/en\/wp-json\/wp\/v2\/media?parent=16835"}],"wp:term":[{"taxonomy":"product_cat","embeddable":true,"href":"https:\/\/wizardly-davinci.82-223-8-23.plesk.page\/en\/wp-json\/wp\/v2\/product_cat?post=16835"},{"taxonomy":"product_tag","embeddable":true,"href":"https:\/\/wizardly-davinci.82-223-8-23.plesk.page\/en\/wp-json\/wp\/v2\/product_tag?post=16835"},{"taxonomy":"edicion","embeddable":true,"href":"https:\/\/wizardly-davinci.82-223-8-23.plesk.page\/en\/wp-json\/wp\/v2\/edicion?post=16835"},{"taxonomy":"editoriales","embeddable":true,"href":"https:\/\/wizardly-davinci.82-223-8-23.plesk.page\/en\/wp-json\/wp\/v2\/editoriales?post=16835"},{"taxonomy":"tienda","embeddable":true,"href":"https:\/\/wizardly-davinci.82-223-8-23.plesk.page\/en\/wp-json\/wp\/v2\/tienda?post=16835"},{"taxonomy":"autor_id","embeddable":true,"href":"https:\/\/wizardly-davinci.82-223-8-23.plesk.page\/en\/wp-json\/wp\/v2\/autor_id?post=16835"},{"taxonomy":"universidades_coeditoras","embeddable":true,"href":"https:\/\/wizardly-davinci.82-223-8-23.plesk.page\/en\/wp-json\/wp\/v2\/universidades_coeditoras?post=16835"},{"taxonomy":"palabras_clave","embeddable":true,"href":"https:\/\/wizardly-davinci.82-223-8-23.plesk.page\/en\/wp-json\/wp\/v2\/palabras_clave?post=16835"},{"taxonomy":"listado_alfabetico","embeddable":true,"href":"https:\/\/wizardly-davinci.82-223-8-23.plesk.page\/en\/wp-json\/wp\/v2\/listado_alfabetico?post=16835"}],"curies":[{"name":"wp","href":"https:\/\/api.w.org\/{rel}","templated":true}]}}