{"id":16837,"date":"2019-04-09T22:17:26","date_gmt":"2019-04-09T22:17:26","guid":{"rendered":"https:\/\/octaedro.com\/producto\/miradas-y-voces-de-futuros-maestros\/"},"modified":"2023-04-20T10:50:31","modified_gmt":"2023-04-20T08:50:31","slug":"miradas-y-voces-de-futuros-maestros","status":"publish","type":"product","link":"https:\/\/wizardly-davinci.82-223-8-23.plesk.page\/en\/producto\/miradas-y-voces-de-futuros-maestros\/","title":{"rendered":"Miradas y voces de futuros maestros"},"content":{"rendered":"<p>Compartir las voces y sus miradas de los futuros maestros, tal vez, no sea del todo novedoso. Nosotros, profesorado universitario, lo hacemos a diario, pero en esta ocasi\u00f3n, ellos nos dan una lecci\u00f3n magistral. Escucharles y atenderles supone seguir aprendiendo, y mostrar sus narrativas, tal como lo sintieron, de algunos acontecimientos, hechos o anhelos abre caminos donde se atisban posibilidades para su desarrollo personal y profesional. Su generosidad narrativa nos ayuda a conocerles y, sobre todo, a valorarles.<\/p>\n<p>Mirar y escuchar. Por ello les invitamos a que observen y atiendan. D\u00e9jense que les presenten o seduzcan con clases repletas de buenas intenciones (para otros, ingenuidad). Sus voces est\u00e1n autorizadas para compartir su patrimonio. Dej\u00e9monos embaucar por sus propias narrativas entre la vida y el deseo de empezar a contribuir a su sue\u00f1o: ser maestros del siglo XXI.<\/p>\n<p>Descubra miradas y p\u00f3ngale voces a narrativas desde la generosidad del que comparte parte de su privacidad&#8230;<\/p>\n<p>Pensado para el p\u00fablico en general, el libro posee una estructura en cap\u00edtulos que se pueden leer seguido o aleatoriamente. Todos los cap\u00edtulos tienen su singularidad y conforman parte de una trilog\u00eda de voces y miradas sobre maestros del ayer (publicado en esta misma editorial y con la particular visi\u00f3n de los jubilados), del ma\u00f1ana (que es el presente texto, el cual se expresa a trav\u00e9s de los egresados de la Facultad de Educaci\u00f3n) y, faltar\u00eda, la \u00faltima entrega sobre el presente (en relaci\u00f3n con los maestros en activo&#8230;).<\/p>\n<p>Un proyecto de innovaci\u00f3n y mejora docente avalado por Universidad de C\u00e1diz.<\/p>\n","protected":false},"excerpt":{"rendered":"<p>Compartir las voces y sus miradas de los futuros maestros, tal vez, no sea del todo novedoso. Nosotros, profesorado universitario, lo hacemos a diario, pero en esta ocasi\u00f3n, ellos nos dan una lecci\u00f3n magistral. Escucharles y atenderles supone seguir aprendiendo, y mostrar sus narrativas, tal como lo sintieron, de algunos acontecimientos, hechos o anhelos abre caminos donde se atisban posibilidades para su desarrollo personal y profesional. Su generosidad narrativa nos ayuda a conocerles y, sobre todo, a valorarles.<\/p>\n<p>Mirar y escuchar. Por ello les invitamos a que observen y atiendan. D\u00e9jense que les presenten o seduzcan con clases repletas de buenas intenciones (para otros, ingenuidad). Sus voces est\u00e1n autorizadas para compartir su patrimonio. Dej\u00e9monos embaucar por sus propias narrativas entre la vida y el deseo de empezar a contribuir a su sue\u00f1o: ser maestros del siglo XXI.<\/p>\n<p>Descubra miradas y p\u00f3ngale voces a narrativas desde la generosidad del que comparte parte de su privacidad&#8230;<\/p>\n<p>Pensado para el p\u00fablico en general, el libro posee una estructura en cap\u00edtulos que se pueden leer seguido o aleatoriamente. Todos los cap\u00edtulos tienen su singularidad y conforman parte de una trilog\u00eda de voces y miradas sobre maestros del ayer (publicado en esta misma editorial y con la particular visi\u00f3n de los jubilados), del ma\u00f1ana (que es el presente texto, el cual se expresa a trav\u00e9s de los egresados de la Facultad de Educaci\u00f3n) y, faltar\u00eda, la \u00faltima entrega sobre el presente (en relaci\u00f3n con los maestros en activo&#8230;).<\/p>\n<p>Un proyecto de innovaci\u00f3n y mejora docente avalado por Universidad de C\u00e1diz.<\/p>\n","protected":false},"featured_media":16838,"comment_status":"open","ping_status":"closed","template":"","meta":{"_et_pb_use_builder":"","_et_pb_old_content":"","_et_gb_content_width":""},"product_cat":[2606,1512,6674,6675],"product_tag":[2608],"edicion":[1085,1083],"editoriales":[1156,1160],"tienda":[],"autor_id":[5032],"universidades_coeditoras":[],"palabras_clave":[],"listado_alfabetico":[],"acf":[],"_links":{"self":[{"href":"https:\/\/wizardly-davinci.82-223-8-23.plesk.page\/en\/wp-json\/wp\/v2\/product\/16837"}],"collection":[{"href":"https:\/\/wizardly-davinci.82-223-8-23.plesk.page\/en\/wp-json\/wp\/v2\/product"}],"about":[{"href":"https:\/\/wizardly-davinci.82-223-8-23.plesk.page\/en\/wp-json\/wp\/v2\/types\/product"}],"replies":[{"embeddable":true,"href":"https:\/\/wizardly-davinci.82-223-8-23.plesk.page\/en\/wp-json\/wp\/v2\/comments?post=16837"}],"wp:featuredmedia":[{"embeddable":true,"href":"https:\/\/wizardly-davinci.82-223-8-23.plesk.page\/en\/wp-json\/wp\/v2\/media\/16838"}],"wp:attachment":[{"href":"https:\/\/wizardly-davinci.82-223-8-23.plesk.page\/en\/wp-json\/wp\/v2\/media?parent=16837"}],"wp:term":[{"taxonomy":"product_cat","embeddable":true,"href":"https:\/\/wizardly-davinci.82-223-8-23.plesk.page\/en\/wp-json\/wp\/v2\/product_cat?post=16837"},{"taxonomy":"product_tag","embeddable":true,"href":"https:\/\/wizardly-davinci.82-223-8-23.plesk.page\/en\/wp-json\/wp\/v2\/product_tag?post=16837"},{"taxonomy":"edicion","embeddable":true,"href":"https:\/\/wizardly-davinci.82-223-8-23.plesk.page\/en\/wp-json\/wp\/v2\/edicion?post=16837"},{"taxonomy":"editoriales","embeddable":true,"href":"https:\/\/wizardly-davinci.82-223-8-23.plesk.page\/en\/wp-json\/wp\/v2\/editoriales?post=16837"},{"taxonomy":"tienda","embeddable":true,"href":"https:\/\/wizardly-davinci.82-223-8-23.plesk.page\/en\/wp-json\/wp\/v2\/tienda?post=16837"},{"taxonomy":"autor_id","embeddable":true,"href":"https:\/\/wizardly-davinci.82-223-8-23.plesk.page\/en\/wp-json\/wp\/v2\/autor_id?post=16837"},{"taxonomy":"universidades_coeditoras","embeddable":true,"href":"https:\/\/wizardly-davinci.82-223-8-23.plesk.page\/en\/wp-json\/wp\/v2\/universidades_coeditoras?post=16837"},{"taxonomy":"palabras_clave","embeddable":true,"href":"https:\/\/wizardly-davinci.82-223-8-23.plesk.page\/en\/wp-json\/wp\/v2\/palabras_clave?post=16837"},{"taxonomy":"listado_alfabetico","embeddable":true,"href":"https:\/\/wizardly-davinci.82-223-8-23.plesk.page\/en\/wp-json\/wp\/v2\/listado_alfabetico?post=16837"}],"curies":[{"name":"wp","href":"https:\/\/api.w.org\/{rel}","templated":true}]}}