{"id":16845,"date":"2019-04-09T22:17:27","date_gmt":"2019-04-09T22:17:27","guid":{"rendered":"https:\/\/octaedro.com\/producto\/poetica-corporal\/"},"modified":"2023-04-20T10:51:46","modified_gmt":"2023-04-20T08:51:46","slug":"poetica-corporal","status":"publish","type":"product","link":"https:\/\/wizardly-davinci.82-223-8-23.plesk.page\/en\/producto\/poetica-corporal\/","title":{"rendered":"Po\u00e9tica corporal"},"content":{"rendered":"<p style=\"text-align: right;\"><strong> \u00abUn amigo del cual no se sabe nada excepto que es.\u00bb<\/strong><br \/>\n<em>Carta a un reh\u00e9n<\/em>, Saint-Exup\u00e9ry<\/p>\n<p>Cualquier sesi\u00f3n de psicomotricidad debe partir de esta premisa. Estamos delante de unos ni\u00f1os de los que a veces conocemos detalles y a veces no, pero en cualquier caso ni\u00f1os que \u00abson\u00bb, y como tales debemos conseguir que sean curiosos, que descubran, pregunten, corran y, ante todo, que jueguen y disfruten en la sala de psicomotricidad. Esto he intentado durante a\u00f1os compartiendo muchas situaciones con ellos.<\/p>\n<p>Vivo en Terrassa (ciudad textil) y vengo de familia textil, as\u00ed, a modo de la urdimbre y la trama de un tejido, he intentado con este libro tejer un lienzo en el que teor\u00eda y pr\u00e1ctica se entrecruzan dando sentido una a la otra.<\/p>\n<p>Aporto observaciones, reflexiones e interrogantes con el \u00e1nimo de que sean \u00fatiles para cualquier persona que inicie el camino de la psicomotricidad y la educaci\u00f3n, o se encuentre ya en \u00e9l, y sienta curiosidad por conocer y compartir puntos de vista.<\/p>\n<p style=\"text-align: right;\"><em>N\u00faria Franch<\/em><\/p>\n","protected":false},"excerpt":{"rendered":"<p><strong> \u00abUn amigo del cual no se sabe nada excepto que es.\u00bb<\/strong><br \/>\n<em>Carta a un reh\u00e9n<\/em>, Saint-Exup\u00e9ry<\/p>\n<p>Cualquier sesi\u00f3n de psicomotricidad debe partir de esta premisa. Estamos delante de unos ni\u00f1os de los que a veces conocemos detalles y a veces no, pero en cualquier caso ni\u00f1os que \u00abson\u00bb, y como tales debemos conseguir que sean curiosos, que descubran, pregunten, corran y, ante todo, que jueguen y disfruten en la sala de psicomotricidad. Esto he intentado durante a\u00f1os compartiendo muchas situaciones con ellos.<\/p>\n<p>Vivo en Terrassa (ciudad textil) y vengo de familia textil, as\u00ed, a modo de la urdimbre y la trama de un tejido, he intentado con este libro tejer un lienzo en el que teor\u00eda y pr\u00e1ctica se entrecruzan dando sentido una a la otra.<\/p>\n<p>Aporto observaciones, reflexiones e interrogantes con el \u00e1nimo de que sean \u00fatiles para cualquier persona que inicie el camino de la psicomotricidad y la educaci\u00f3n, o se encuentre ya en \u00e9l, y sienta curiosidad por conocer y compartir puntos de vista.<\/p>\n<p><em>N\u00faria Franch<\/em><\/p>\n","protected":false},"featured_media":16846,"comment_status":"open","ping_status":"closed","template":"","meta":{"_et_pb_use_builder":"","_et_pb_old_content":"","_et_gb_content_width":""},"product_cat":[1512,6675,9825],"product_tag":[2602],"edicion":[1083],"editoriales":[1160],"tienda":[],"autor_id":[5506],"universidades_coeditoras":[],"palabras_clave":[],"listado_alfabetico":[],"acf":[],"_links":{"self":[{"href":"https:\/\/wizardly-davinci.82-223-8-23.plesk.page\/en\/wp-json\/wp\/v2\/product\/16845"}],"collection":[{"href":"https:\/\/wizardly-davinci.82-223-8-23.plesk.page\/en\/wp-json\/wp\/v2\/product"}],"about":[{"href":"https:\/\/wizardly-davinci.82-223-8-23.plesk.page\/en\/wp-json\/wp\/v2\/types\/product"}],"replies":[{"embeddable":true,"href":"https:\/\/wizardly-davinci.82-223-8-23.plesk.page\/en\/wp-json\/wp\/v2\/comments?post=16845"}],"wp:featuredmedia":[{"embeddable":true,"href":"https:\/\/wizardly-davinci.82-223-8-23.plesk.page\/en\/wp-json\/wp\/v2\/media\/16846"}],"wp:attachment":[{"href":"https:\/\/wizardly-davinci.82-223-8-23.plesk.page\/en\/wp-json\/wp\/v2\/media?parent=16845"}],"wp:term":[{"taxonomy":"product_cat","embeddable":true,"href":"https:\/\/wizardly-davinci.82-223-8-23.plesk.page\/en\/wp-json\/wp\/v2\/product_cat?post=16845"},{"taxonomy":"product_tag","embeddable":true,"href":"https:\/\/wizardly-davinci.82-223-8-23.plesk.page\/en\/wp-json\/wp\/v2\/product_tag?post=16845"},{"taxonomy":"edicion","embeddable":true,"href":"https:\/\/wizardly-davinci.82-223-8-23.plesk.page\/en\/wp-json\/wp\/v2\/edicion?post=16845"},{"taxonomy":"editoriales","embeddable":true,"href":"https:\/\/wizardly-davinci.82-223-8-23.plesk.page\/en\/wp-json\/wp\/v2\/editoriales?post=16845"},{"taxonomy":"tienda","embeddable":true,"href":"https:\/\/wizardly-davinci.82-223-8-23.plesk.page\/en\/wp-json\/wp\/v2\/tienda?post=16845"},{"taxonomy":"autor_id","embeddable":true,"href":"https:\/\/wizardly-davinci.82-223-8-23.plesk.page\/en\/wp-json\/wp\/v2\/autor_id?post=16845"},{"taxonomy":"universidades_coeditoras","embeddable":true,"href":"https:\/\/wizardly-davinci.82-223-8-23.plesk.page\/en\/wp-json\/wp\/v2\/universidades_coeditoras?post=16845"},{"taxonomy":"palabras_clave","embeddable":true,"href":"https:\/\/wizardly-davinci.82-223-8-23.plesk.page\/en\/wp-json\/wp\/v2\/palabras_clave?post=16845"},{"taxonomy":"listado_alfabetico","embeddable":true,"href":"https:\/\/wizardly-davinci.82-223-8-23.plesk.page\/en\/wp-json\/wp\/v2\/listado_alfabetico?post=16845"}],"curies":[{"name":"wp","href":"https:\/\/api.w.org\/{rel}","templated":true}]}}