{"id":16847,"date":"2019-04-09T22:17:28","date_gmt":"2019-04-09T22:17:28","guid":{"rendered":"https:\/\/octaedro.com\/producto\/teatro-playback-historias-que-nos-conectan\/"},"modified":"2023-04-20T10:51:53","modified_gmt":"2023-04-20T08:51:53","slug":"teatro-playback-historias-que-nos-conectan","status":"publish","type":"product","link":"https:\/\/wizardly-davinci.82-223-8-23.plesk.page\/en\/producto\/teatro-playback-historias-que-nos-conectan\/","title":{"rendered":"Teatro playback: historias que nos conectan"},"content":{"rendered":"<p>Este libro recoge la descripci\u00f3n de conceptos y procedimientos que caracterizan el teatro playback, un teatro cada vez m\u00e1s extendido en el mundo, fundado por Jonathan Fox y Jo Salas en 1975, que ya se practica en m\u00e1s de sesenta pa\u00edses de todos los continentes. Un teatro inmediato, participativo, de improvisaci\u00f3n, para todos, que puede realizarse en cualquier lugar de la comunidad.<\/p>\n<p>Algunos t\u00e9rminos muy frecuentes en \u00e9l son: conexi\u00f3n, creatividad, historias, juego, espontaneidad, inclusi\u00f3n, escucha, momento, ritual, resonancia, \u00e9tica, expresividad, narrativa, equipo, comunidad y estructura.<\/p>\n<p>Entre los pilares del teatro playback, como veremos en este libro, est\u00e1n: el respeto por la diversidad, por la autenticidad, por la dignidad de cada historia compartida, por la vida real, que no siempre tiene un final feliz; la posibilidad de resignificar lo vivido, al verlo sobre el escenario, y la intencionalidad de activar la conexi\u00f3n entre las personas, con un sentido de construcci\u00f3n de grupo y de comunidad que hace que se le considere un teatro aplicado y un teatro para el cambio, a partir de promover una interacci\u00f3n social constructiva, de encuentro con la otra persona, con los otros.<\/p>\n","protected":false},"excerpt":{"rendered":"<p>Este libro recoge la descripci\u00f3n de conceptos y procedimientos que caracterizan el teatro playback, un teatro cada vez m\u00e1s extendido en el mundo, fundado por Jonathan Fox y Jo Salas en 1975, que ya se practica en m\u00e1s de sesenta pa\u00edses de todos los continentes. Un teatro inmediato, participativo, de improvisaci\u00f3n, para todos, que puede realizarse en cualquier lugar de la comunidad.<\/p>\n<p>Algunos t\u00e9rminos muy frecuentes en \u00e9l son: conexi\u00f3n, creatividad, historias, juego, espontaneidad, inclusi\u00f3n, escucha, momento, ritual, resonancia, \u00e9tica, expresividad, narrativa, equipo, comunidad y estructura.<\/p>\n<p>Entre los pilares del teatro playback, como veremos en este libro, est\u00e1n: el respeto por la diversidad, por la autenticidad, por la dignidad de cada historia compartida, por la vida real, que no siempre tiene un final feliz; la posibilidad de resignificar lo vivido, al verlo sobre el escenario, y la intencionalidad de activar la conexi\u00f3n entre las personas, con un sentido de construcci\u00f3n de grupo y de comunidad que hace que se le considere un teatro aplicado y un teatro para el cambio, a partir de promover una interacci\u00f3n social constructiva, de encuentro con la otra persona, con los otros.<\/p>\n","protected":false},"featured_media":16848,"comment_status":"open","ping_status":"closed","template":"","meta":{"_et_pb_use_builder":"","_et_pb_old_content":"","_et_gb_content_width":""},"product_cat":[1512],"product_tag":[2602],"edicion":[1083],"editoriales":[1160],"tienda":[],"autor_id":[5461],"universidades_coeditoras":[],"palabras_clave":[],"listado_alfabetico":[],"acf":[],"_links":{"self":[{"href":"https:\/\/wizardly-davinci.82-223-8-23.plesk.page\/en\/wp-json\/wp\/v2\/product\/16847"}],"collection":[{"href":"https:\/\/wizardly-davinci.82-223-8-23.plesk.page\/en\/wp-json\/wp\/v2\/product"}],"about":[{"href":"https:\/\/wizardly-davinci.82-223-8-23.plesk.page\/en\/wp-json\/wp\/v2\/types\/product"}],"replies":[{"embeddable":true,"href":"https:\/\/wizardly-davinci.82-223-8-23.plesk.page\/en\/wp-json\/wp\/v2\/comments?post=16847"}],"wp:featuredmedia":[{"embeddable":true,"href":"https:\/\/wizardly-davinci.82-223-8-23.plesk.page\/en\/wp-json\/wp\/v2\/media\/16848"}],"wp:attachment":[{"href":"https:\/\/wizardly-davinci.82-223-8-23.plesk.page\/en\/wp-json\/wp\/v2\/media?parent=16847"}],"wp:term":[{"taxonomy":"product_cat","embeddable":true,"href":"https:\/\/wizardly-davinci.82-223-8-23.plesk.page\/en\/wp-json\/wp\/v2\/product_cat?post=16847"},{"taxonomy":"product_tag","embeddable":true,"href":"https:\/\/wizardly-davinci.82-223-8-23.plesk.page\/en\/wp-json\/wp\/v2\/product_tag?post=16847"},{"taxonomy":"edicion","embeddable":true,"href":"https:\/\/wizardly-davinci.82-223-8-23.plesk.page\/en\/wp-json\/wp\/v2\/edicion?post=16847"},{"taxonomy":"editoriales","embeddable":true,"href":"https:\/\/wizardly-davinci.82-223-8-23.plesk.page\/en\/wp-json\/wp\/v2\/editoriales?post=16847"},{"taxonomy":"tienda","embeddable":true,"href":"https:\/\/wizardly-davinci.82-223-8-23.plesk.page\/en\/wp-json\/wp\/v2\/tienda?post=16847"},{"taxonomy":"autor_id","embeddable":true,"href":"https:\/\/wizardly-davinci.82-223-8-23.plesk.page\/en\/wp-json\/wp\/v2\/autor_id?post=16847"},{"taxonomy":"universidades_coeditoras","embeddable":true,"href":"https:\/\/wizardly-davinci.82-223-8-23.plesk.page\/en\/wp-json\/wp\/v2\/universidades_coeditoras?post=16847"},{"taxonomy":"palabras_clave","embeddable":true,"href":"https:\/\/wizardly-davinci.82-223-8-23.plesk.page\/en\/wp-json\/wp\/v2\/palabras_clave?post=16847"},{"taxonomy":"listado_alfabetico","embeddable":true,"href":"https:\/\/wizardly-davinci.82-223-8-23.plesk.page\/en\/wp-json\/wp\/v2\/listado_alfabetico?post=16847"}],"curies":[{"name":"wp","href":"https:\/\/api.w.org\/{rel}","templated":true}]}}