{"id":16849,"date":"2019-04-09T22:17:29","date_gmt":"2019-04-09T22:17:29","guid":{"rendered":"https:\/\/octaedro.com\/producto\/la-educacion-ciudadana-en-un-mundo-en-transformacion\/"},"modified":"2023-04-20T10:51:59","modified_gmt":"2023-04-20T08:51:59","slug":"la-educacion-ciudadana-en-un-mundo-en-transformacion","status":"publish","type":"product","link":"https:\/\/wizardly-davinci.82-223-8-23.plesk.page\/en\/producto\/la-educacion-ciudadana-en-un-mundo-en-transformacion\/","title":{"rendered":"La educaci\u00f3n ciudadana en un mundo en transformaci\u00f3n:"},"content":{"rendered":"<p>Educar ciudadanos cr\u00edticos y comprometidos con la realidad de su tiempo se ha convertido en una de las tareas m\u00e1s demandadas por la sociedad actual. A pesar de su importancia, no est\u00e1 siendo atendida como corresponder\u00eda, por lo que es urgente centrar la atenci\u00f3n en c\u00f3mo ayudar a construir la figura del ciudadano en esta \u00e9poca de cambio.<\/p>\n<p>Uno de los retos m\u00e1s acuciantes a los que se enfrenta la educaci\u00f3n de hoy es c\u00f3mo preparar ciudadanos para dar respuesta a lo que est\u00e1 por venir. Cuando hablamos de educaci\u00f3n ciudadana, no podemos prescindir de una cr\u00edtica del actual sistema educativo y de los modelos predominantes desde los cuales se educa, ni podemos obviar al servicio de qui\u00e9n y para qu\u00e9 se educa.<\/p>\n<p>Preguntas como: \u00bfqu\u00e9 educaci\u00f3n se espera y para qu\u00e9 sociedad? o: \u00bfqu\u00e9 propuesta de ciudadano hay detr\u00e1s de las iniciativas educativas emanadas desde las instituciones democr\u00e1ticas? deben ser abordadas por los agentes directamente implicados en la educaci\u00f3n ciudadana como parte de un nuevo relato esperanzador que d\u00e9 respuesta a los problemas y desaf\u00edos que la educaci\u00f3n ciudadana tiene ante s\u00ed.<\/p>\n<p>En este libro se re\u00fanen aportaciones muy enriquecedoras de cualificados especialistas, tanto en el discurso sobre la ciudadan\u00eda (Jos\u00e9 A. Zamora, Miguel Garc\u00eda-Bar\u00f3) como en la teor\u00eda y pr\u00e1ctica de la educaci\u00f3n ciudadana (Wiel Veugelers, Ib\u00e1\u00f1ez-Mart\u00edn, Alberto G\u00e1rate, M. Rosa Buxarrais). En conjunto, el lector encontrar\u00e1 un texto riguroso e inspirador que le descubrir\u00e1 nuevas v\u00edas de acceso a la buena educaci\u00f3n y al buen vivir como ciudadano de este siglo.<\/p>\n","protected":false},"excerpt":{"rendered":"<p>Educar ciudadanos cr\u00edticos y comprometidos con la realidad de su tiempo se ha convertido en una de las tareas m\u00e1s demandadas por la sociedad actual. A pesar de su importancia, no est\u00e1 siendo atendida como corresponder\u00eda, por lo que es urgente centrar la atenci\u00f3n en c\u00f3mo ayudar a construir la figura del ciudadano en esta \u00e9poca de cambio.<\/p>\n<p>Uno de los retos m\u00e1s acuciantes a los que se enfrenta la educaci\u00f3n de hoy es c\u00f3mo preparar ciudadanos para dar respuesta a lo que est\u00e1 por venir. Cuando hablamos de educaci\u00f3n ciudadana, no podemos prescindir de una cr\u00edtica del actual sistema educativo y de los modelos predominantes desde los cuales se educa, ni podemos obviar al servicio de qui\u00e9n y para qu\u00e9 se educa.<\/p>\n<p>Preguntas como: \u00bfqu\u00e9 educaci\u00f3n se espera y para qu\u00e9 sociedad? o: \u00bfqu\u00e9 propuesta de ciudadano hay detr\u00e1s de las iniciativas educativas emanadas desde las instituciones democr\u00e1ticas? deben ser abordadas por los agentes directamente implicados en la educaci\u00f3n ciudadana como parte de un nuevo relato esperanzador que d\u00e9 respuesta a los problemas y desaf\u00edos que la educaci\u00f3n ciudadana tiene ante s\u00ed.<\/p>\n<p>En este libro se re\u00fanen aportaciones muy enriquecedoras de cualificados especialistas, tanto en el discurso sobre la ciudadan\u00eda (Jos\u00e9 A. Zamora, Miguel Garc\u00eda-Bar\u00f3) como en la teor\u00eda y pr\u00e1ctica de la educaci\u00f3n ciudadana (Wiel Veugelers, Ib\u00e1\u00f1ez-Mart\u00edn, Alberto G\u00e1rate, M. Rosa Buxarrais). En conjunto, el lector encontrar\u00e1 un texto riguroso e inspirador que le descubrir\u00e1 nuevas v\u00edas de acceso a la buena educaci\u00f3n y al buen vivir como ciudadano de este siglo.<\/p>\n","protected":false},"featured_media":16850,"comment_status":"open","ping_status":"closed","template":"","meta":{"_et_pb_use_builder":"","_et_pb_old_content":"","_et_gb_content_width":""},"product_cat":[1512,6675],"product_tag":[2602],"edicion":[1083],"editoriales":[1160],"tienda":[],"autor_id":[10213,6292],"universidades_coeditoras":[7254],"palabras_clave":[],"listado_alfabetico":[],"acf":[],"_links":{"self":[{"href":"https:\/\/wizardly-davinci.82-223-8-23.plesk.page\/en\/wp-json\/wp\/v2\/product\/16849"}],"collection":[{"href":"https:\/\/wizardly-davinci.82-223-8-23.plesk.page\/en\/wp-json\/wp\/v2\/product"}],"about":[{"href":"https:\/\/wizardly-davinci.82-223-8-23.plesk.page\/en\/wp-json\/wp\/v2\/types\/product"}],"replies":[{"embeddable":true,"href":"https:\/\/wizardly-davinci.82-223-8-23.plesk.page\/en\/wp-json\/wp\/v2\/comments?post=16849"}],"wp:featuredmedia":[{"embeddable":true,"href":"https:\/\/wizardly-davinci.82-223-8-23.plesk.page\/en\/wp-json\/wp\/v2\/media\/16850"}],"wp:attachment":[{"href":"https:\/\/wizardly-davinci.82-223-8-23.plesk.page\/en\/wp-json\/wp\/v2\/media?parent=16849"}],"wp:term":[{"taxonomy":"product_cat","embeddable":true,"href":"https:\/\/wizardly-davinci.82-223-8-23.plesk.page\/en\/wp-json\/wp\/v2\/product_cat?post=16849"},{"taxonomy":"product_tag","embeddable":true,"href":"https:\/\/wizardly-davinci.82-223-8-23.plesk.page\/en\/wp-json\/wp\/v2\/product_tag?post=16849"},{"taxonomy":"edicion","embeddable":true,"href":"https:\/\/wizardly-davinci.82-223-8-23.plesk.page\/en\/wp-json\/wp\/v2\/edicion?post=16849"},{"taxonomy":"editoriales","embeddable":true,"href":"https:\/\/wizardly-davinci.82-223-8-23.plesk.page\/en\/wp-json\/wp\/v2\/editoriales?post=16849"},{"taxonomy":"tienda","embeddable":true,"href":"https:\/\/wizardly-davinci.82-223-8-23.plesk.page\/en\/wp-json\/wp\/v2\/tienda?post=16849"},{"taxonomy":"autor_id","embeddable":true,"href":"https:\/\/wizardly-davinci.82-223-8-23.plesk.page\/en\/wp-json\/wp\/v2\/autor_id?post=16849"},{"taxonomy":"universidades_coeditoras","embeddable":true,"href":"https:\/\/wizardly-davinci.82-223-8-23.plesk.page\/en\/wp-json\/wp\/v2\/universidades_coeditoras?post=16849"},{"taxonomy":"palabras_clave","embeddable":true,"href":"https:\/\/wizardly-davinci.82-223-8-23.plesk.page\/en\/wp-json\/wp\/v2\/palabras_clave?post=16849"},{"taxonomy":"listado_alfabetico","embeddable":true,"href":"https:\/\/wizardly-davinci.82-223-8-23.plesk.page\/en\/wp-json\/wp\/v2\/listado_alfabetico?post=16849"}],"curies":[{"name":"wp","href":"https:\/\/api.w.org\/{rel}","templated":true}]}}