{"id":16851,"date":"2019-04-09T22:17:30","date_gmt":"2019-04-09T22:17:30","guid":{"rendered":"https:\/\/octaedro.com\/producto\/reconocer-la-diversidad\/"},"modified":"2023-04-20T10:52:06","modified_gmt":"2023-04-20T08:52:06","slug":"reconocer-la-diversidad","status":"publish","type":"product","link":"https:\/\/wizardly-davinci.82-223-8-23.plesk.page\/en\/producto\/reconocer-la-diversidad\/","title":{"rendered":"Reconocer la diversidad"},"content":{"rendered":"<p>Este es un libro concebido para disfrutar cuestionando nuestras formas de pensar, sentir y actuar respecto a la educaci\u00f3n y las diferencias. Hemos pensado que podr\u00edamos revisar nuestras certezas, como cuando volvemos sobre nuestros pasos al ver que el camino tomado estaba equivocado. Para ello te proponemos la inmersi\u00f3n en estas p\u00e1ginas con la raz\u00f3n y los sentidos abiertos a lo que est\u00e1 por venir. Quiz\u00e1s de ese viaje interior hacia nuestras propias diferencias nazca un nuevo espacio \u2013todav\u00eda negado\u2013 para lo extra\u00f1o. Para deformarse.<\/p>\n<p>Una sucesi\u00f3n de im\u00e1genes y palabras quieren invitarte a ese viaje que supere la indiferencia y que permita el cambio. Las im\u00e1genes sit\u00faan en un lugar bello a la par que inc\u00f3modo para enfrentarse a los textos. A trav\u00e9s de estos y otros lenguajes puede surgir el cuestionamiento de lo que hoy se nos presenta como absoluto e incuestionable, pero que asola el mundo de sinsentidos que nos dominan y someten.<\/p>\n<p>Estas p\u00e1ginas quieren inquietar, s\u00ed. Porque la quietud duele. Y porque, al alterar el orden, tambi\u00e9n surgen nuevas esperanzas.<\/p>\n","protected":false},"excerpt":{"rendered":"<p>Este es un libro concebido para disfrutar cuestionando nuestras formas de pensar, sentir y actuar respecto a la educaci\u00f3n y las diferencias. Hemos pensado que podr\u00edamos revisar nuestras certezas, como cuando volvemos sobre nuestros pasos al ver que el camino tomado estaba equivocado. Para ello te proponemos la inmersi\u00f3n en estas p\u00e1ginas con la raz\u00f3n y los sentidos abiertos a lo que est\u00e1 por venir. Quiz\u00e1s de ese viaje interior hacia nuestras propias diferencias nazca un nuevo espacio \u2013todav\u00eda negado\u2013 para lo extra\u00f1o. Para deformarse.<\/p>\n<p>Una sucesi\u00f3n de im\u00e1genes y palabras quieren invitarte a ese viaje que supere la indiferencia y que permita el cambio. Las im\u00e1genes sit\u00faan en un lugar bello a la par que inc\u00f3modo para enfrentarse a los textos. A trav\u00e9s de estos y otros lenguajes puede surgir el cuestionamiento de lo que hoy se nos presenta como absoluto e incuestionable, pero que asola el mundo de sinsentidos que nos dominan y someten.<\/p>\n<p>Estas p\u00e1ginas quieren inquietar, s\u00ed. Porque la quietud duele. Y porque, al alterar el orden, tambi\u00e9n surgen nuevas esperanzas.<\/p>\n","protected":false},"featured_media":16852,"comment_status":"open","ping_status":"closed","template":"","meta":{"_et_pb_use_builder":"","_et_pb_old_content":"","_et_gb_content_width":""},"product_cat":[2606,1512,6674,6675,9825],"product_tag":[2608],"edicion":[1083],"editoriales":[1160],"tienda":[],"autor_id":[5219,6567],"universidades_coeditoras":[],"palabras_clave":[],"listado_alfabetico":[],"acf":[],"_links":{"self":[{"href":"https:\/\/wizardly-davinci.82-223-8-23.plesk.page\/en\/wp-json\/wp\/v2\/product\/16851"}],"collection":[{"href":"https:\/\/wizardly-davinci.82-223-8-23.plesk.page\/en\/wp-json\/wp\/v2\/product"}],"about":[{"href":"https:\/\/wizardly-davinci.82-223-8-23.plesk.page\/en\/wp-json\/wp\/v2\/types\/product"}],"replies":[{"embeddable":true,"href":"https:\/\/wizardly-davinci.82-223-8-23.plesk.page\/en\/wp-json\/wp\/v2\/comments?post=16851"}],"wp:featuredmedia":[{"embeddable":true,"href":"https:\/\/wizardly-davinci.82-223-8-23.plesk.page\/en\/wp-json\/wp\/v2\/media\/16852"}],"wp:attachment":[{"href":"https:\/\/wizardly-davinci.82-223-8-23.plesk.page\/en\/wp-json\/wp\/v2\/media?parent=16851"}],"wp:term":[{"taxonomy":"product_cat","embeddable":true,"href":"https:\/\/wizardly-davinci.82-223-8-23.plesk.page\/en\/wp-json\/wp\/v2\/product_cat?post=16851"},{"taxonomy":"product_tag","embeddable":true,"href":"https:\/\/wizardly-davinci.82-223-8-23.plesk.page\/en\/wp-json\/wp\/v2\/product_tag?post=16851"},{"taxonomy":"edicion","embeddable":true,"href":"https:\/\/wizardly-davinci.82-223-8-23.plesk.page\/en\/wp-json\/wp\/v2\/edicion?post=16851"},{"taxonomy":"editoriales","embeddable":true,"href":"https:\/\/wizardly-davinci.82-223-8-23.plesk.page\/en\/wp-json\/wp\/v2\/editoriales?post=16851"},{"taxonomy":"tienda","embeddable":true,"href":"https:\/\/wizardly-davinci.82-223-8-23.plesk.page\/en\/wp-json\/wp\/v2\/tienda?post=16851"},{"taxonomy":"autor_id","embeddable":true,"href":"https:\/\/wizardly-davinci.82-223-8-23.plesk.page\/en\/wp-json\/wp\/v2\/autor_id?post=16851"},{"taxonomy":"universidades_coeditoras","embeddable":true,"href":"https:\/\/wizardly-davinci.82-223-8-23.plesk.page\/en\/wp-json\/wp\/v2\/universidades_coeditoras?post=16851"},{"taxonomy":"palabras_clave","embeddable":true,"href":"https:\/\/wizardly-davinci.82-223-8-23.plesk.page\/en\/wp-json\/wp\/v2\/palabras_clave?post=16851"},{"taxonomy":"listado_alfabetico","embeddable":true,"href":"https:\/\/wizardly-davinci.82-223-8-23.plesk.page\/en\/wp-json\/wp\/v2\/listado_alfabetico?post=16851"}],"curies":[{"name":"wp","href":"https:\/\/api.w.org\/{rel}","templated":true}]}}