{"id":16853,"date":"2019-04-09T22:17:30","date_gmt":"2019-04-09T22:17:30","guid":{"rendered":"https:\/\/octaedro.com\/producto\/educacion-critica-y-emancipacion\/"},"modified":"2023-04-20T10:52:13","modified_gmt":"2023-04-20T08:52:13","slug":"educacion-critica-y-emancipacion","status":"publish","type":"product","link":"https:\/\/wizardly-davinci.82-223-8-23.plesk.page\/en\/producto\/educacion-critica-y-emancipacion\/","title":{"rendered":"Educaci\u00f3n cr\u00edtica y emancipaci\u00f3n"},"content":{"rendered":"<p>El Consejo Latinoamericano de Ciencias Sociales (CLACSO) junto a la Editorial OCTAEDRO de Barcelona y El Diario de la Educaci\u00f3n, convocaron a principios de 2018 un concurso internacional bajo el nombre <strong>Educaci\u00f3n cr\u00edtica y emancipaci\u00f3n. <\/strong><\/p>\n<p>Se recibieron 155 postulaciones, de las cuales, luego de la revisi\u00f3n t\u00e9cnica, 134 estuvieron en condiciones de ser evaluadas cualitativamente por el Comit\u00e9 Internacional para considerar la calidad, pertinencia y coherencia de las propuestas de acuerdo a las bases de la convocatoria.<\/p>\n<p>El proceso de evaluaci\u00f3n estuvo a cargo de un Comit\u00e9 Internacional compuesto por quince expertos\/as de ocho pa\u00edses: Judith Naidorf (Argentina), Joan Rue (Espa\u00f1a), Sebasti\u00e1n G\u00f3mez (Argentina), Carolina Horta (Colombia), Anah\u00ed Guelman (Argentina), M\u00f3nica Salazar (Colombia), Juan Carlos Hern\u00e1ndez (El Salvador), Pablo Martinis (Uruguay), Olaya Dotel (Rep\u00fablica Dominicana), Juan Le\u00f3n (Espa\u00f1a), Cibele Lima Rodrigues (Brasil), Rodrigo Cornejo (Chile), Jenny Assael (Chile), Orlando Pulido (Colombia) y Jaume Carbonell (Espa\u00f1a).<\/p>\n<p>De acuerdo a la evaluaci\u00f3n y la alta calidad de los ensayos presentados se decidi\u00f3, adem\u00e1s de los cinco premios ganadores anunciados en la convocatoria, reconocer una menci\u00f3n especial y cinco menciones honor\u00edficas.<\/p>\n<p>Este publicaci\u00f3n re\u00fane los ensayos, en un libro colectivo, de los cinco ganadores y la menci\u00f3n especial, que tendr\u00e1n su apoyo en la participaci\u00f3n de la 8\u00ba Conferencia Latinoamericana y Caribe\u00f1a en Ciencias Sociales a realizarse en Buenos Aires del 19 al 23 de noviembre de 2018.<\/p>\n","protected":false},"excerpt":{"rendered":"<p>El Consejo Latinoamericano de Ciencias Sociales (CLACSO) junto a la Editorial OCTAEDRO de Barcelona y El Diario de la Educaci\u00f3n, convocaron a principios de 2018 un concurso internacional bajo el nombre <strong>Educaci\u00f3n cr\u00edtica y emancipaci\u00f3n. <\/strong><\/p>\n<p>Se recibieron 155 postulaciones, de las cuales, luego de la revisi\u00f3n t\u00e9cnica, 134 estuvieron en condiciones de ser evaluadas cualitativamente por el Comit\u00e9 Internacional para considerar la calidad, pertinencia y coherencia de las propuestas de acuerdo a las bases de la convocatoria.<\/p>\n<p>El proceso de evaluaci\u00f3n estuvo a cargo de un Comit\u00e9 Internacional compuesto por quince expertos\/as de ocho pa\u00edses: Judith Naidorf (Argentina), Joan Rue (Espa\u00f1a), Sebasti\u00e1n G\u00f3mez (Argentina), Carolina Horta (Colombia), Anah\u00ed Guelman (Argentina), M\u00f3nica Salazar (Colombia), Juan Carlos Hern\u00e1ndez (El Salvador), Pablo Martinis (Uruguay), Olaya Dotel (Rep\u00fablica Dominicana), Juan Le\u00f3n (Espa\u00f1a), Cibele Lima Rodrigues (Brasil), Rodrigo Cornejo (Chile), Jenny Assael (Chile), Orlando Pulido (Colombia) y Jaume Carbonell (Espa\u00f1a).<\/p>\n<p>De acuerdo a la evaluaci\u00f3n y la alta calidad de los ensayos presentados se decidi\u00f3, adem\u00e1s de los cinco premios ganadores anunciados en la convocatoria, reconocer una menci\u00f3n especial y cinco menciones honor\u00edficas.<\/p>\n<p>Este publicaci\u00f3n re\u00fane los ensayos, en un libro colectivo, de los cinco ganadores y la menci\u00f3n especial, que tendr\u00e1n su apoyo en la participaci\u00f3n de la 8\u00ba Conferencia Latinoamericana y Caribe\u00f1a en Ciencias Sociales a realizarse en Buenos Aires del 19 al 23 de noviembre de 2018.<\/p>\n","protected":false},"featured_media":16854,"comment_status":"open","ping_status":"closed","template":"","meta":{"_et_pb_use_builder":"","_et_pb_old_content":"","_et_gb_content_width":""},"product_cat":[1512,6675],"product_tag":[2602],"edicion":[1083],"editoriales":[1160,8960],"tienda":[],"autor_id":[],"universidades_coeditoras":[],"palabras_clave":[],"listado_alfabetico":[],"acf":[],"_links":{"self":[{"href":"https:\/\/wizardly-davinci.82-223-8-23.plesk.page\/en\/wp-json\/wp\/v2\/product\/16853"}],"collection":[{"href":"https:\/\/wizardly-davinci.82-223-8-23.plesk.page\/en\/wp-json\/wp\/v2\/product"}],"about":[{"href":"https:\/\/wizardly-davinci.82-223-8-23.plesk.page\/en\/wp-json\/wp\/v2\/types\/product"}],"replies":[{"embeddable":true,"href":"https:\/\/wizardly-davinci.82-223-8-23.plesk.page\/en\/wp-json\/wp\/v2\/comments?post=16853"}],"wp:featuredmedia":[{"embeddable":true,"href":"https:\/\/wizardly-davinci.82-223-8-23.plesk.page\/en\/wp-json\/wp\/v2\/media\/16854"}],"wp:attachment":[{"href":"https:\/\/wizardly-davinci.82-223-8-23.plesk.page\/en\/wp-json\/wp\/v2\/media?parent=16853"}],"wp:term":[{"taxonomy":"product_cat","embeddable":true,"href":"https:\/\/wizardly-davinci.82-223-8-23.plesk.page\/en\/wp-json\/wp\/v2\/product_cat?post=16853"},{"taxonomy":"product_tag","embeddable":true,"href":"https:\/\/wizardly-davinci.82-223-8-23.plesk.page\/en\/wp-json\/wp\/v2\/product_tag?post=16853"},{"taxonomy":"edicion","embeddable":true,"href":"https:\/\/wizardly-davinci.82-223-8-23.plesk.page\/en\/wp-json\/wp\/v2\/edicion?post=16853"},{"taxonomy":"editoriales","embeddable":true,"href":"https:\/\/wizardly-davinci.82-223-8-23.plesk.page\/en\/wp-json\/wp\/v2\/editoriales?post=16853"},{"taxonomy":"tienda","embeddable":true,"href":"https:\/\/wizardly-davinci.82-223-8-23.plesk.page\/en\/wp-json\/wp\/v2\/tienda?post=16853"},{"taxonomy":"autor_id","embeddable":true,"href":"https:\/\/wizardly-davinci.82-223-8-23.plesk.page\/en\/wp-json\/wp\/v2\/autor_id?post=16853"},{"taxonomy":"universidades_coeditoras","embeddable":true,"href":"https:\/\/wizardly-davinci.82-223-8-23.plesk.page\/en\/wp-json\/wp\/v2\/universidades_coeditoras?post=16853"},{"taxonomy":"palabras_clave","embeddable":true,"href":"https:\/\/wizardly-davinci.82-223-8-23.plesk.page\/en\/wp-json\/wp\/v2\/palabras_clave?post=16853"},{"taxonomy":"listado_alfabetico","embeddable":true,"href":"https:\/\/wizardly-davinci.82-223-8-23.plesk.page\/en\/wp-json\/wp\/v2\/listado_alfabetico?post=16853"}],"curies":[{"name":"wp","href":"https:\/\/api.w.org\/{rel}","templated":true}]}}