{"id":16855,"date":"2019-04-09T22:17:30","date_gmt":"2019-04-09T22:17:30","guid":{"rendered":"https:\/\/octaedro.com\/producto\/redescubrir-lo-educativo-nuevas-miradas\/"},"modified":"2023-04-20T10:52:19","modified_gmt":"2023-04-20T08:52:19","slug":"redescubrir-lo-educativo-nuevas-miradas","status":"publish","type":"product","link":"https:\/\/wizardly-davinci.82-223-8-23.plesk.page\/en\/producto\/redescubrir-lo-educativo-nuevas-miradas\/","title":{"rendered":"Redescubrir lo educativo: nuevas miradas"},"content":{"rendered":"<p>Bajo el t\u00edtulo <em>Redescubrir lo educativo: nuevas miradas<\/em> se analizan cuestiones y problem\u00e1ticas de la educaci\u00f3n a partir del algunas de las claves conceptuales que han jalonado la trayectoria intelectual del Profesor Luis N\u00fa\u00f1ez Cubero. Miradas integradoras que combinan el testimonio, la reflexi\u00f3n y la explicaci\u00f3n cient\u00edfica, que se proyectan en tem\u00e1ticas que ocupan un espacio central en el debate educativo actual: el teatro como met\u00e1fora para la vida y la educaci\u00f3n, el pasado como legado que ayuda a comprender el presente en la educaci\u00f3n, narrativa y postverdad, la calidad y la autonom\u00eda en educaci\u00f3n, la \u00e9tica de la proximidad en el quehacer docente, la educaci\u00f3n integral reformulada, la educaci\u00f3n familiar hoy, la respuesta educativa a la diversidad, con especial atenci\u00f3n al TDAH, nuevos enfoques en la orientaci\u00f3n para el empleo, la relaci\u00f3n educativa y su urdimbre afectiva, y la contribuci\u00f3n de las artes \u2013en especial, de las artes esc\u00e9nicas y la m\u00fasica\u2013 a la configuraci\u00f3n del ser humano. Inspirado en la met\u00e1fora teatral, el libro se ha concebido como un espacio esc\u00e9nico cl\u00e1sico en el que los autores se dirigen al lector desde el proscenio y el arco proscenal a fin de enmarcar la escena, para proyectar, desde el escenario, <em>nuevas miradas<\/em> sobre la acci\u00f3n pedag\u00f3gica.<\/p>\n","protected":false},"excerpt":{"rendered":"<p>Bajo el t\u00edtulo <em>Redescubrir lo educativo: nuevas miradas<\/em> se analizan cuestiones y problem\u00e1ticas de la educaci\u00f3n a partir del algunas de las claves conceptuales que han jalonado la trayectoria intelectual del Profesor Luis N\u00fa\u00f1ez Cubero. Miradas integradoras que combinan el testimonio, la reflexi\u00f3n y la explicaci\u00f3n cient\u00edfica, que se proyectan en tem\u00e1ticas que ocupan un espacio central en el debate educativo actual: el teatro como met\u00e1fora para la vida y la educaci\u00f3n, el pasado como legado que ayuda a comprender el presente en la educaci\u00f3n, narrativa y postverdad, la calidad y la autonom\u00eda en educaci\u00f3n, la \u00e9tica de la proximidad en el quehacer docente, la educaci\u00f3n integral reformulada, la educaci\u00f3n familiar hoy, la respuesta educativa a la diversidad, con especial atenci\u00f3n al TDAH, nuevos enfoques en la orientaci\u00f3n para el empleo, la relaci\u00f3n educativa y su urdimbre afectiva, y la contribuci\u00f3n de las artes \u2013en especial, de las artes esc\u00e9nicas y la m\u00fasica\u2013 a la configuraci\u00f3n del ser humano. Inspirado en la met\u00e1fora teatral, el libro se ha concebido como un espacio esc\u00e9nico cl\u00e1sico en el que los autores se dirigen al lector desde el proscenio y el arco proscenal a fin de enmarcar la escena, para proyectar, desde el escenario, <em>nuevas miradas<\/em> sobre la acci\u00f3n pedag\u00f3gica.<\/p>\n","protected":false},"featured_media":16856,"comment_status":"open","ping_status":"closed","template":"","meta":{"_et_pb_use_builder":"","_et_pb_old_content":"","_et_gb_content_width":""},"product_cat":[1512,6936],"product_tag":[2602],"edicion":[],"editoriales":[1160],"tienda":[],"autor_id":[5945,6290],"universidades_coeditoras":[7259],"palabras_clave":[],"listado_alfabetico":[],"acf":[],"_links":{"self":[{"href":"https:\/\/wizardly-davinci.82-223-8-23.plesk.page\/en\/wp-json\/wp\/v2\/product\/16855"}],"collection":[{"href":"https:\/\/wizardly-davinci.82-223-8-23.plesk.page\/en\/wp-json\/wp\/v2\/product"}],"about":[{"href":"https:\/\/wizardly-davinci.82-223-8-23.plesk.page\/en\/wp-json\/wp\/v2\/types\/product"}],"replies":[{"embeddable":true,"href":"https:\/\/wizardly-davinci.82-223-8-23.plesk.page\/en\/wp-json\/wp\/v2\/comments?post=16855"}],"wp:featuredmedia":[{"embeddable":true,"href":"https:\/\/wizardly-davinci.82-223-8-23.plesk.page\/en\/wp-json\/wp\/v2\/media\/16856"}],"wp:attachment":[{"href":"https:\/\/wizardly-davinci.82-223-8-23.plesk.page\/en\/wp-json\/wp\/v2\/media?parent=16855"}],"wp:term":[{"taxonomy":"product_cat","embeddable":true,"href":"https:\/\/wizardly-davinci.82-223-8-23.plesk.page\/en\/wp-json\/wp\/v2\/product_cat?post=16855"},{"taxonomy":"product_tag","embeddable":true,"href":"https:\/\/wizardly-davinci.82-223-8-23.plesk.page\/en\/wp-json\/wp\/v2\/product_tag?post=16855"},{"taxonomy":"edicion","embeddable":true,"href":"https:\/\/wizardly-davinci.82-223-8-23.plesk.page\/en\/wp-json\/wp\/v2\/edicion?post=16855"},{"taxonomy":"editoriales","embeddable":true,"href":"https:\/\/wizardly-davinci.82-223-8-23.plesk.page\/en\/wp-json\/wp\/v2\/editoriales?post=16855"},{"taxonomy":"tienda","embeddable":true,"href":"https:\/\/wizardly-davinci.82-223-8-23.plesk.page\/en\/wp-json\/wp\/v2\/tienda?post=16855"},{"taxonomy":"autor_id","embeddable":true,"href":"https:\/\/wizardly-davinci.82-223-8-23.plesk.page\/en\/wp-json\/wp\/v2\/autor_id?post=16855"},{"taxonomy":"universidades_coeditoras","embeddable":true,"href":"https:\/\/wizardly-davinci.82-223-8-23.plesk.page\/en\/wp-json\/wp\/v2\/universidades_coeditoras?post=16855"},{"taxonomy":"palabras_clave","embeddable":true,"href":"https:\/\/wizardly-davinci.82-223-8-23.plesk.page\/en\/wp-json\/wp\/v2\/palabras_clave?post=16855"},{"taxonomy":"listado_alfabetico","embeddable":true,"href":"https:\/\/wizardly-davinci.82-223-8-23.plesk.page\/en\/wp-json\/wp\/v2\/listado_alfabetico?post=16855"}],"curies":[{"name":"wp","href":"https:\/\/api.w.org\/{rel}","templated":true}]}}