{"id":16857,"date":"2019-04-09T22:17:31","date_gmt":"2019-04-09T22:17:31","guid":{"rendered":"https:\/\/octaedro.com\/producto\/las-distintas-que-son-iguales\/"},"modified":"2023-04-20T10:52:26","modified_gmt":"2023-04-20T08:52:26","slug":"las-distintas-que-son-iguales","status":"publish","type":"product","link":"https:\/\/wizardly-davinci.82-223-8-23.plesk.page\/en\/producto\/las-distintas-que-son-iguales\/","title":{"rendered":"Las distintas que son iguales"},"content":{"rendered":"<p>\u2026 y uno de estos a\u00f1os de la era del vac\u00edo, lleg\u00f3 el sol del 25 de diciembre, y ella, Mar\u00eda, tuvo ganas de hablar. Y habl\u00f3 en forma vasta del pasado y del presente, y muy poco del futuro, quiz\u00e1 porque supone que no vale la pena embarcarse en las expectativas de lo que viene. Habl\u00f3 como buscando una explicaci\u00f3n a tantas ca\u00eddas. Y entonces, al escucharla y poner sus palabras sobre las hojas de un cuaderno, me he dado cuenta de que estamos frente a una vida \u00fanica que es tan igual a tantas otras, y que trayectorias humanas como esta, la de la mujer que naufraga entre las invisibles, hay que contarlas para valorar nuestras propias circunstancias, y para que nos interpele la desigualdad social, y para que amasemos unos gramos de conciencia y apostemos por la familia, por la escuela, por mejorar el barrio, por ser m\u00e1s solidarios al momento de ver el rostro del otro.<\/p>\n<p>Es por ello que este libro merece ser le\u00eddo por los que seguimos pensando que es infinitamente mejor que los ni\u00f1os y adolescentes est\u00e9n en una escuela a que deambulen por la calle. En una de esas, por el azar o por la fortuna, se encuentran a un profesor que viva la alteridad, esto es, el principio de ver el rostro del otro para comprometerse y hacerse cargo de \u00e9l. Mar\u00eda no se lo encontr\u00f3, y esa tambi\u00e9n es una ense\u00f1anza.<\/p>\n","protected":false},"excerpt":{"rendered":"<p>\u2026 y uno de estos a\u00f1os de la era del vac\u00edo, lleg\u00f3 el sol del 25 de diciembre, y ella, Mar\u00eda, tuvo ganas de hablar. Y habl\u00f3 en forma vasta del pasado y del presente, y muy poco del futuro, quiz\u00e1 porque supone que no vale la pena embarcarse en las expectativas de lo que viene. Habl\u00f3 como buscando una explicaci\u00f3n a tantas ca\u00eddas. Y entonces, al escucharla y poner sus palabras sobre las hojas de un cuaderno, me he dado cuenta de que estamos frente a una vida \u00fanica que es tan igual a tantas otras, y que trayectorias humanas como esta, la de la mujer que naufraga entre las invisibles, hay que contarlas para valorar nuestras propias circunstancias, y para que nos interpele la desigualdad social, y para que amasemos unos gramos de conciencia y apostemos por la familia, por la escuela, por mejorar el barrio, por ser m\u00e1s solidarios al momento de ver el rostro del otro.<\/p>\n<p>Es por ello que este libro merece ser le\u00eddo por los que seguimos pensando que es infinitamente mejor que los ni\u00f1os y adolescentes est\u00e9n en una escuela a que deambulen por la calle. En una de esas, por el azar o por la fortuna, se encuentran a un profesor que viva la alteridad, esto es, el principio de ver el rostro del otro para comprometerse y hacerse cargo de \u00e9l. Mar\u00eda no se lo encontr\u00f3, y esa tambi\u00e9n es una ense\u00f1anza.<\/p>\n","protected":false},"featured_media":20829,"comment_status":"open","ping_status":"closed","template":"","meta":{"_et_pb_use_builder":"","_et_pb_old_content":"","_et_gb_content_width":""},"product_cat":[1512,6675],"product_tag":[2602],"edicion":[1083],"editoriales":[1160],"tienda":[],"autor_id":[5646],"universidades_coeditoras":[14932],"palabras_clave":[],"listado_alfabetico":[],"acf":[],"_links":{"self":[{"href":"https:\/\/wizardly-davinci.82-223-8-23.plesk.page\/en\/wp-json\/wp\/v2\/product\/16857"}],"collection":[{"href":"https:\/\/wizardly-davinci.82-223-8-23.plesk.page\/en\/wp-json\/wp\/v2\/product"}],"about":[{"href":"https:\/\/wizardly-davinci.82-223-8-23.plesk.page\/en\/wp-json\/wp\/v2\/types\/product"}],"replies":[{"embeddable":true,"href":"https:\/\/wizardly-davinci.82-223-8-23.plesk.page\/en\/wp-json\/wp\/v2\/comments?post=16857"}],"wp:featuredmedia":[{"embeddable":true,"href":"https:\/\/wizardly-davinci.82-223-8-23.plesk.page\/en\/wp-json\/wp\/v2\/media\/20829"}],"wp:attachment":[{"href":"https:\/\/wizardly-davinci.82-223-8-23.plesk.page\/en\/wp-json\/wp\/v2\/media?parent=16857"}],"wp:term":[{"taxonomy":"product_cat","embeddable":true,"href":"https:\/\/wizardly-davinci.82-223-8-23.plesk.page\/en\/wp-json\/wp\/v2\/product_cat?post=16857"},{"taxonomy":"product_tag","embeddable":true,"href":"https:\/\/wizardly-davinci.82-223-8-23.plesk.page\/en\/wp-json\/wp\/v2\/product_tag?post=16857"},{"taxonomy":"edicion","embeddable":true,"href":"https:\/\/wizardly-davinci.82-223-8-23.plesk.page\/en\/wp-json\/wp\/v2\/edicion?post=16857"},{"taxonomy":"editoriales","embeddable":true,"href":"https:\/\/wizardly-davinci.82-223-8-23.plesk.page\/en\/wp-json\/wp\/v2\/editoriales?post=16857"},{"taxonomy":"tienda","embeddable":true,"href":"https:\/\/wizardly-davinci.82-223-8-23.plesk.page\/en\/wp-json\/wp\/v2\/tienda?post=16857"},{"taxonomy":"autor_id","embeddable":true,"href":"https:\/\/wizardly-davinci.82-223-8-23.plesk.page\/en\/wp-json\/wp\/v2\/autor_id?post=16857"},{"taxonomy":"universidades_coeditoras","embeddable":true,"href":"https:\/\/wizardly-davinci.82-223-8-23.plesk.page\/en\/wp-json\/wp\/v2\/universidades_coeditoras?post=16857"},{"taxonomy":"palabras_clave","embeddable":true,"href":"https:\/\/wizardly-davinci.82-223-8-23.plesk.page\/en\/wp-json\/wp\/v2\/palabras_clave?post=16857"},{"taxonomy":"listado_alfabetico","embeddable":true,"href":"https:\/\/wizardly-davinci.82-223-8-23.plesk.page\/en\/wp-json\/wp\/v2\/listado_alfabetico?post=16857"}],"curies":[{"name":"wp","href":"https:\/\/api.w.org\/{rel}","templated":true}]}}