{"id":16858,"date":"2019-04-09T22:17:33","date_gmt":"2019-04-09T22:17:33","guid":{"rendered":"https:\/\/octaedro.com\/producto\/liderar-en-una-cultura-de-cambio\/"},"modified":"2023-04-20T10:52:32","modified_gmt":"2023-04-20T08:52:32","slug":"liderar-en-una-cultura-de-cambio","status":"publish","type":"product","link":"https:\/\/wizardly-davinci.82-223-8-23.plesk.page\/en\/producto\/liderar-en-una-cultura-de-cambio\/","title":{"rendered":"Liderar en una cultura de cambio"},"content":{"rendered":"<p>Liderar en una cultura de cambio ofrece a los directivos de empresas, de organizaciones no lucrativas y del sector p\u00fablico nuevas perspectivas y muy oportunas sobre la din\u00e1mica del cambio. Michael Fullan, autor de prestigio internacional y experto en procesos de cambio organizativo, presenta un enfoque diferente e imaginativo para navegar por los entresijos de los procesos de transformaci\u00f3n y muestra c\u00f3mo los l\u00edderes de todo tipo de organizaci\u00f3n pueden conseguir sus objetivos y convertirse en profesionales de excepci\u00f3n. El autor se inspira en las ideas y teor\u00edas m\u00e1s recientes sobre liderazgo eficaz, aporta ejemplos de casos de transformaci\u00f3n a gran escala e identifica una convergencia en la que se interrelacionan las que \u00e9l denomina las cinco competencias centrales: definir un fin \u00e9tico, no perder de vista los procesos de cambio, cultivar relaciones, compartir el conocimiento y definir un punto de vista y un contexto que doten a cualquier organizaci\u00f3n de coherencia.<\/p>\n","protected":false},"excerpt":{"rendered":"<p>Liderar en una cultura de cambio ofrece a los directivos de empresas, de organizaciones no lucrativas y del sector p\u00fablico nuevas perspectivas y muy oportunas sobre la din\u00e1mica del cambio. Michael Fullan, autor de prestigio internacional y experto en procesos de cambio organizativo, presenta un enfoque diferente e imaginativo para navegar por los entresijos de los procesos de transformaci\u00f3n y muestra c\u00f3mo los l\u00edderes de todo tipo de organizaci\u00f3n pueden conseguir sus objetivos y convertirse en profesionales de excepci\u00f3n. El autor se inspira en las ideas y teor\u00edas m\u00e1s recientes sobre liderazgo eficaz, aporta ejemplos de casos de transformaci\u00f3n a gran escala e identifica una convergencia en la que se interrelacionan las que \u00e9l denomina las cinco competencias centrales: definir un fin \u00e9tico, no perder de vista los procesos de cambio, cultivar relaciones, compartir el conocimiento y definir un punto de vista y un contexto que doten a cualquier organizaci\u00f3n de coherencia.<\/p>\n","protected":false},"featured_media":16859,"comment_status":"open","ping_status":"closed","template":"","meta":{"_et_pb_use_builder":"","_et_pb_old_content":"","_et_gb_content_width":""},"product_cat":[1512],"product_tag":[2602],"edicion":[],"editoriales":[1160],"tienda":[],"autor_id":[5519],"universidades_coeditoras":[],"palabras_clave":[],"listado_alfabetico":[],"acf":[],"_links":{"self":[{"href":"https:\/\/wizardly-davinci.82-223-8-23.plesk.page\/en\/wp-json\/wp\/v2\/product\/16858"}],"collection":[{"href":"https:\/\/wizardly-davinci.82-223-8-23.plesk.page\/en\/wp-json\/wp\/v2\/product"}],"about":[{"href":"https:\/\/wizardly-davinci.82-223-8-23.plesk.page\/en\/wp-json\/wp\/v2\/types\/product"}],"replies":[{"embeddable":true,"href":"https:\/\/wizardly-davinci.82-223-8-23.plesk.page\/en\/wp-json\/wp\/v2\/comments?post=16858"}],"wp:featuredmedia":[{"embeddable":true,"href":"https:\/\/wizardly-davinci.82-223-8-23.plesk.page\/en\/wp-json\/wp\/v2\/media\/16859"}],"wp:attachment":[{"href":"https:\/\/wizardly-davinci.82-223-8-23.plesk.page\/en\/wp-json\/wp\/v2\/media?parent=16858"}],"wp:term":[{"taxonomy":"product_cat","embeddable":true,"href":"https:\/\/wizardly-davinci.82-223-8-23.plesk.page\/en\/wp-json\/wp\/v2\/product_cat?post=16858"},{"taxonomy":"product_tag","embeddable":true,"href":"https:\/\/wizardly-davinci.82-223-8-23.plesk.page\/en\/wp-json\/wp\/v2\/product_tag?post=16858"},{"taxonomy":"edicion","embeddable":true,"href":"https:\/\/wizardly-davinci.82-223-8-23.plesk.page\/en\/wp-json\/wp\/v2\/edicion?post=16858"},{"taxonomy":"editoriales","embeddable":true,"href":"https:\/\/wizardly-davinci.82-223-8-23.plesk.page\/en\/wp-json\/wp\/v2\/editoriales?post=16858"},{"taxonomy":"tienda","embeddable":true,"href":"https:\/\/wizardly-davinci.82-223-8-23.plesk.page\/en\/wp-json\/wp\/v2\/tienda?post=16858"},{"taxonomy":"autor_id","embeddable":true,"href":"https:\/\/wizardly-davinci.82-223-8-23.plesk.page\/en\/wp-json\/wp\/v2\/autor_id?post=16858"},{"taxonomy":"universidades_coeditoras","embeddable":true,"href":"https:\/\/wizardly-davinci.82-223-8-23.plesk.page\/en\/wp-json\/wp\/v2\/universidades_coeditoras?post=16858"},{"taxonomy":"palabras_clave","embeddable":true,"href":"https:\/\/wizardly-davinci.82-223-8-23.plesk.page\/en\/wp-json\/wp\/v2\/palabras_clave?post=16858"},{"taxonomy":"listado_alfabetico","embeddable":true,"href":"https:\/\/wizardly-davinci.82-223-8-23.plesk.page\/en\/wp-json\/wp\/v2\/listado_alfabetico?post=16858"}],"curies":[{"name":"wp","href":"https:\/\/api.w.org\/{rel}","templated":true}]}}