{"id":16877,"date":"2019-04-09T22:17:37","date_gmt":"2019-04-09T22:17:37","guid":{"rendered":"https:\/\/octaedro.com\/producto\/medicina-deportiva\/"},"modified":"2023-04-20T10:53:19","modified_gmt":"2023-04-20T08:53:19","slug":"medicina-deportiva","status":"publish","type":"product","link":"https:\/\/wizardly-davinci.82-223-8-23.plesk.page\/en\/producto\/medicina-deportiva\/","title":{"rendered":"Medicina deportiva"},"content":{"rendered":"<p>La mayor\u00eda de j\u00f3venes que practican deportes organizados, lo hacen sin disponer de un entrenador con los suficientes conocimientos m\u00e9dicos que requiere un ejercicio f\u00edsico sistematizado. Los colegios conf\u00edan en monitores o entrenadores que son estudiantes o profesores, cuyo conocimiento sobre lesiones y su tratamiento es muy rudimentario, y las personas que trabajan en la organizaci\u00f3n de las ligas deportivas o educativas a menudo no poseen ning\u00fan miembro que sepa c\u00f3mo tratar a los j\u00f3venes lesionados, ni c\u00f3mo anticiparse a posibles complicaciones de lesiones leves. Medicina deportiva nos proporciona instrucciones claras y comprensibles para prevenir, reconocer y tratar lesiones deportivas comunes. Esta gu\u00eda de valor incalculable deber\u00eda tenerse a mano en toda sesi\u00f3n de entrenamiento y competici\u00f3n en la que participan j\u00f3venes deportistas. Medicina deportiva para entrenadores, preparadores y monitores, no s\u00f3lo deber\u00eda ser \u00fatil para estos, desde el nivel de la Ense\u00f1anza Primaria hasta el Universitario, sino que tambi\u00e9n para los voluntarios y t\u00e9cnicos de programas de colonias y excursiones y para profesionales de la salud<\/p>\n","protected":false},"excerpt":{"rendered":"<p>La mayor\u00eda de j\u00f3venes que practican deportes organizados, lo hacen sin disponer de un entrenador con los suficientes conocimientos m\u00e9dicos que requiere un ejercicio f\u00edsico sistematizado. Los colegios conf\u00edan en monitores o entrenadores que son estudiantes o profesores, cuyo conocimiento sobre lesiones y su tratamiento es muy rudimentario, y las personas que trabajan en la organizaci\u00f3n de las ligas deportivas o educativas a menudo no poseen ning\u00fan miembro que sepa c\u00f3mo tratar a los j\u00f3venes lesionados, ni c\u00f3mo anticiparse a posibles complicaciones de lesiones leves. Medicina deportiva nos proporciona instrucciones claras y comprensibles para prevenir, reconocer y tratar lesiones deportivas comunes. Esta gu\u00eda de valor incalculable deber\u00eda tenerse a mano en toda sesi\u00f3n de entrenamiento y competici\u00f3n en la que participan j\u00f3venes deportistas. Medicina deportiva para entrenadores, preparadores y monitores, no s\u00f3lo deber\u00eda ser \u00fatil para estos, desde el nivel de la Ense\u00f1anza Primaria hasta el Universitario, sino que tambi\u00e9n para los voluntarios y t\u00e9cnicos de programas de colonias y excursiones y para profesionales de la salud<\/p>\n","protected":false},"featured_media":16878,"comment_status":"open","ping_status":"closed","template":"","meta":{"_et_pb_use_builder":"","_et_pb_old_content":"","_et_gb_content_width":""},"product_cat":[1512],"product_tag":[],"edicion":[],"editoriales":[1160],"tienda":[],"autor_id":[6151,6412],"universidades_coeditoras":[],"palabras_clave":[],"listado_alfabetico":[],"acf":[],"_links":{"self":[{"href":"https:\/\/wizardly-davinci.82-223-8-23.plesk.page\/en\/wp-json\/wp\/v2\/product\/16877"}],"collection":[{"href":"https:\/\/wizardly-davinci.82-223-8-23.plesk.page\/en\/wp-json\/wp\/v2\/product"}],"about":[{"href":"https:\/\/wizardly-davinci.82-223-8-23.plesk.page\/en\/wp-json\/wp\/v2\/types\/product"}],"replies":[{"embeddable":true,"href":"https:\/\/wizardly-davinci.82-223-8-23.plesk.page\/en\/wp-json\/wp\/v2\/comments?post=16877"}],"wp:featuredmedia":[{"embeddable":true,"href":"https:\/\/wizardly-davinci.82-223-8-23.plesk.page\/en\/wp-json\/wp\/v2\/media\/16878"}],"wp:attachment":[{"href":"https:\/\/wizardly-davinci.82-223-8-23.plesk.page\/en\/wp-json\/wp\/v2\/media?parent=16877"}],"wp:term":[{"taxonomy":"product_cat","embeddable":true,"href":"https:\/\/wizardly-davinci.82-223-8-23.plesk.page\/en\/wp-json\/wp\/v2\/product_cat?post=16877"},{"taxonomy":"product_tag","embeddable":true,"href":"https:\/\/wizardly-davinci.82-223-8-23.plesk.page\/en\/wp-json\/wp\/v2\/product_tag?post=16877"},{"taxonomy":"edicion","embeddable":true,"href":"https:\/\/wizardly-davinci.82-223-8-23.plesk.page\/en\/wp-json\/wp\/v2\/edicion?post=16877"},{"taxonomy":"editoriales","embeddable":true,"href":"https:\/\/wizardly-davinci.82-223-8-23.plesk.page\/en\/wp-json\/wp\/v2\/editoriales?post=16877"},{"taxonomy":"tienda","embeddable":true,"href":"https:\/\/wizardly-davinci.82-223-8-23.plesk.page\/en\/wp-json\/wp\/v2\/tienda?post=16877"},{"taxonomy":"autor_id","embeddable":true,"href":"https:\/\/wizardly-davinci.82-223-8-23.plesk.page\/en\/wp-json\/wp\/v2\/autor_id?post=16877"},{"taxonomy":"universidades_coeditoras","embeddable":true,"href":"https:\/\/wizardly-davinci.82-223-8-23.plesk.page\/en\/wp-json\/wp\/v2\/universidades_coeditoras?post=16877"},{"taxonomy":"palabras_clave","embeddable":true,"href":"https:\/\/wizardly-davinci.82-223-8-23.plesk.page\/en\/wp-json\/wp\/v2\/palabras_clave?post=16877"},{"taxonomy":"listado_alfabetico","embeddable":true,"href":"https:\/\/wizardly-davinci.82-223-8-23.plesk.page\/en\/wp-json\/wp\/v2\/listado_alfabetico?post=16877"}],"curies":[{"name":"wp","href":"https:\/\/api.w.org\/{rel}","templated":true}]}}