{"id":16899,"date":"2019-04-09T22:17:43","date_gmt":"2019-04-09T22:17:43","guid":{"rendered":"https:\/\/octaedro.com\/producto\/la-escuela-entre-la-utopia-y-la-realidad\/"},"modified":"2023-04-20T11:00:44","modified_gmt":"2023-04-20T09:00:44","slug":"la-escuela-entre-la-utopia-y-la-realidad","status":"publish","type":"product","link":"https:\/\/wizardly-davinci.82-223-8-23.plesk.page\/en\/producto\/la-escuela-entre-la-utopia-y-la-realidad\/","title":{"rendered":"La escuela entre la utop\u00eda y la realidad"},"content":{"rendered":"<p>Con este libro el autor se adentra por algunos de los temas m\u00e1s controvertidos de la ense\u00f1anza de hoy, como la infancia y la escuela, el interculturismo y el sexismo, la educaci\u00f3n para el trabajo y la calidad de vida, la condici\u00f3n del profesorado, y el futuro de las reformas m\u00e1s educativas, desde una perspectiva sociol\u00f3gica, con aportaciones hist\u00f3ricas y pedag\u00f3gicas, y con la propuesta de una rigurosa y extensa bibliograf\u00eda sobre cada uno de los temas.<\/p>\n","protected":false},"excerpt":{"rendered":"<p>Con este libro el autor se adentra por algunos de los temas m\u00e1s controvertidos de la ense\u00f1anza de hoy, como la infancia y la escuela, el interculturismo y el sexismo, la educaci\u00f3n para el trabajo y la calidad de vida, la condici\u00f3n del profesorado, y el futuro de las reformas m\u00e1s educativas, desde una perspectiva sociol\u00f3gica, con aportaciones hist\u00f3ricas y pedag\u00f3gicas, y con la propuesta de una rigurosa y extensa bibliograf\u00eda sobre cada uno de los temas.<\/p>\n","protected":false},"featured_media":16900,"comment_status":"open","ping_status":"closed","template":"","meta":{"_et_pb_use_builder":"","_et_pb_old_content":"","_et_gb_content_width":""},"product_cat":[1512],"product_tag":[],"edicion":[],"editoriales":[1160],"tienda":[],"autor_id":[5246],"universidades_coeditoras":[],"palabras_clave":[],"listado_alfabetico":[],"acf":[],"_links":{"self":[{"href":"https:\/\/wizardly-davinci.82-223-8-23.plesk.page\/en\/wp-json\/wp\/v2\/product\/16899"}],"collection":[{"href":"https:\/\/wizardly-davinci.82-223-8-23.plesk.page\/en\/wp-json\/wp\/v2\/product"}],"about":[{"href":"https:\/\/wizardly-davinci.82-223-8-23.plesk.page\/en\/wp-json\/wp\/v2\/types\/product"}],"replies":[{"embeddable":true,"href":"https:\/\/wizardly-davinci.82-223-8-23.plesk.page\/en\/wp-json\/wp\/v2\/comments?post=16899"}],"wp:featuredmedia":[{"embeddable":true,"href":"https:\/\/wizardly-davinci.82-223-8-23.plesk.page\/en\/wp-json\/wp\/v2\/media\/16900"}],"wp:attachment":[{"href":"https:\/\/wizardly-davinci.82-223-8-23.plesk.page\/en\/wp-json\/wp\/v2\/media?parent=16899"}],"wp:term":[{"taxonomy":"product_cat","embeddable":true,"href":"https:\/\/wizardly-davinci.82-223-8-23.plesk.page\/en\/wp-json\/wp\/v2\/product_cat?post=16899"},{"taxonomy":"product_tag","embeddable":true,"href":"https:\/\/wizardly-davinci.82-223-8-23.plesk.page\/en\/wp-json\/wp\/v2\/product_tag?post=16899"},{"taxonomy":"edicion","embeddable":true,"href":"https:\/\/wizardly-davinci.82-223-8-23.plesk.page\/en\/wp-json\/wp\/v2\/edicion?post=16899"},{"taxonomy":"editoriales","embeddable":true,"href":"https:\/\/wizardly-davinci.82-223-8-23.plesk.page\/en\/wp-json\/wp\/v2\/editoriales?post=16899"},{"taxonomy":"tienda","embeddable":true,"href":"https:\/\/wizardly-davinci.82-223-8-23.plesk.page\/en\/wp-json\/wp\/v2\/tienda?post=16899"},{"taxonomy":"autor_id","embeddable":true,"href":"https:\/\/wizardly-davinci.82-223-8-23.plesk.page\/en\/wp-json\/wp\/v2\/autor_id?post=16899"},{"taxonomy":"universidades_coeditoras","embeddable":true,"href":"https:\/\/wizardly-davinci.82-223-8-23.plesk.page\/en\/wp-json\/wp\/v2\/universidades_coeditoras?post=16899"},{"taxonomy":"palabras_clave","embeddable":true,"href":"https:\/\/wizardly-davinci.82-223-8-23.plesk.page\/en\/wp-json\/wp\/v2\/palabras_clave?post=16899"},{"taxonomy":"listado_alfabetico","embeddable":true,"href":"https:\/\/wizardly-davinci.82-223-8-23.plesk.page\/en\/wp-json\/wp\/v2\/listado_alfabetico?post=16899"}],"curies":[{"name":"wp","href":"https:\/\/api.w.org\/{rel}","templated":true}]}}