{"id":16903,"date":"2019-04-09T22:17:44","date_gmt":"2019-04-09T22:17:44","guid":{"rendered":"https:\/\/octaedro.com\/producto\/la-escuela-modo-de-empleo\/"},"modified":"2023-04-20T11:00:59","modified_gmt":"2023-04-20T09:00:59","slug":"la-escuela-modo-de-empleo","status":"publish","type":"product","link":"https:\/\/wizardly-davinci.82-223-8-23.plesk.page\/en\/producto\/la-escuela-modo-de-empleo\/","title":{"rendered":"La escuela modo de empleo"},"content":{"rendered":"<p>La utop\u00eda es, quiz\u00e1, en la actualidad, uno de nuestros mayores deberes si no queremos que, en la Escuela, el hast\u00edo -del que sabemos que naci\u00f3 un d\u00eda de la uniformidad-, m\u00e1s a\u00fan que la c\u00f3lera o incluso el fracaso, acabe con nuestras esperanzas.La pedagog\u00eda diferenciada no ha sido superada, decididamente. Es incluso, a nuestro entender, para el porvenir de la Escuela y, por tanto, para nuestro porvenir, el \u00fanico horizonte posible hoy. Queda por esperar que este horizonte no retroceda a medida que se avanza hacia \u00e9l, y queda por colocar, en un primer plano, nuestra determinaci\u00f3n y nuestra pasi\u00f3n pedag\u00f3gicas de las que dependen la credibilidad de nuestras empresas y el \u00e9xito de nuestros proyectos.<\/p>\n","protected":false},"excerpt":{"rendered":"<p>La utop\u00eda es, quiz\u00e1, en la actualidad, uno de nuestros mayores deberes si no queremos que, en la Escuela, el hast\u00edo -del que sabemos que naci\u00f3 un d\u00eda de la uniformidad-, m\u00e1s a\u00fan que la c\u00f3lera o incluso el fracaso, acabe con nuestras esperanzas.La pedagog\u00eda diferenciada no ha sido superada, decididamente. Es incluso, a nuestro entender, para el porvenir de la Escuela y, por tanto, para nuestro porvenir, el \u00fanico horizonte posible hoy. Queda por esperar que este horizonte no retroceda a medida que se avanza hacia \u00e9l, y queda por colocar, en un primer plano, nuestra determinaci\u00f3n y nuestra pasi\u00f3n pedag\u00f3gicas de las que dependen la credibilidad de nuestras empresas y el \u00e9xito de nuestros proyectos.<\/p>\n","protected":false},"featured_media":16904,"comment_status":"open","ping_status":"closed","template":"","meta":{"_et_pb_use_builder":"","_et_pb_old_content":"","_et_gb_content_width":""},"product_cat":[1512],"product_tag":[],"edicion":[],"editoriales":[1160],"tienda":[],"autor_id":[5961],"universidades_coeditoras":[],"palabras_clave":[],"listado_alfabetico":[],"acf":[],"_links":{"self":[{"href":"https:\/\/wizardly-davinci.82-223-8-23.plesk.page\/en\/wp-json\/wp\/v2\/product\/16903"}],"collection":[{"href":"https:\/\/wizardly-davinci.82-223-8-23.plesk.page\/en\/wp-json\/wp\/v2\/product"}],"about":[{"href":"https:\/\/wizardly-davinci.82-223-8-23.plesk.page\/en\/wp-json\/wp\/v2\/types\/product"}],"replies":[{"embeddable":true,"href":"https:\/\/wizardly-davinci.82-223-8-23.plesk.page\/en\/wp-json\/wp\/v2\/comments?post=16903"}],"wp:featuredmedia":[{"embeddable":true,"href":"https:\/\/wizardly-davinci.82-223-8-23.plesk.page\/en\/wp-json\/wp\/v2\/media\/16904"}],"wp:attachment":[{"href":"https:\/\/wizardly-davinci.82-223-8-23.plesk.page\/en\/wp-json\/wp\/v2\/media?parent=16903"}],"wp:term":[{"taxonomy":"product_cat","embeddable":true,"href":"https:\/\/wizardly-davinci.82-223-8-23.plesk.page\/en\/wp-json\/wp\/v2\/product_cat?post=16903"},{"taxonomy":"product_tag","embeddable":true,"href":"https:\/\/wizardly-davinci.82-223-8-23.plesk.page\/en\/wp-json\/wp\/v2\/product_tag?post=16903"},{"taxonomy":"edicion","embeddable":true,"href":"https:\/\/wizardly-davinci.82-223-8-23.plesk.page\/en\/wp-json\/wp\/v2\/edicion?post=16903"},{"taxonomy":"editoriales","embeddable":true,"href":"https:\/\/wizardly-davinci.82-223-8-23.plesk.page\/en\/wp-json\/wp\/v2\/editoriales?post=16903"},{"taxonomy":"tienda","embeddable":true,"href":"https:\/\/wizardly-davinci.82-223-8-23.plesk.page\/en\/wp-json\/wp\/v2\/tienda?post=16903"},{"taxonomy":"autor_id","embeddable":true,"href":"https:\/\/wizardly-davinci.82-223-8-23.plesk.page\/en\/wp-json\/wp\/v2\/autor_id?post=16903"},{"taxonomy":"universidades_coeditoras","embeddable":true,"href":"https:\/\/wizardly-davinci.82-223-8-23.plesk.page\/en\/wp-json\/wp\/v2\/universidades_coeditoras?post=16903"},{"taxonomy":"palabras_clave","embeddable":true,"href":"https:\/\/wizardly-davinci.82-223-8-23.plesk.page\/en\/wp-json\/wp\/v2\/palabras_clave?post=16903"},{"taxonomy":"listado_alfabetico","embeddable":true,"href":"https:\/\/wizardly-davinci.82-223-8-23.plesk.page\/en\/wp-json\/wp\/v2\/listado_alfabetico?post=16903"}],"curies":[{"name":"wp","href":"https:\/\/api.w.org\/{rel}","templated":true}]}}