{"id":16931,"date":"2019-04-09T22:17:51","date_gmt":"2019-04-09T22:17:51","guid":{"rendered":"https:\/\/octaedro.com\/producto\/innovemos-el-aula\/"},"modified":"2023-04-20T11:02:27","modified_gmt":"2023-04-20T09:02:27","slug":"innovemos-el-aula","status":"publish","type":"product","link":"https:\/\/wizardly-davinci.82-223-8-23.plesk.page\/en\/producto\/innovemos-el-aula\/","title":{"rendered":"Innovemos el aula"},"content":{"rendered":"<p>En los tres primeros cap\u00edtulos, de contenido eminentemente te\u00f3rico, se describen los elementos que intervienen en el proceso de aprendizaje creativo, se analiza la importancia del grupo dentro de dicho proceso y se efect\u00faa una aproximaci\u00f3n al \u00e1mbito de la educaci\u00f3n dram\u00e1tica. En los dos \u00faltimos cap\u00edtulos, de orientaci\u00f3n pr\u00e1ctica, el lector encontrar\u00e1 juegos para desarrollar diversas t\u00e9cnicas grupales y la descripci\u00f3n de una experiencia educativa que culmin\u00f3 con la transformaci\u00f3n pr\u00e1ctica del aula. Innovemos el aula es una lectura esencial para reconocer la importancia de la creatividad y de la vida en grupo en los individuos desde la m\u00e1s tierna infancia. La intervenci\u00f3n del maestro en el proceso de aprendizaje creativo puede dar muy buenos resultados con la aplicaci\u00f3n de las t\u00e9cnicas espec\u00edficas presentadas en esta novedosa obra.<\/p>\n","protected":false},"excerpt":{"rendered":"<p>En los tres primeros cap\u00edtulos, de contenido eminentemente te\u00f3rico, se describen los elementos que intervienen en el proceso de aprendizaje creativo, se analiza la importancia del grupo dentro de dicho proceso y se efect\u00faa una aproximaci\u00f3n al \u00e1mbito de la educaci\u00f3n dram\u00e1tica. En los dos \u00faltimos cap\u00edtulos, de orientaci\u00f3n pr\u00e1ctica, el lector encontrar\u00e1 juegos para desarrollar diversas t\u00e9cnicas grupales y la descripci\u00f3n de una experiencia educativa que culmin\u00f3 con la transformaci\u00f3n pr\u00e1ctica del aula. Innovemos el aula es una lectura esencial para reconocer la importancia de la creatividad y de la vida en grupo en los individuos desde la m\u00e1s tierna infancia. La intervenci\u00f3n del maestro en el proceso de aprendizaje creativo puede dar muy buenos resultados con la aplicaci\u00f3n de las t\u00e9cnicas espec\u00edficas presentadas en esta novedosa obra.<\/p>\n","protected":false},"featured_media":16932,"comment_status":"open","ping_status":"closed","template":"","meta":{"_et_pb_use_builder":"","_et_pb_old_content":"","_et_gb_content_width":""},"product_cat":[1512,6944],"product_tag":[],"edicion":[],"editoriales":[1160],"tienda":[],"autor_id":[5516],"universidades_coeditoras":[],"palabras_clave":[],"listado_alfabetico":[],"acf":[],"_links":{"self":[{"href":"https:\/\/wizardly-davinci.82-223-8-23.plesk.page\/en\/wp-json\/wp\/v2\/product\/16931"}],"collection":[{"href":"https:\/\/wizardly-davinci.82-223-8-23.plesk.page\/en\/wp-json\/wp\/v2\/product"}],"about":[{"href":"https:\/\/wizardly-davinci.82-223-8-23.plesk.page\/en\/wp-json\/wp\/v2\/types\/product"}],"replies":[{"embeddable":true,"href":"https:\/\/wizardly-davinci.82-223-8-23.plesk.page\/en\/wp-json\/wp\/v2\/comments?post=16931"}],"wp:featuredmedia":[{"embeddable":true,"href":"https:\/\/wizardly-davinci.82-223-8-23.plesk.page\/en\/wp-json\/wp\/v2\/media\/16932"}],"wp:attachment":[{"href":"https:\/\/wizardly-davinci.82-223-8-23.plesk.page\/en\/wp-json\/wp\/v2\/media?parent=16931"}],"wp:term":[{"taxonomy":"product_cat","embeddable":true,"href":"https:\/\/wizardly-davinci.82-223-8-23.plesk.page\/en\/wp-json\/wp\/v2\/product_cat?post=16931"},{"taxonomy":"product_tag","embeddable":true,"href":"https:\/\/wizardly-davinci.82-223-8-23.plesk.page\/en\/wp-json\/wp\/v2\/product_tag?post=16931"},{"taxonomy":"edicion","embeddable":true,"href":"https:\/\/wizardly-davinci.82-223-8-23.plesk.page\/en\/wp-json\/wp\/v2\/edicion?post=16931"},{"taxonomy":"editoriales","embeddable":true,"href":"https:\/\/wizardly-davinci.82-223-8-23.plesk.page\/en\/wp-json\/wp\/v2\/editoriales?post=16931"},{"taxonomy":"tienda","embeddable":true,"href":"https:\/\/wizardly-davinci.82-223-8-23.plesk.page\/en\/wp-json\/wp\/v2\/tienda?post=16931"},{"taxonomy":"autor_id","embeddable":true,"href":"https:\/\/wizardly-davinci.82-223-8-23.plesk.page\/en\/wp-json\/wp\/v2\/autor_id?post=16931"},{"taxonomy":"universidades_coeditoras","embeddable":true,"href":"https:\/\/wizardly-davinci.82-223-8-23.plesk.page\/en\/wp-json\/wp\/v2\/universidades_coeditoras?post=16931"},{"taxonomy":"palabras_clave","embeddable":true,"href":"https:\/\/wizardly-davinci.82-223-8-23.plesk.page\/en\/wp-json\/wp\/v2\/palabras_clave?post=16931"},{"taxonomy":"listado_alfabetico","embeddable":true,"href":"https:\/\/wizardly-davinci.82-223-8-23.plesk.page\/en\/wp-json\/wp\/v2\/listado_alfabetico?post=16931"}],"curies":[{"name":"wp","href":"https:\/\/api.w.org\/{rel}","templated":true}]}}