{"id":16933,"date":"2019-04-09T22:17:52","date_gmt":"2019-04-09T22:17:52","guid":{"rendered":"https:\/\/octaedro.com\/producto\/jugar-y-aprender\/"},"modified":"2023-04-20T11:02:34","modified_gmt":"2023-04-20T09:02:34","slug":"jugar-y-aprender","status":"publish","type":"product","link":"https:\/\/wizardly-davinci.82-223-8-23.plesk.page\/en\/producto\/jugar-y-aprender\/","title":{"rendered":"Jugar y aprender:"},"content":{"rendered":"<p>Las investigaciones m\u00e1s recientes en Educaci\u00f3n Infantil demuestran que los seis primeros a\u00f1os de vida determinan en gran medida el desarrollo posterior de la personalidad y las capacidades del individuo. De acuerdo con el nuevo enfoque curricular este libro propone talleres y experiencias que fomentan la interacci\u00f3n del ni\u00f1o con su entorno gracias a la adquisici\u00f3n de habilidades t\u00e9cnicas y sociales. Como lo demuestra la aplicaci\u00f3n de esta propuesta en varios centros de caracter\u00edsticas muy distintas (p\u00fablicos, privados, escuelas de patronatos privados y de comunidades aut\u00f3nomas) y de entornos geogr\u00e1ficos diversos (Espa\u00f1a, Italia), los talleres programados en este libro son sencillos de organizar y dan como resultado una gran motivaci\u00f3n por parte del alumnado y una mejora de la calidad de ense\u00f1anza.<\/p>\n","protected":false},"excerpt":{"rendered":"<p>Las investigaciones m\u00e1s recientes en Educaci\u00f3n Infantil demuestran que los seis primeros a\u00f1os de vida determinan en gran medida el desarrollo posterior de la personalidad y las capacidades del individuo. De acuerdo con el nuevo enfoque curricular este libro propone talleres y experiencias que fomentan la interacci\u00f3n del ni\u00f1o con su entorno gracias a la adquisici\u00f3n de habilidades t\u00e9cnicas y sociales. Como lo demuestra la aplicaci\u00f3n de esta propuesta en varios centros de caracter\u00edsticas muy distintas (p\u00fablicos, privados, escuelas de patronatos privados y de comunidades aut\u00f3nomas) y de entornos geogr\u00e1ficos diversos (Espa\u00f1a, Italia), los talleres programados en este libro son sencillos de organizar y dan como resultado una gran motivaci\u00f3n por parte del alumnado y una mejora de la calidad de ense\u00f1anza.<\/p>\n","protected":false},"featured_media":16934,"comment_status":"open","ping_status":"closed","template":"","meta":{"_et_pb_use_builder":"","_et_pb_old_content":"","_et_gb_content_width":""},"product_cat":[1512,6675],"product_tag":[2602],"edicion":[1083],"editoriales":[1160],"tienda":[],"autor_id":[6561],"universidades_coeditoras":[],"palabras_clave":[],"listado_alfabetico":[],"acf":[],"_links":{"self":[{"href":"https:\/\/wizardly-davinci.82-223-8-23.plesk.page\/en\/wp-json\/wp\/v2\/product\/16933"}],"collection":[{"href":"https:\/\/wizardly-davinci.82-223-8-23.plesk.page\/en\/wp-json\/wp\/v2\/product"}],"about":[{"href":"https:\/\/wizardly-davinci.82-223-8-23.plesk.page\/en\/wp-json\/wp\/v2\/types\/product"}],"replies":[{"embeddable":true,"href":"https:\/\/wizardly-davinci.82-223-8-23.plesk.page\/en\/wp-json\/wp\/v2\/comments?post=16933"}],"wp:featuredmedia":[{"embeddable":true,"href":"https:\/\/wizardly-davinci.82-223-8-23.plesk.page\/en\/wp-json\/wp\/v2\/media\/16934"}],"wp:attachment":[{"href":"https:\/\/wizardly-davinci.82-223-8-23.plesk.page\/en\/wp-json\/wp\/v2\/media?parent=16933"}],"wp:term":[{"taxonomy":"product_cat","embeddable":true,"href":"https:\/\/wizardly-davinci.82-223-8-23.plesk.page\/en\/wp-json\/wp\/v2\/product_cat?post=16933"},{"taxonomy":"product_tag","embeddable":true,"href":"https:\/\/wizardly-davinci.82-223-8-23.plesk.page\/en\/wp-json\/wp\/v2\/product_tag?post=16933"},{"taxonomy":"edicion","embeddable":true,"href":"https:\/\/wizardly-davinci.82-223-8-23.plesk.page\/en\/wp-json\/wp\/v2\/edicion?post=16933"},{"taxonomy":"editoriales","embeddable":true,"href":"https:\/\/wizardly-davinci.82-223-8-23.plesk.page\/en\/wp-json\/wp\/v2\/editoriales?post=16933"},{"taxonomy":"tienda","embeddable":true,"href":"https:\/\/wizardly-davinci.82-223-8-23.plesk.page\/en\/wp-json\/wp\/v2\/tienda?post=16933"},{"taxonomy":"autor_id","embeddable":true,"href":"https:\/\/wizardly-davinci.82-223-8-23.plesk.page\/en\/wp-json\/wp\/v2\/autor_id?post=16933"},{"taxonomy":"universidades_coeditoras","embeddable":true,"href":"https:\/\/wizardly-davinci.82-223-8-23.plesk.page\/en\/wp-json\/wp\/v2\/universidades_coeditoras?post=16933"},{"taxonomy":"palabras_clave","embeddable":true,"href":"https:\/\/wizardly-davinci.82-223-8-23.plesk.page\/en\/wp-json\/wp\/v2\/palabras_clave?post=16933"},{"taxonomy":"listado_alfabetico","embeddable":true,"href":"https:\/\/wizardly-davinci.82-223-8-23.plesk.page\/en\/wp-json\/wp\/v2\/listado_alfabetico?post=16933"}],"curies":[{"name":"wp","href":"https:\/\/api.w.org\/{rel}","templated":true}]}}