{"id":16937,"date":"2019-04-09T22:17:52","date_gmt":"2019-04-09T22:17:52","guid":{"rendered":"https:\/\/octaedro.com\/producto\/desarrollo-del-lenguaje\/"},"modified":"2023-04-20T11:02:46","modified_gmt":"2023-04-20T09:02:46","slug":"desarrollo-del-lenguaje","status":"publish","type":"product","link":"https:\/\/wizardly-davinci.82-223-8-23.plesk.page\/en\/producto\/desarrollo-del-lenguaje\/","title":{"rendered":"Desarrollo del lenguaje"},"content":{"rendered":"<p>Desarrollo del lenguaje tiene la intenci\u00f3n de hacer comprender, a los profesionales de la atenci\u00f3n infantil en el \u00e1rea del lenguaje, algo de lo que pueden y deben conocer para actualizar su trabajo. A los lectores no profesionales de la intervenci\u00f3n logop\u00e9dica, puede servirles para iniciar o ampliar su formaci\u00f3n te\u00f3rica, as\u00ed como para introducirse en nuevas lecturas a partir de \u00e9sta.<\/p>\n","protected":false},"excerpt":{"rendered":"<p>Desarrollo del lenguaje tiene la intenci\u00f3n de hacer comprender, a los profesionales de la atenci\u00f3n infantil en el \u00e1rea del lenguaje, algo de lo que pueden y deben conocer para actualizar su trabajo. A los lectores no profesionales de la intervenci\u00f3n logop\u00e9dica, puede servirles para iniciar o ampliar su formaci\u00f3n te\u00f3rica, as\u00ed como para introducirse en nuevas lecturas a partir de \u00e9sta.<\/p>\n","protected":false},"featured_media":16938,"comment_status":"open","ping_status":"closed","template":"","meta":{"_et_pb_use_builder":"","_et_pb_old_content":"","_et_gb_content_width":""},"product_cat":[1512,6675,7112,9825],"product_tag":[2602],"edicion":[1083],"editoriales":[1160],"tienda":[],"autor_id":[5302],"universidades_coeditoras":[],"palabras_clave":[],"listado_alfabetico":[],"acf":[],"_links":{"self":[{"href":"https:\/\/wizardly-davinci.82-223-8-23.plesk.page\/en\/wp-json\/wp\/v2\/product\/16937"}],"collection":[{"href":"https:\/\/wizardly-davinci.82-223-8-23.plesk.page\/en\/wp-json\/wp\/v2\/product"}],"about":[{"href":"https:\/\/wizardly-davinci.82-223-8-23.plesk.page\/en\/wp-json\/wp\/v2\/types\/product"}],"replies":[{"embeddable":true,"href":"https:\/\/wizardly-davinci.82-223-8-23.plesk.page\/en\/wp-json\/wp\/v2\/comments?post=16937"}],"wp:featuredmedia":[{"embeddable":true,"href":"https:\/\/wizardly-davinci.82-223-8-23.plesk.page\/en\/wp-json\/wp\/v2\/media\/16938"}],"wp:attachment":[{"href":"https:\/\/wizardly-davinci.82-223-8-23.plesk.page\/en\/wp-json\/wp\/v2\/media?parent=16937"}],"wp:term":[{"taxonomy":"product_cat","embeddable":true,"href":"https:\/\/wizardly-davinci.82-223-8-23.plesk.page\/en\/wp-json\/wp\/v2\/product_cat?post=16937"},{"taxonomy":"product_tag","embeddable":true,"href":"https:\/\/wizardly-davinci.82-223-8-23.plesk.page\/en\/wp-json\/wp\/v2\/product_tag?post=16937"},{"taxonomy":"edicion","embeddable":true,"href":"https:\/\/wizardly-davinci.82-223-8-23.plesk.page\/en\/wp-json\/wp\/v2\/edicion?post=16937"},{"taxonomy":"editoriales","embeddable":true,"href":"https:\/\/wizardly-davinci.82-223-8-23.plesk.page\/en\/wp-json\/wp\/v2\/editoriales?post=16937"},{"taxonomy":"tienda","embeddable":true,"href":"https:\/\/wizardly-davinci.82-223-8-23.plesk.page\/en\/wp-json\/wp\/v2\/tienda?post=16937"},{"taxonomy":"autor_id","embeddable":true,"href":"https:\/\/wizardly-davinci.82-223-8-23.plesk.page\/en\/wp-json\/wp\/v2\/autor_id?post=16937"},{"taxonomy":"universidades_coeditoras","embeddable":true,"href":"https:\/\/wizardly-davinci.82-223-8-23.plesk.page\/en\/wp-json\/wp\/v2\/universidades_coeditoras?post=16937"},{"taxonomy":"palabras_clave","embeddable":true,"href":"https:\/\/wizardly-davinci.82-223-8-23.plesk.page\/en\/wp-json\/wp\/v2\/palabras_clave?post=16937"},{"taxonomy":"listado_alfabetico","embeddable":true,"href":"https:\/\/wizardly-davinci.82-223-8-23.plesk.page\/en\/wp-json\/wp\/v2\/listado_alfabetico?post=16937"}],"curies":[{"name":"wp","href":"https:\/\/api.w.org\/{rel}","templated":true}]}}