{"id":16941,"date":"2019-04-09T22:17:53","date_gmt":"2019-04-09T22:17:53","guid":{"rendered":"https:\/\/octaedro.com\/producto\/pensando-la-educacion-infantil\/"},"modified":"2023-04-20T11:02:58","modified_gmt":"2023-04-20T09:02:58","slug":"pensando-la-educacion-infantil","status":"publish","type":"product","link":"https:\/\/wizardly-davinci.82-223-8-23.plesk.page\/en\/producto\/pensando-la-educacion-infantil\/","title":{"rendered":"Pensando la educaci\u00f3n infantil"},"content":{"rendered":"<p>La educaci\u00f3n en los primeros a\u00f1os de vida: \u00bfc\u00f3mo cuidar y orientar a los peque\u00f1os de entre dos meses y seis a\u00f1os? \u00bfC\u00f3mo observar y provocar sus primeras experiencias con otros ni\u00f1os, con nuevos objetos, con el mundo que est\u00e1n descubriendo? Este es un libro dirigido a todos los profesionales que trabajan con ellos, tanto en su desarrollo f\u00edsico como en su educaci\u00f3n.Partiendo de una serie de testimonios de maestros, directivos y padres sobre sus experiencias cotidianas se presentan, en la primera parte, los planteamientos b\u00e1sicos, las dudas y preguntas que en la segunda y tercera parte ser\u00e1n objeto de un an\u00e1lisis m\u00e1s profundo. As\u00ed, tras un largo trabajo hecho con cuidado y minuciosidad, las autoras nos permiten pasar del hacer al pensar y viceversa.<\/p>\n","protected":false},"excerpt":{"rendered":"<p>La educaci\u00f3n en los primeros a\u00f1os de vida: \u00bfc\u00f3mo cuidar y orientar a los peque\u00f1os de entre dos meses y seis a\u00f1os? \u00bfC\u00f3mo observar y provocar sus primeras experiencias con otros ni\u00f1os, con nuevos objetos, con el mundo que est\u00e1n descubriendo? Este es un libro dirigido a todos los profesionales que trabajan con ellos, tanto en su desarrollo f\u00edsico como en su educaci\u00f3n.Partiendo de una serie de testimonios de maestros, directivos y padres sobre sus experiencias cotidianas se presentan, en la primera parte, los planteamientos b\u00e1sicos, las dudas y preguntas que en la segunda y tercera parte ser\u00e1n objeto de un an\u00e1lisis m\u00e1s profundo. As\u00ed, tras un largo trabajo hecho con cuidado y minuciosidad, las autoras nos permiten pasar del hacer al pensar y viceversa.<\/p>\n","protected":false},"featured_media":16942,"comment_status":"open","ping_status":"closed","template":"","meta":{"_et_pb_use_builder":"","_et_pb_old_content":"","_et_gb_content_width":""},"product_cat":[1512],"product_tag":[2602],"edicion":[1083],"editoriales":[1160],"tienda":[],"autor_id":[5804,5882,6009],"universidades_coeditoras":[],"palabras_clave":[],"listado_alfabetico":[],"acf":[],"_links":{"self":[{"href":"https:\/\/wizardly-davinci.82-223-8-23.plesk.page\/en\/wp-json\/wp\/v2\/product\/16941"}],"collection":[{"href":"https:\/\/wizardly-davinci.82-223-8-23.plesk.page\/en\/wp-json\/wp\/v2\/product"}],"about":[{"href":"https:\/\/wizardly-davinci.82-223-8-23.plesk.page\/en\/wp-json\/wp\/v2\/types\/product"}],"replies":[{"embeddable":true,"href":"https:\/\/wizardly-davinci.82-223-8-23.plesk.page\/en\/wp-json\/wp\/v2\/comments?post=16941"}],"wp:featuredmedia":[{"embeddable":true,"href":"https:\/\/wizardly-davinci.82-223-8-23.plesk.page\/en\/wp-json\/wp\/v2\/media\/16942"}],"wp:attachment":[{"href":"https:\/\/wizardly-davinci.82-223-8-23.plesk.page\/en\/wp-json\/wp\/v2\/media?parent=16941"}],"wp:term":[{"taxonomy":"product_cat","embeddable":true,"href":"https:\/\/wizardly-davinci.82-223-8-23.plesk.page\/en\/wp-json\/wp\/v2\/product_cat?post=16941"},{"taxonomy":"product_tag","embeddable":true,"href":"https:\/\/wizardly-davinci.82-223-8-23.plesk.page\/en\/wp-json\/wp\/v2\/product_tag?post=16941"},{"taxonomy":"edicion","embeddable":true,"href":"https:\/\/wizardly-davinci.82-223-8-23.plesk.page\/en\/wp-json\/wp\/v2\/edicion?post=16941"},{"taxonomy":"editoriales","embeddable":true,"href":"https:\/\/wizardly-davinci.82-223-8-23.plesk.page\/en\/wp-json\/wp\/v2\/editoriales?post=16941"},{"taxonomy":"tienda","embeddable":true,"href":"https:\/\/wizardly-davinci.82-223-8-23.plesk.page\/en\/wp-json\/wp\/v2\/tienda?post=16941"},{"taxonomy":"autor_id","embeddable":true,"href":"https:\/\/wizardly-davinci.82-223-8-23.plesk.page\/en\/wp-json\/wp\/v2\/autor_id?post=16941"},{"taxonomy":"universidades_coeditoras","embeddable":true,"href":"https:\/\/wizardly-davinci.82-223-8-23.plesk.page\/en\/wp-json\/wp\/v2\/universidades_coeditoras?post=16941"},{"taxonomy":"palabras_clave","embeddable":true,"href":"https:\/\/wizardly-davinci.82-223-8-23.plesk.page\/en\/wp-json\/wp\/v2\/palabras_clave?post=16941"},{"taxonomy":"listado_alfabetico","embeddable":true,"href":"https:\/\/wizardly-davinci.82-223-8-23.plesk.page\/en\/wp-json\/wp\/v2\/listado_alfabetico?post=16941"}],"curies":[{"name":"wp","href":"https:\/\/api.w.org\/{rel}","templated":true}]}}