{"id":16943,"date":"2019-04-09T22:17:54","date_gmt":"2019-04-09T22:17:54","guid":{"rendered":"https:\/\/octaedro.com\/producto\/cienjuegos\/"},"modified":"2023-04-20T11:03:05","modified_gmt":"2023-04-20T09:03:05","slug":"cienjuegos","status":"publish","type":"product","link":"https:\/\/wizardly-davinci.82-223-8-23.plesk.page\/en\/producto\/cienjuegos\/","title":{"rendered":"Cienjuegos"},"content":{"rendered":"<p>Este cuaderno propone m\u00e1s de cien juegos, r\u00e1pidos y atractivos, para favorecer el dominio y el gusto por la lectura de los ni\u00f1os entre 7 y 11 a\u00f1os. Para los padres que puedan dedicarles unos cinco minutos al d\u00eda, de manera regular, \u00e9stos servir\u00e1n para ayudar al ni\u00f1o a pasar del desciframiento de palabras a poseer una capacidad de lectura fluida. Para los ni\u00f1os, ser\u00e1 una manera activa y l\u00fadica de convertirse en verdaderos lectores en menos de un a\u00f1o escolar. Para ambos, los juegos de lectura pueden ser un breve e intenso momento de complicidad que, adem\u00e1s, afiancen el camino del peque\u00f1o lector.<\/p>\n","protected":false},"excerpt":{"rendered":"<p>Este cuaderno propone m\u00e1s de cien juegos, r\u00e1pidos y atractivos, para favorecer el dominio y el gusto por la lectura de los ni\u00f1os entre 7 y 11 a\u00f1os. Para los padres que puedan dedicarles unos cinco minutos al d\u00eda, de manera regular, \u00e9stos servir\u00e1n para ayudar al ni\u00f1o a pasar del desciframiento de palabras a poseer una capacidad de lectura fluida. Para los ni\u00f1os, ser\u00e1 una manera activa y l\u00fadica de convertirse en verdaderos lectores en menos de un a\u00f1o escolar. Para ambos, los juegos de lectura pueden ser un breve e intenso momento de complicidad que, adem\u00e1s, afiancen el camino del peque\u00f1o lector.<\/p>\n","protected":false},"featured_media":16944,"comment_status":"open","ping_status":"closed","template":"","meta":{"_et_pb_use_builder":"","_et_pb_old_content":"","_et_gb_content_width":""},"product_cat":[1512],"product_tag":[2602],"edicion":[],"editoriales":[1160],"tienda":[],"autor_id":[6250],"universidades_coeditoras":[],"palabras_clave":[],"listado_alfabetico":[],"acf":[],"_links":{"self":[{"href":"https:\/\/wizardly-davinci.82-223-8-23.plesk.page\/en\/wp-json\/wp\/v2\/product\/16943"}],"collection":[{"href":"https:\/\/wizardly-davinci.82-223-8-23.plesk.page\/en\/wp-json\/wp\/v2\/product"}],"about":[{"href":"https:\/\/wizardly-davinci.82-223-8-23.plesk.page\/en\/wp-json\/wp\/v2\/types\/product"}],"replies":[{"embeddable":true,"href":"https:\/\/wizardly-davinci.82-223-8-23.plesk.page\/en\/wp-json\/wp\/v2\/comments?post=16943"}],"wp:featuredmedia":[{"embeddable":true,"href":"https:\/\/wizardly-davinci.82-223-8-23.plesk.page\/en\/wp-json\/wp\/v2\/media\/16944"}],"wp:attachment":[{"href":"https:\/\/wizardly-davinci.82-223-8-23.plesk.page\/en\/wp-json\/wp\/v2\/media?parent=16943"}],"wp:term":[{"taxonomy":"product_cat","embeddable":true,"href":"https:\/\/wizardly-davinci.82-223-8-23.plesk.page\/en\/wp-json\/wp\/v2\/product_cat?post=16943"},{"taxonomy":"product_tag","embeddable":true,"href":"https:\/\/wizardly-davinci.82-223-8-23.plesk.page\/en\/wp-json\/wp\/v2\/product_tag?post=16943"},{"taxonomy":"edicion","embeddable":true,"href":"https:\/\/wizardly-davinci.82-223-8-23.plesk.page\/en\/wp-json\/wp\/v2\/edicion?post=16943"},{"taxonomy":"editoriales","embeddable":true,"href":"https:\/\/wizardly-davinci.82-223-8-23.plesk.page\/en\/wp-json\/wp\/v2\/editoriales?post=16943"},{"taxonomy":"tienda","embeddable":true,"href":"https:\/\/wizardly-davinci.82-223-8-23.plesk.page\/en\/wp-json\/wp\/v2\/tienda?post=16943"},{"taxonomy":"autor_id","embeddable":true,"href":"https:\/\/wizardly-davinci.82-223-8-23.plesk.page\/en\/wp-json\/wp\/v2\/autor_id?post=16943"},{"taxonomy":"universidades_coeditoras","embeddable":true,"href":"https:\/\/wizardly-davinci.82-223-8-23.plesk.page\/en\/wp-json\/wp\/v2\/universidades_coeditoras?post=16943"},{"taxonomy":"palabras_clave","embeddable":true,"href":"https:\/\/wizardly-davinci.82-223-8-23.plesk.page\/en\/wp-json\/wp\/v2\/palabras_clave?post=16943"},{"taxonomy":"listado_alfabetico","embeddable":true,"href":"https:\/\/wizardly-davinci.82-223-8-23.plesk.page\/en\/wp-json\/wp\/v2\/listado_alfabetico?post=16943"}],"curies":[{"name":"wp","href":"https:\/\/api.w.org\/{rel}","templated":true}]}}