{"id":16945,"date":"2019-04-09T22:17:54","date_gmt":"2019-04-09T22:17:54","guid":{"rendered":"https:\/\/octaedro.com\/producto\/la-opcion-de-educar\/"},"modified":"2023-04-20T11:09:42","modified_gmt":"2023-04-20T09:09:42","slug":"la-opcion-de-educar","status":"publish","type":"product","link":"https:\/\/wizardly-davinci.82-223-8-23.plesk.page\/en\/producto\/la-opcion-de-educar\/","title":{"rendered":"La opci\u00f3n de educar"},"content":{"rendered":"<p>El autor muestra la importancia decisiva de la opci\u00f3n \u00e9tica del educador cuando se plantea por objetivo el tratamiento espont\u00e1neo de temas libres, cuando obra simult\u00e1neamente para transmitir instrucci\u00f3n y provocar emancipaci\u00f3n, cuando consigue articular el principio de la capacidad educativa como la universalidad de la cultura, la formaci\u00f3n para la ciudadan\u00eda, la disciplina y las sanciones, el lugar de la did\u00e1ctica y de los aprendizajes metodol\u00f3gicos, el trabajo en equipo, etc.<\/p>\n","protected":false},"excerpt":{"rendered":"<p>El autor muestra la importancia decisiva de la opci\u00f3n \u00e9tica del educador cuando se plantea por objetivo el tratamiento espont\u00e1neo de temas libres, cuando obra simult\u00e1neamente para transmitir instrucci\u00f3n y provocar emancipaci\u00f3n, cuando consigue articular el principio de la capacidad educativa como la universalidad de la cultura, la formaci\u00f3n para la ciudadan\u00eda, la disciplina y las sanciones, el lugar de la did\u00e1ctica y de los aprendizajes metodol\u00f3gicos, el trabajo en equipo, etc.<\/p>\n","protected":false},"featured_media":16946,"comment_status":"open","ping_status":"closed","template":"","meta":{"_et_pb_use_builder":"","_et_pb_old_content":"","_et_gb_content_width":""},"product_cat":[2606,1512,6675,6673],"product_tag":[2604],"edicion":[1084,1083],"editoriales":[1160],"tienda":[],"autor_id":[5961],"universidades_coeditoras":[],"palabras_clave":[],"listado_alfabetico":[],"acf":[],"_links":{"self":[{"href":"https:\/\/wizardly-davinci.82-223-8-23.plesk.page\/en\/wp-json\/wp\/v2\/product\/16945"}],"collection":[{"href":"https:\/\/wizardly-davinci.82-223-8-23.plesk.page\/en\/wp-json\/wp\/v2\/product"}],"about":[{"href":"https:\/\/wizardly-davinci.82-223-8-23.plesk.page\/en\/wp-json\/wp\/v2\/types\/product"}],"replies":[{"embeddable":true,"href":"https:\/\/wizardly-davinci.82-223-8-23.plesk.page\/en\/wp-json\/wp\/v2\/comments?post=16945"}],"wp:featuredmedia":[{"embeddable":true,"href":"https:\/\/wizardly-davinci.82-223-8-23.plesk.page\/en\/wp-json\/wp\/v2\/media\/16946"}],"wp:attachment":[{"href":"https:\/\/wizardly-davinci.82-223-8-23.plesk.page\/en\/wp-json\/wp\/v2\/media?parent=16945"}],"wp:term":[{"taxonomy":"product_cat","embeddable":true,"href":"https:\/\/wizardly-davinci.82-223-8-23.plesk.page\/en\/wp-json\/wp\/v2\/product_cat?post=16945"},{"taxonomy":"product_tag","embeddable":true,"href":"https:\/\/wizardly-davinci.82-223-8-23.plesk.page\/en\/wp-json\/wp\/v2\/product_tag?post=16945"},{"taxonomy":"edicion","embeddable":true,"href":"https:\/\/wizardly-davinci.82-223-8-23.plesk.page\/en\/wp-json\/wp\/v2\/edicion?post=16945"},{"taxonomy":"editoriales","embeddable":true,"href":"https:\/\/wizardly-davinci.82-223-8-23.plesk.page\/en\/wp-json\/wp\/v2\/editoriales?post=16945"},{"taxonomy":"tienda","embeddable":true,"href":"https:\/\/wizardly-davinci.82-223-8-23.plesk.page\/en\/wp-json\/wp\/v2\/tienda?post=16945"},{"taxonomy":"autor_id","embeddable":true,"href":"https:\/\/wizardly-davinci.82-223-8-23.plesk.page\/en\/wp-json\/wp\/v2\/autor_id?post=16945"},{"taxonomy":"universidades_coeditoras","embeddable":true,"href":"https:\/\/wizardly-davinci.82-223-8-23.plesk.page\/en\/wp-json\/wp\/v2\/universidades_coeditoras?post=16945"},{"taxonomy":"palabras_clave","embeddable":true,"href":"https:\/\/wizardly-davinci.82-223-8-23.plesk.page\/en\/wp-json\/wp\/v2\/palabras_clave?post=16945"},{"taxonomy":"listado_alfabetico","embeddable":true,"href":"https:\/\/wizardly-davinci.82-223-8-23.plesk.page\/en\/wp-json\/wp\/v2\/listado_alfabetico?post=16945"}],"curies":[{"name":"wp","href":"https:\/\/api.w.org\/{rel}","templated":true}]}}