{"id":16953,"date":"2019-04-09T22:17:56","date_gmt":"2019-04-09T22:17:56","guid":{"rendered":"https:\/\/octaedro.com\/producto\/violencia-domestica-y-coeducacion\/"},"modified":"2023-04-20T11:10:09","modified_gmt":"2023-04-20T09:10:09","slug":"violencia-domestica-y-coeducacion","status":"publish","type":"product","link":"https:\/\/wizardly-davinci.82-223-8-23.plesk.page\/en\/producto\/violencia-domestica-y-coeducacion\/","title":{"rendered":"Violencia dom\u00e9stica y coeducaci\u00f3n"},"content":{"rendered":"<p>La violencia dom\u00e9stica es un fen\u00f3meno complejo que debemos comprender en su globalidad para poder luchar contra \u00e9l. Este libro ofrece al lector un triple enfoque: en primer lugar, analiza la realidad de la violencia dom\u00e9stica desde la perspectiva del agresor y sus v\u00edctimas; en segundo lugar, pretende desentra\u00f1ar el entramado social sobre el que se sustenta la violencia dom\u00e9stica, demostrando su coste econ\u00f3mico, la relaci\u00f3n con los valores de los y las j\u00f3venes, su presencia en la historia de la literatura y de la m\u00fasica, y c\u00f3mo la realidad social y uso de la lengua se retroalimentan en una espiral androc\u00e9ntrica; por \u00faltimo, se plantean estrategias de Educaci\u00f3n para la Igualdad y la Coeducaci\u00f3n tanto desde el marco la Pedagog\u00eda Social como desde la educaci\u00f3n F\u00edsica y la Educaci\u00f3n Sexual.<\/p>\n","protected":false},"excerpt":{"rendered":"<p>La violencia dom\u00e9stica es un fen\u00f3meno complejo que debemos comprender en su globalidad para poder luchar contra \u00e9l. Este libro ofrece al lector un triple enfoque: en primer lugar, analiza la realidad de la violencia dom\u00e9stica desde la perspectiva del agresor y sus v\u00edctimas; en segundo lugar, pretende desentra\u00f1ar el entramado social sobre el que se sustenta la violencia dom\u00e9stica, demostrando su coste econ\u00f3mico, la relaci\u00f3n con los valores de los y las j\u00f3venes, su presencia en la historia de la literatura y de la m\u00fasica, y c\u00f3mo la realidad social y uso de la lengua se retroalimentan en una espiral androc\u00e9ntrica; por \u00faltimo, se plantean estrategias de Educaci\u00f3n para la Igualdad y la Coeducaci\u00f3n tanto desde el marco la Pedagog\u00eda Social como desde la educaci\u00f3n F\u00edsica y la Educaci\u00f3n Sexual.<\/p>\n","protected":false},"featured_media":16954,"comment_status":"open","ping_status":"closed","template":"","meta":{"_et_pb_use_builder":"","_et_pb_old_content":"","_et_gb_content_width":""},"product_cat":[1512,6675],"product_tag":[2602],"edicion":[1084,1083],"editoriales":[1160],"tienda":[],"autor_id":[5502,6524],"universidades_coeditoras":[],"palabras_clave":[],"listado_alfabetico":[],"acf":[],"_links":{"self":[{"href":"https:\/\/wizardly-davinci.82-223-8-23.plesk.page\/en\/wp-json\/wp\/v2\/product\/16953"}],"collection":[{"href":"https:\/\/wizardly-davinci.82-223-8-23.plesk.page\/en\/wp-json\/wp\/v2\/product"}],"about":[{"href":"https:\/\/wizardly-davinci.82-223-8-23.plesk.page\/en\/wp-json\/wp\/v2\/types\/product"}],"replies":[{"embeddable":true,"href":"https:\/\/wizardly-davinci.82-223-8-23.plesk.page\/en\/wp-json\/wp\/v2\/comments?post=16953"}],"wp:featuredmedia":[{"embeddable":true,"href":"https:\/\/wizardly-davinci.82-223-8-23.plesk.page\/en\/wp-json\/wp\/v2\/media\/16954"}],"wp:attachment":[{"href":"https:\/\/wizardly-davinci.82-223-8-23.plesk.page\/en\/wp-json\/wp\/v2\/media?parent=16953"}],"wp:term":[{"taxonomy":"product_cat","embeddable":true,"href":"https:\/\/wizardly-davinci.82-223-8-23.plesk.page\/en\/wp-json\/wp\/v2\/product_cat?post=16953"},{"taxonomy":"product_tag","embeddable":true,"href":"https:\/\/wizardly-davinci.82-223-8-23.plesk.page\/en\/wp-json\/wp\/v2\/product_tag?post=16953"},{"taxonomy":"edicion","embeddable":true,"href":"https:\/\/wizardly-davinci.82-223-8-23.plesk.page\/en\/wp-json\/wp\/v2\/edicion?post=16953"},{"taxonomy":"editoriales","embeddable":true,"href":"https:\/\/wizardly-davinci.82-223-8-23.plesk.page\/en\/wp-json\/wp\/v2\/editoriales?post=16953"},{"taxonomy":"tienda","embeddable":true,"href":"https:\/\/wizardly-davinci.82-223-8-23.plesk.page\/en\/wp-json\/wp\/v2\/tienda?post=16953"},{"taxonomy":"autor_id","embeddable":true,"href":"https:\/\/wizardly-davinci.82-223-8-23.plesk.page\/en\/wp-json\/wp\/v2\/autor_id?post=16953"},{"taxonomy":"universidades_coeditoras","embeddable":true,"href":"https:\/\/wizardly-davinci.82-223-8-23.plesk.page\/en\/wp-json\/wp\/v2\/universidades_coeditoras?post=16953"},{"taxonomy":"palabras_clave","embeddable":true,"href":"https:\/\/wizardly-davinci.82-223-8-23.plesk.page\/en\/wp-json\/wp\/v2\/palabras_clave?post=16953"},{"taxonomy":"listado_alfabetico","embeddable":true,"href":"https:\/\/wizardly-davinci.82-223-8-23.plesk.page\/en\/wp-json\/wp\/v2\/listado_alfabetico?post=16953"}],"curies":[{"name":"wp","href":"https:\/\/api.w.org\/{rel}","templated":true}]}}