{"id":16961,"date":"2019-04-09T22:17:57","date_gmt":"2019-04-09T22:17:57","guid":{"rendered":"https:\/\/octaedro.com\/producto\/comprender-a-los-adolescentes\/"},"modified":"2023-04-20T11:10:35","modified_gmt":"2023-04-20T09:10:35","slug":"comprender-a-los-adolescentes","status":"publish","type":"product","link":"https:\/\/wizardly-davinci.82-223-8-23.plesk.page\/en\/producto\/comprender-a-los-adolescentes\/","title":{"rendered":"Comprender a los adolescentes"},"content":{"rendered":"<p>Inspir\u00e1ndose en diversas corrientes de la psicolog\u00eda y del psicoan\u00e1lisis y con la mirada puesta en los problemas que plantea la educaci\u00f3n de los adolescentes hoy d\u00eda, Gis\u00e8le Tessier analiza las diferentes etapas de la conversi\u00f3n del ni\u00f1o en adulto. La definici\u00f3n del yo, el descubrimiento del propio cuerpo, las relaciones con los compa\u00f1eros y la sexualidad son incertidumbres que el entorno familiar y escolar puede ayudar a resolver. Este libro est\u00e1 estructurado en cinco cap\u00edtulos que incluyen las tres pruebas esenciales que deben afrontar los adolescentes hasta llegar a la madurez: la prueba parental, la prueba escolar y la prueba de la alteridad.Con un amplio abanico de ejemplos, Gis\u00e8le Tessier propone pautas para que padres y profesionales de la educaci\u00f3n comprendan las dificultades de esta importante etapa de la vida y tengan recursos para orientar a los hombres y mujeres de ma\u00f1ana hacia una relaci\u00f3n equilibrada consigo mismos y con el mundo.<\/p>\n","protected":false},"excerpt":{"rendered":"<p>Inspir\u00e1ndose en diversas corrientes de la psicolog\u00eda y del psicoan\u00e1lisis y con la mirada puesta en los problemas que plantea la educaci\u00f3n de los adolescentes hoy d\u00eda, Gis\u00e8le Tessier analiza las diferentes etapas de la conversi\u00f3n del ni\u00f1o en adulto. La definici\u00f3n del yo, el descubrimiento del propio cuerpo, las relaciones con los compa\u00f1eros y la sexualidad son incertidumbres que el entorno familiar y escolar puede ayudar a resolver. Este libro est\u00e1 estructurado en cinco cap\u00edtulos que incluyen las tres pruebas esenciales que deben afrontar los adolescentes hasta llegar a la madurez: la prueba parental, la prueba escolar y la prueba de la alteridad.Con un amplio abanico de ejemplos, Gis\u00e8le Tessier propone pautas para que padres y profesionales de la educaci\u00f3n comprendan las dificultades de esta importante etapa de la vida y tengan recursos para orientar a los hombres y mujeres de ma\u00f1ana hacia una relaci\u00f3n equilibrada consigo mismos y con el mundo.<\/p>\n","protected":false},"featured_media":16962,"comment_status":"open","ping_status":"closed","template":"","meta":{"_et_pb_use_builder":"","_et_pb_old_content":"","_et_gb_content_width":""},"product_cat":[1512,6675],"product_tag":[2602],"edicion":[1083],"editoriales":[1160],"tienda":[],"autor_id":[6481],"universidades_coeditoras":[],"palabras_clave":[],"listado_alfabetico":[],"acf":[],"_links":{"self":[{"href":"https:\/\/wizardly-davinci.82-223-8-23.plesk.page\/en\/wp-json\/wp\/v2\/product\/16961"}],"collection":[{"href":"https:\/\/wizardly-davinci.82-223-8-23.plesk.page\/en\/wp-json\/wp\/v2\/product"}],"about":[{"href":"https:\/\/wizardly-davinci.82-223-8-23.plesk.page\/en\/wp-json\/wp\/v2\/types\/product"}],"replies":[{"embeddable":true,"href":"https:\/\/wizardly-davinci.82-223-8-23.plesk.page\/en\/wp-json\/wp\/v2\/comments?post=16961"}],"wp:featuredmedia":[{"embeddable":true,"href":"https:\/\/wizardly-davinci.82-223-8-23.plesk.page\/en\/wp-json\/wp\/v2\/media\/16962"}],"wp:attachment":[{"href":"https:\/\/wizardly-davinci.82-223-8-23.plesk.page\/en\/wp-json\/wp\/v2\/media?parent=16961"}],"wp:term":[{"taxonomy":"product_cat","embeddable":true,"href":"https:\/\/wizardly-davinci.82-223-8-23.plesk.page\/en\/wp-json\/wp\/v2\/product_cat?post=16961"},{"taxonomy":"product_tag","embeddable":true,"href":"https:\/\/wizardly-davinci.82-223-8-23.plesk.page\/en\/wp-json\/wp\/v2\/product_tag?post=16961"},{"taxonomy":"edicion","embeddable":true,"href":"https:\/\/wizardly-davinci.82-223-8-23.plesk.page\/en\/wp-json\/wp\/v2\/edicion?post=16961"},{"taxonomy":"editoriales","embeddable":true,"href":"https:\/\/wizardly-davinci.82-223-8-23.plesk.page\/en\/wp-json\/wp\/v2\/editoriales?post=16961"},{"taxonomy":"tienda","embeddable":true,"href":"https:\/\/wizardly-davinci.82-223-8-23.plesk.page\/en\/wp-json\/wp\/v2\/tienda?post=16961"},{"taxonomy":"autor_id","embeddable":true,"href":"https:\/\/wizardly-davinci.82-223-8-23.plesk.page\/en\/wp-json\/wp\/v2\/autor_id?post=16961"},{"taxonomy":"universidades_coeditoras","embeddable":true,"href":"https:\/\/wizardly-davinci.82-223-8-23.plesk.page\/en\/wp-json\/wp\/v2\/universidades_coeditoras?post=16961"},{"taxonomy":"palabras_clave","embeddable":true,"href":"https:\/\/wizardly-davinci.82-223-8-23.plesk.page\/en\/wp-json\/wp\/v2\/palabras_clave?post=16961"},{"taxonomy":"listado_alfabetico","embeddable":true,"href":"https:\/\/wizardly-davinci.82-223-8-23.plesk.page\/en\/wp-json\/wp\/v2\/listado_alfabetico?post=16961"}],"curies":[{"name":"wp","href":"https:\/\/api.w.org\/{rel}","templated":true}]}}