{"id":16968,"date":"2019-04-09T22:21:51","date_gmt":"2019-04-09T22:21:51","guid":{"rendered":"https:\/\/octaedro.com\/producto\/apropiaciones-escolares\/"},"modified":"2023-04-20T11:10:57","modified_gmt":"2023-04-20T09:10:57","slug":"apropiaciones-escolares","status":"publish","type":"product","link":"https:\/\/wizardly-davinci.82-223-8-23.plesk.page\/en\/producto\/apropiaciones-escolares\/","title":{"rendered":"Apropiaciones escolares"},"content":{"rendered":"<p>Apropiaciones escolares es un libro que pretende alejarse de toda interpretaci\u00f3n simple del significado del fracaso escolar en los j\u00f3venes adolescentes. Contra el catastrofismo de discursos medi\u00e1ticos y pol\u00edticos sobre la escolarizaci\u00f3n secundaria obligatoria, este libro pretende dar una respuesta etnogr\u00e1fica, con el estudio emp\u00edrico y sobre el terreno de las experiencias del alumnado de ESO y del sentido que otorga a estas experiencias. Lejos de interpretaciones uniformes y lineales sobre el \u00e9xito o el fracaso escolar, el texto muestra las m\u00faltiples situaciones que se derivan de la combinaci\u00f3n de posiciones sociales (a partir de los ejes de clase, g\u00e9nero y etnia) y de experiencias en los espacios centrales de vida de los adolescentes: la escuela, la familia y el ocio.<\/p>\n","protected":false},"excerpt":{"rendered":"<p>Apropiaciones escolares es un libro que pretende alejarse de toda interpretaci\u00f3n simple del significado del fracaso escolar en los j\u00f3venes adolescentes. Contra el catastrofismo de discursos medi\u00e1ticos y pol\u00edticos sobre la escolarizaci\u00f3n secundaria obligatoria, este libro pretende dar una respuesta etnogr\u00e1fica, con el estudio emp\u00edrico y sobre el terreno de las experiencias del alumnado de ESO y del sentido que otorga a estas experiencias. Lejos de interpretaciones uniformes y lineales sobre el \u00e9xito o el fracaso escolar, el texto muestra las m\u00faltiples situaciones que se derivan de la combinaci\u00f3n de posiciones sociales (a partir de los ejes de clase, g\u00e9nero y etnia) y de experiencias en los espacios centrales de vida de los adolescentes: la escuela, la familia y el ocio.<\/p>\n","protected":false},"featured_media":16969,"comment_status":"open","ping_status":"closed","template":"","meta":{"_et_pb_use_builder":"","_et_pb_old_content":"","_et_gb_content_width":""},"product_cat":[1512],"product_tag":[2602],"edicion":[1083],"editoriales":[1160],"tienda":[],"autor_id":[5168],"universidades_coeditoras":[],"palabras_clave":[],"listado_alfabetico":[],"acf":[],"_links":{"self":[{"href":"https:\/\/wizardly-davinci.82-223-8-23.plesk.page\/en\/wp-json\/wp\/v2\/product\/16968"}],"collection":[{"href":"https:\/\/wizardly-davinci.82-223-8-23.plesk.page\/en\/wp-json\/wp\/v2\/product"}],"about":[{"href":"https:\/\/wizardly-davinci.82-223-8-23.plesk.page\/en\/wp-json\/wp\/v2\/types\/product"}],"replies":[{"embeddable":true,"href":"https:\/\/wizardly-davinci.82-223-8-23.plesk.page\/en\/wp-json\/wp\/v2\/comments?post=16968"}],"wp:featuredmedia":[{"embeddable":true,"href":"https:\/\/wizardly-davinci.82-223-8-23.plesk.page\/en\/wp-json\/wp\/v2\/media\/16969"}],"wp:attachment":[{"href":"https:\/\/wizardly-davinci.82-223-8-23.plesk.page\/en\/wp-json\/wp\/v2\/media?parent=16968"}],"wp:term":[{"taxonomy":"product_cat","embeddable":true,"href":"https:\/\/wizardly-davinci.82-223-8-23.plesk.page\/en\/wp-json\/wp\/v2\/product_cat?post=16968"},{"taxonomy":"product_tag","embeddable":true,"href":"https:\/\/wizardly-davinci.82-223-8-23.plesk.page\/en\/wp-json\/wp\/v2\/product_tag?post=16968"},{"taxonomy":"edicion","embeddable":true,"href":"https:\/\/wizardly-davinci.82-223-8-23.plesk.page\/en\/wp-json\/wp\/v2\/edicion?post=16968"},{"taxonomy":"editoriales","embeddable":true,"href":"https:\/\/wizardly-davinci.82-223-8-23.plesk.page\/en\/wp-json\/wp\/v2\/editoriales?post=16968"},{"taxonomy":"tienda","embeddable":true,"href":"https:\/\/wizardly-davinci.82-223-8-23.plesk.page\/en\/wp-json\/wp\/v2\/tienda?post=16968"},{"taxonomy":"autor_id","embeddable":true,"href":"https:\/\/wizardly-davinci.82-223-8-23.plesk.page\/en\/wp-json\/wp\/v2\/autor_id?post=16968"},{"taxonomy":"universidades_coeditoras","embeddable":true,"href":"https:\/\/wizardly-davinci.82-223-8-23.plesk.page\/en\/wp-json\/wp\/v2\/universidades_coeditoras?post=16968"},{"taxonomy":"palabras_clave","embeddable":true,"href":"https:\/\/wizardly-davinci.82-223-8-23.plesk.page\/en\/wp-json\/wp\/v2\/palabras_clave?post=16968"},{"taxonomy":"listado_alfabetico","embeddable":true,"href":"https:\/\/wizardly-davinci.82-223-8-23.plesk.page\/en\/wp-json\/wp\/v2\/listado_alfabetico?post=16968"}],"curies":[{"name":"wp","href":"https:\/\/api.w.org\/{rel}","templated":true}]}}