{"id":16970,"date":"2019-04-09T22:21:51","date_gmt":"2019-04-09T22:21:51","guid":{"rendered":"https:\/\/octaedro.com\/producto\/antiestres-para-profesores\/"},"modified":"2023-04-20T11:11:03","modified_gmt":"2023-04-20T09:11:03","slug":"antiestres-para-profesores","status":"publish","type":"product","link":"https:\/\/wizardly-davinci.82-223-8-23.plesk.page\/en\/producto\/antiestres-para-profesores\/","title":{"rendered":"Antiestr\u00e9s para profesores"},"content":{"rendered":"<p>La ense\u00f1anza es considerada una profesi\u00f3n estresante y lo cierto es que los educadores necesitan desarrollar estrategias adecuadas para enfrentarse al estr\u00e9s laboral. Este libro es una gu\u00eda pr\u00e1ctica para ayudar a los profesores a conseguirlo y en \u00e9l se explica: la naturaleza y las posibles causas del estr\u00e9s, c\u00f3mo prevenir el estr\u00e9s, un abanico de estrategias de acci\u00f3n directa y de t\u00e9cnicas paliativas y lo que los centros escolares pueden hacer para minimizar el estr\u00e9s de sus docentes.<\/p>\n","protected":false},"excerpt":{"rendered":"<p>La ense\u00f1anza es considerada una profesi\u00f3n estresante y lo cierto es que los educadores necesitan desarrollar estrategias adecuadas para enfrentarse al estr\u00e9s laboral. Este libro es una gu\u00eda pr\u00e1ctica para ayudar a los profesores a conseguirlo y en \u00e9l se explica: la naturaleza y las posibles causas del estr\u00e9s, c\u00f3mo prevenir el estr\u00e9s, un abanico de estrategias de acci\u00f3n directa y de t\u00e9cnicas paliativas y lo que los centros escolares pueden hacer para minimizar el estr\u00e9s de sus docentes.<\/p>\n","protected":false},"featured_media":16971,"comment_status":"open","ping_status":"closed","template":"","meta":{"_et_pb_use_builder":"","_et_pb_old_content":"","_et_gb_content_width":""},"product_cat":[1512,6675],"product_tag":[2602],"edicion":[1083],"editoriales":[1160],"tienda":[],"autor_id":[5781],"universidades_coeditoras":[],"palabras_clave":[],"listado_alfabetico":[],"acf":[],"_links":{"self":[{"href":"https:\/\/wizardly-davinci.82-223-8-23.plesk.page\/en\/wp-json\/wp\/v2\/product\/16970"}],"collection":[{"href":"https:\/\/wizardly-davinci.82-223-8-23.plesk.page\/en\/wp-json\/wp\/v2\/product"}],"about":[{"href":"https:\/\/wizardly-davinci.82-223-8-23.plesk.page\/en\/wp-json\/wp\/v2\/types\/product"}],"replies":[{"embeddable":true,"href":"https:\/\/wizardly-davinci.82-223-8-23.plesk.page\/en\/wp-json\/wp\/v2\/comments?post=16970"}],"wp:featuredmedia":[{"embeddable":true,"href":"https:\/\/wizardly-davinci.82-223-8-23.plesk.page\/en\/wp-json\/wp\/v2\/media\/16971"}],"wp:attachment":[{"href":"https:\/\/wizardly-davinci.82-223-8-23.plesk.page\/en\/wp-json\/wp\/v2\/media?parent=16970"}],"wp:term":[{"taxonomy":"product_cat","embeddable":true,"href":"https:\/\/wizardly-davinci.82-223-8-23.plesk.page\/en\/wp-json\/wp\/v2\/product_cat?post=16970"},{"taxonomy":"product_tag","embeddable":true,"href":"https:\/\/wizardly-davinci.82-223-8-23.plesk.page\/en\/wp-json\/wp\/v2\/product_tag?post=16970"},{"taxonomy":"edicion","embeddable":true,"href":"https:\/\/wizardly-davinci.82-223-8-23.plesk.page\/en\/wp-json\/wp\/v2\/edicion?post=16970"},{"taxonomy":"editoriales","embeddable":true,"href":"https:\/\/wizardly-davinci.82-223-8-23.plesk.page\/en\/wp-json\/wp\/v2\/editoriales?post=16970"},{"taxonomy":"tienda","embeddable":true,"href":"https:\/\/wizardly-davinci.82-223-8-23.plesk.page\/en\/wp-json\/wp\/v2\/tienda?post=16970"},{"taxonomy":"autor_id","embeddable":true,"href":"https:\/\/wizardly-davinci.82-223-8-23.plesk.page\/en\/wp-json\/wp\/v2\/autor_id?post=16970"},{"taxonomy":"universidades_coeditoras","embeddable":true,"href":"https:\/\/wizardly-davinci.82-223-8-23.plesk.page\/en\/wp-json\/wp\/v2\/universidades_coeditoras?post=16970"},{"taxonomy":"palabras_clave","embeddable":true,"href":"https:\/\/wizardly-davinci.82-223-8-23.plesk.page\/en\/wp-json\/wp\/v2\/palabras_clave?post=16970"},{"taxonomy":"listado_alfabetico","embeddable":true,"href":"https:\/\/wizardly-davinci.82-223-8-23.plesk.page\/en\/wp-json\/wp\/v2\/listado_alfabetico?post=16970"}],"curies":[{"name":"wp","href":"https:\/\/api.w.org\/{rel}","templated":true}]}}