{"id":16974,"date":"2019-04-09T22:21:52","date_gmt":"2019-04-09T22:21:52","guid":{"rendered":"https:\/\/octaedro.com\/producto\/la-comunicacion-oral\/"},"modified":"2023-04-20T11:11:16","modified_gmt":"2023-04-20T09:11:16","slug":"la-comunicacion-oral","status":"publish","type":"product","link":"https:\/\/wizardly-davinci.82-223-8-23.plesk.page\/en\/producto\/la-comunicacion-oral\/","title":{"rendered":"La comunicaci\u00f3n oral"},"content":{"rendered":"<p>Abordar la ense\u00f1anza de las lenguas desde una perspectiva funcional y comunicativa ha conllevado al rescate de la comunicaci\u00f3n oral en las aulas.Los \u00faltimos par\u00e1metros curriculares reflejan la importancia del tratamiento did\u00e1ctico de la expresi\u00f3n hablada en las m\u00faltiples situaciones comunicativas. Se han cambiado, por tanto, antiguos esquemas ideol\u00f3gicos y se nos exigen nuevas propuestas pr\u00e1cticas para la adquisici\u00f3n de las destrezas orales.Este libro pretende aportar, junto a una base te\u00f3rica s\u00f3lida en torno al discurso oral, una diversidad de propuestas did\u00e1cticas orientadas a los distintos tramos de la Educaci\u00f3n Primaria para el desarrollo de la competencia comunicativa oral en los escolares.<\/p>\n","protected":false},"excerpt":{"rendered":"<p>Abordar la ense\u00f1anza de las lenguas desde una perspectiva funcional y comunicativa ha conllevado al rescate de la comunicaci\u00f3n oral en las aulas.Los \u00faltimos par\u00e1metros curriculares reflejan la importancia del tratamiento did\u00e1ctico de la expresi\u00f3n hablada en las m\u00faltiples situaciones comunicativas. Se han cambiado, por tanto, antiguos esquemas ideol\u00f3gicos y se nos exigen nuevas propuestas pr\u00e1cticas para la adquisici\u00f3n de las destrezas orales.Este libro pretende aportar, junto a una base te\u00f3rica s\u00f3lida en torno al discurso oral, una diversidad de propuestas did\u00e1cticas orientadas a los distintos tramos de la Educaci\u00f3n Primaria para el desarrollo de la competencia comunicativa oral en los escolares.<\/p>\n","protected":false},"featured_media":16975,"comment_status":"open","ping_status":"closed","template":"","meta":{"_et_pb_use_builder":"","_et_pb_old_content":"","_et_gb_content_width":""},"product_cat":[1512,6675],"product_tag":[2602],"edicion":[1083],"editoriales":[1160],"tienda":[],"autor_id":[6216],"universidades_coeditoras":[],"palabras_clave":[],"listado_alfabetico":[],"acf":[],"_links":{"self":[{"href":"https:\/\/wizardly-davinci.82-223-8-23.plesk.page\/en\/wp-json\/wp\/v2\/product\/16974"}],"collection":[{"href":"https:\/\/wizardly-davinci.82-223-8-23.plesk.page\/en\/wp-json\/wp\/v2\/product"}],"about":[{"href":"https:\/\/wizardly-davinci.82-223-8-23.plesk.page\/en\/wp-json\/wp\/v2\/types\/product"}],"replies":[{"embeddable":true,"href":"https:\/\/wizardly-davinci.82-223-8-23.plesk.page\/en\/wp-json\/wp\/v2\/comments?post=16974"}],"wp:featuredmedia":[{"embeddable":true,"href":"https:\/\/wizardly-davinci.82-223-8-23.plesk.page\/en\/wp-json\/wp\/v2\/media\/16975"}],"wp:attachment":[{"href":"https:\/\/wizardly-davinci.82-223-8-23.plesk.page\/en\/wp-json\/wp\/v2\/media?parent=16974"}],"wp:term":[{"taxonomy":"product_cat","embeddable":true,"href":"https:\/\/wizardly-davinci.82-223-8-23.plesk.page\/en\/wp-json\/wp\/v2\/product_cat?post=16974"},{"taxonomy":"product_tag","embeddable":true,"href":"https:\/\/wizardly-davinci.82-223-8-23.plesk.page\/en\/wp-json\/wp\/v2\/product_tag?post=16974"},{"taxonomy":"edicion","embeddable":true,"href":"https:\/\/wizardly-davinci.82-223-8-23.plesk.page\/en\/wp-json\/wp\/v2\/edicion?post=16974"},{"taxonomy":"editoriales","embeddable":true,"href":"https:\/\/wizardly-davinci.82-223-8-23.plesk.page\/en\/wp-json\/wp\/v2\/editoriales?post=16974"},{"taxonomy":"tienda","embeddable":true,"href":"https:\/\/wizardly-davinci.82-223-8-23.plesk.page\/en\/wp-json\/wp\/v2\/tienda?post=16974"},{"taxonomy":"autor_id","embeddable":true,"href":"https:\/\/wizardly-davinci.82-223-8-23.plesk.page\/en\/wp-json\/wp\/v2\/autor_id?post=16974"},{"taxonomy":"universidades_coeditoras","embeddable":true,"href":"https:\/\/wizardly-davinci.82-223-8-23.plesk.page\/en\/wp-json\/wp\/v2\/universidades_coeditoras?post=16974"},{"taxonomy":"palabras_clave","embeddable":true,"href":"https:\/\/wizardly-davinci.82-223-8-23.plesk.page\/en\/wp-json\/wp\/v2\/palabras_clave?post=16974"},{"taxonomy":"listado_alfabetico","embeddable":true,"href":"https:\/\/wizardly-davinci.82-223-8-23.plesk.page\/en\/wp-json\/wp\/v2\/listado_alfabetico?post=16974"}],"curies":[{"name":"wp","href":"https:\/\/api.w.org\/{rel}","templated":true}]}}