{"id":16980,"date":"2019-04-09T22:21:54","date_gmt":"2019-04-09T22:21:54","guid":{"rendered":"https:\/\/octaedro.com\/producto\/reevaluar\/"},"modified":"2023-04-20T11:11:35","modified_gmt":"2023-04-20T09:11:35","slug":"reevaluar","status":"publish","type":"product","link":"https:\/\/wizardly-davinci.82-223-8-23.plesk.page\/en\/producto\/reevaluar\/","title":{"rendered":"Reevaluar"},"content":{"rendered":"<p>Profesorado y administraci\u00f3n trabajan hoy para una nueva cultura evaluadora. Y es que la evaluaci\u00f3n se ha centrado a menudo en el rendimiento del alumnado, en los resultados obtenidos y muy poco en las condiciones de desarrollo de cada persona o grupo. La evaluaci\u00f3n se concibe, as\u00ed, como una barrera que se ha de saltar para poder continuar el camino.Los autores de <span class=\"destacat\">Reevaluar<\/span>, profesionales de educaci\u00f3n infantil, primaria y secundaria, proponen una evaluaci\u00f3n que llaman figuroanal\u00f3gica, que complementa las otras formas de evaluar y en alg\u00fan aspecto las cuestiona. Esta nueva propuesta quiere valorar (dar valor y juzgar) aspectos poco atendidos en el aula: la participaci\u00f3n, la coherencia del discurso, la capacidad de relacionar, la manera de dirigirse a los dem\u00e1s, la facultad de escuchar, la autocorrecci\u00f3n&#8230; As\u00ed, la evaluaci\u00f3n a partir de figuras muestra el potencial que tiene la analog\u00eda como instrumento de conceptualizaci\u00f3n y de formaci\u00f3n del pensamiento.<\/p>\n","protected":false},"excerpt":{"rendered":"<p>Profesorado y administraci\u00f3n trabajan hoy para una nueva cultura evaluadora. Y es que la evaluaci\u00f3n se ha centrado a menudo en el rendimiento del alumnado, en los resultados obtenidos y muy poco en las condiciones de desarrollo de cada persona o grupo. La evaluaci\u00f3n se concibe, as\u00ed, como una barrera que se ha de saltar para poder continuar el camino.Los autores de <span class=\"destacat\">Reevaluar<\/span>, profesionales de educaci\u00f3n infantil, primaria y secundaria, proponen una evaluaci\u00f3n que llaman figuroanal\u00f3gica, que complementa las otras formas de evaluar y en alg\u00fan aspecto las cuestiona. Esta nueva propuesta quiere valorar (dar valor y juzgar) aspectos poco atendidos en el aula: la participaci\u00f3n, la coherencia del discurso, la capacidad de relacionar, la manera de dirigirse a los dem\u00e1s, la facultad de escuchar, la autocorrecci\u00f3n&#8230; As\u00ed, la evaluaci\u00f3n a partir de figuras muestra el potencial que tiene la analog\u00eda como instrumento de conceptualizaci\u00f3n y de formaci\u00f3n del pensamiento.<\/p>\n","protected":false},"featured_media":16981,"comment_status":"open","ping_status":"closed","template":"","meta":{"_et_pb_use_builder":"","_et_pb_old_content":"","_et_gb_content_width":""},"product_cat":[1512,1511],"product_tag":[2602],"edicion":[1083],"editoriales":[1160],"tienda":[],"autor_id":[5042,5265,6025,6187,6468],"universidades_coeditoras":[],"palabras_clave":[],"listado_alfabetico":[],"acf":[],"_links":{"self":[{"href":"https:\/\/wizardly-davinci.82-223-8-23.plesk.page\/en\/wp-json\/wp\/v2\/product\/16980"}],"collection":[{"href":"https:\/\/wizardly-davinci.82-223-8-23.plesk.page\/en\/wp-json\/wp\/v2\/product"}],"about":[{"href":"https:\/\/wizardly-davinci.82-223-8-23.plesk.page\/en\/wp-json\/wp\/v2\/types\/product"}],"replies":[{"embeddable":true,"href":"https:\/\/wizardly-davinci.82-223-8-23.plesk.page\/en\/wp-json\/wp\/v2\/comments?post=16980"}],"wp:featuredmedia":[{"embeddable":true,"href":"https:\/\/wizardly-davinci.82-223-8-23.plesk.page\/en\/wp-json\/wp\/v2\/media\/16981"}],"wp:attachment":[{"href":"https:\/\/wizardly-davinci.82-223-8-23.plesk.page\/en\/wp-json\/wp\/v2\/media?parent=16980"}],"wp:term":[{"taxonomy":"product_cat","embeddable":true,"href":"https:\/\/wizardly-davinci.82-223-8-23.plesk.page\/en\/wp-json\/wp\/v2\/product_cat?post=16980"},{"taxonomy":"product_tag","embeddable":true,"href":"https:\/\/wizardly-davinci.82-223-8-23.plesk.page\/en\/wp-json\/wp\/v2\/product_tag?post=16980"},{"taxonomy":"edicion","embeddable":true,"href":"https:\/\/wizardly-davinci.82-223-8-23.plesk.page\/en\/wp-json\/wp\/v2\/edicion?post=16980"},{"taxonomy":"editoriales","embeddable":true,"href":"https:\/\/wizardly-davinci.82-223-8-23.plesk.page\/en\/wp-json\/wp\/v2\/editoriales?post=16980"},{"taxonomy":"tienda","embeddable":true,"href":"https:\/\/wizardly-davinci.82-223-8-23.plesk.page\/en\/wp-json\/wp\/v2\/tienda?post=16980"},{"taxonomy":"autor_id","embeddable":true,"href":"https:\/\/wizardly-davinci.82-223-8-23.plesk.page\/en\/wp-json\/wp\/v2\/autor_id?post=16980"},{"taxonomy":"universidades_coeditoras","embeddable":true,"href":"https:\/\/wizardly-davinci.82-223-8-23.plesk.page\/en\/wp-json\/wp\/v2\/universidades_coeditoras?post=16980"},{"taxonomy":"palabras_clave","embeddable":true,"href":"https:\/\/wizardly-davinci.82-223-8-23.plesk.page\/en\/wp-json\/wp\/v2\/palabras_clave?post=16980"},{"taxonomy":"listado_alfabetico","embeddable":true,"href":"https:\/\/wizardly-davinci.82-223-8-23.plesk.page\/en\/wp-json\/wp\/v2\/listado_alfabetico?post=16980"}],"curies":[{"name":"wp","href":"https:\/\/api.w.org\/{rel}","templated":true}]}}