{"id":16992,"date":"2019-04-09T22:21:56","date_gmt":"2019-04-09T22:21:56","guid":{"rendered":"https:\/\/octaedro.com\/producto\/como-desarrollar-el-pensamiento-matematico-de-0-a-6-anos\/"},"modified":"2023-04-20T11:12:16","modified_gmt":"2023-04-20T09:12:16","slug":"como-desarrollar-el-pensamiento-matematico-de-0-a-6-anos","status":"publish","type":"product","link":"https:\/\/wizardly-davinci.82-223-8-23.plesk.page\/en\/producto\/como-desarrollar-el-pensamiento-matematico-de-0-a-6-anos\/","title":{"rendered":"C\u00f3mo desarrollar el pensamiento matem\u00e1tico de 0 a 6 a\u00f1os"},"content":{"rendered":"<p>En los \u00faltimos tiempos ha ido cambiando la finalidad de la escuela durante los primeros a\u00f1os, sobre todo de los 0 a los 3 a\u00f1os. La tarea estrictamente asistencial se ha sustituido por una importante funci\u00f3n educativa que responde a todas las necesidades del ni\u00f1o\/a y le ayuda a interpretar el mundo que le rodea. Desde esta perspectiva, tanto en el jard\u00edn de infancia como en el parvulario se ha de ofrecer instrumentos para ir desarrollando el pensamiento matem\u00e1tico.<\/p>\n","protected":false},"excerpt":{"rendered":"<p>En los \u00faltimos tiempos ha ido cambiando la finalidad de la escuela durante los primeros a\u00f1os, sobre todo de los 0 a los 3 a\u00f1os. La tarea estrictamente asistencial se ha sustituido por una importante funci\u00f3n educativa que responde a todas las necesidades del ni\u00f1o\/a y le ayuda a interpretar el mundo que le rodea. Desde esta perspectiva, tanto en el jard\u00edn de infancia como en el parvulario se ha de ofrecer instrumentos para ir desarrollando el pensamiento matem\u00e1tico.<\/p>\n","protected":false},"featured_media":16993,"comment_status":"open","ping_status":"closed","template":"","meta":{"_et_pb_use_builder":"","_et_pb_old_content":"","_et_gb_content_width":""},"product_cat":[1512,6675,7112],"product_tag":[2602],"edicion":[1083],"editoriales":[1160],"tienda":[],"autor_id":[5025],"universidades_coeditoras":[],"palabras_clave":[],"listado_alfabetico":[],"acf":[],"_links":{"self":[{"href":"https:\/\/wizardly-davinci.82-223-8-23.plesk.page\/en\/wp-json\/wp\/v2\/product\/16992"}],"collection":[{"href":"https:\/\/wizardly-davinci.82-223-8-23.plesk.page\/en\/wp-json\/wp\/v2\/product"}],"about":[{"href":"https:\/\/wizardly-davinci.82-223-8-23.plesk.page\/en\/wp-json\/wp\/v2\/types\/product"}],"replies":[{"embeddable":true,"href":"https:\/\/wizardly-davinci.82-223-8-23.plesk.page\/en\/wp-json\/wp\/v2\/comments?post=16992"}],"wp:featuredmedia":[{"embeddable":true,"href":"https:\/\/wizardly-davinci.82-223-8-23.plesk.page\/en\/wp-json\/wp\/v2\/media\/16993"}],"wp:attachment":[{"href":"https:\/\/wizardly-davinci.82-223-8-23.plesk.page\/en\/wp-json\/wp\/v2\/media?parent=16992"}],"wp:term":[{"taxonomy":"product_cat","embeddable":true,"href":"https:\/\/wizardly-davinci.82-223-8-23.plesk.page\/en\/wp-json\/wp\/v2\/product_cat?post=16992"},{"taxonomy":"product_tag","embeddable":true,"href":"https:\/\/wizardly-davinci.82-223-8-23.plesk.page\/en\/wp-json\/wp\/v2\/product_tag?post=16992"},{"taxonomy":"edicion","embeddable":true,"href":"https:\/\/wizardly-davinci.82-223-8-23.plesk.page\/en\/wp-json\/wp\/v2\/edicion?post=16992"},{"taxonomy":"editoriales","embeddable":true,"href":"https:\/\/wizardly-davinci.82-223-8-23.plesk.page\/en\/wp-json\/wp\/v2\/editoriales?post=16992"},{"taxonomy":"tienda","embeddable":true,"href":"https:\/\/wizardly-davinci.82-223-8-23.plesk.page\/en\/wp-json\/wp\/v2\/tienda?post=16992"},{"taxonomy":"autor_id","embeddable":true,"href":"https:\/\/wizardly-davinci.82-223-8-23.plesk.page\/en\/wp-json\/wp\/v2\/autor_id?post=16992"},{"taxonomy":"universidades_coeditoras","embeddable":true,"href":"https:\/\/wizardly-davinci.82-223-8-23.plesk.page\/en\/wp-json\/wp\/v2\/universidades_coeditoras?post=16992"},{"taxonomy":"palabras_clave","embeddable":true,"href":"https:\/\/wizardly-davinci.82-223-8-23.plesk.page\/en\/wp-json\/wp\/v2\/palabras_clave?post=16992"},{"taxonomy":"listado_alfabetico","embeddable":true,"href":"https:\/\/wizardly-davinci.82-223-8-23.plesk.page\/en\/wp-json\/wp\/v2\/listado_alfabetico?post=16992"}],"curies":[{"name":"wp","href":"https:\/\/api.w.org\/{rel}","templated":true}]}}