{"id":16994,"date":"2019-04-09T22:21:56","date_gmt":"2019-04-09T22:21:56","guid":{"rendered":"https:\/\/octaedro.com\/producto\/aprender-a-cuidar-y-a-cuidarnos\/"},"modified":"2023-04-20T11:12:23","modified_gmt":"2023-04-20T09:12:23","slug":"aprender-a-cuidar-y-a-cuidarnos","status":"publish","type":"product","link":"https:\/\/wizardly-davinci.82-223-8-23.plesk.page\/en\/producto\/aprender-a-cuidar-y-a-cuidarnos\/","title":{"rendered":"Aprender a cuidar y a cuidarnos"},"content":{"rendered":"<p>Este libro relata unas experiencias de aula realizadas para integrar en los centros escolares actividades que normalmente hacemos en casa y de las que, tradicionalmente, se han ocupado las mujeres. Nos referimos a los saberes y a la pr\u00e1ctica asociadas a la cocina, a la ropa y al cuidado de otras personas, pero tambi\u00e9n a la corresponsabilidad y la autonom\u00eda en las tareas de cuidado familiar. Uno de nuestros objetivos es revalorizar estas pr\u00e1cticas de cuidado como contenido curricular y potenciar que el alumnado tome conciencia de la importancia de establecer unas relaciones satisfactorias en el \u00e1mbito escolar y en el familiar; tambi\u00e9n nos gustar\u00eda que valorase las aportaciones de los diferentes miembros del n\u00facleo familiar y que colaborase en la construcci\u00f3n de unas relaciones interpersonales basadas en el conocimiento de s\u00ed mismo y de los dem\u00e1s, en el respeto derivado de la coordinaci\u00f3n de intereses, deseos y expectativas, de sentimientos y emociones e ideas propias con las de los dem\u00e1s, en la reciprocidad de deberes y derechos, y en la solidaridad activa. Se trata de una experiencia explorativa que damos a conocer para animar a otros profesores y profesoras a continuar con otras experiencias que quiz\u00e1s puedan aprovechar nuestros resultados.<\/p>\n","protected":false},"excerpt":{"rendered":"<p>Este libro relata unas experiencias de aula realizadas para integrar en los centros escolares actividades que normalmente hacemos en casa y de las que, tradicionalmente, se han ocupado las mujeres. Nos referimos a los saberes y a la pr\u00e1ctica asociadas a la cocina, a la ropa y al cuidado de otras personas, pero tambi\u00e9n a la corresponsabilidad y la autonom\u00eda en las tareas de cuidado familiar. Uno de nuestros objetivos es revalorizar estas pr\u00e1cticas de cuidado como contenido curricular y potenciar que el alumnado tome conciencia de la importancia de establecer unas relaciones satisfactorias en el \u00e1mbito escolar y en el familiar; tambi\u00e9n nos gustar\u00eda que valorase las aportaciones de los diferentes miembros del n\u00facleo familiar y que colaborase en la construcci\u00f3n de unas relaciones interpersonales basadas en el conocimiento de s\u00ed mismo y de los dem\u00e1s, en el respeto derivado de la coordinaci\u00f3n de intereses, deseos y expectativas, de sentimientos y emociones e ideas propias con las de los dem\u00e1s, en la reciprocidad de deberes y derechos, y en la solidaridad activa. Se trata de una experiencia explorativa que damos a conocer para animar a otros profesores y profesoras a continuar con otras experiencias que quiz\u00e1s puedan aprovechar nuestros resultados.<\/p>\n","protected":false},"featured_media":16995,"comment_status":"open","ping_status":"closed","template":"","meta":{"_et_pb_use_builder":"","_et_pb_old_content":"","_et_gb_content_width":""},"product_cat":[1512,6675],"product_tag":[2602],"edicion":[1083],"editoriales":[1160],"tienda":[],"autor_id":[5972,6180,6428,6448,6495],"universidades_coeditoras":[],"palabras_clave":[],"listado_alfabetico":[],"acf":[],"_links":{"self":[{"href":"https:\/\/wizardly-davinci.82-223-8-23.plesk.page\/en\/wp-json\/wp\/v2\/product\/16994"}],"collection":[{"href":"https:\/\/wizardly-davinci.82-223-8-23.plesk.page\/en\/wp-json\/wp\/v2\/product"}],"about":[{"href":"https:\/\/wizardly-davinci.82-223-8-23.plesk.page\/en\/wp-json\/wp\/v2\/types\/product"}],"replies":[{"embeddable":true,"href":"https:\/\/wizardly-davinci.82-223-8-23.plesk.page\/en\/wp-json\/wp\/v2\/comments?post=16994"}],"wp:featuredmedia":[{"embeddable":true,"href":"https:\/\/wizardly-davinci.82-223-8-23.plesk.page\/en\/wp-json\/wp\/v2\/media\/16995"}],"wp:attachment":[{"href":"https:\/\/wizardly-davinci.82-223-8-23.plesk.page\/en\/wp-json\/wp\/v2\/media?parent=16994"}],"wp:term":[{"taxonomy":"product_cat","embeddable":true,"href":"https:\/\/wizardly-davinci.82-223-8-23.plesk.page\/en\/wp-json\/wp\/v2\/product_cat?post=16994"},{"taxonomy":"product_tag","embeddable":true,"href":"https:\/\/wizardly-davinci.82-223-8-23.plesk.page\/en\/wp-json\/wp\/v2\/product_tag?post=16994"},{"taxonomy":"edicion","embeddable":true,"href":"https:\/\/wizardly-davinci.82-223-8-23.plesk.page\/en\/wp-json\/wp\/v2\/edicion?post=16994"},{"taxonomy":"editoriales","embeddable":true,"href":"https:\/\/wizardly-davinci.82-223-8-23.plesk.page\/en\/wp-json\/wp\/v2\/editoriales?post=16994"},{"taxonomy":"tienda","embeddable":true,"href":"https:\/\/wizardly-davinci.82-223-8-23.plesk.page\/en\/wp-json\/wp\/v2\/tienda?post=16994"},{"taxonomy":"autor_id","embeddable":true,"href":"https:\/\/wizardly-davinci.82-223-8-23.plesk.page\/en\/wp-json\/wp\/v2\/autor_id?post=16994"},{"taxonomy":"universidades_coeditoras","embeddable":true,"href":"https:\/\/wizardly-davinci.82-223-8-23.plesk.page\/en\/wp-json\/wp\/v2\/universidades_coeditoras?post=16994"},{"taxonomy":"palabras_clave","embeddable":true,"href":"https:\/\/wizardly-davinci.82-223-8-23.plesk.page\/en\/wp-json\/wp\/v2\/palabras_clave?post=16994"},{"taxonomy":"listado_alfabetico","embeddable":true,"href":"https:\/\/wizardly-davinci.82-223-8-23.plesk.page\/en\/wp-json\/wp\/v2\/listado_alfabetico?post=16994"}],"curies":[{"name":"wp","href":"https:\/\/api.w.org\/{rel}","templated":true}]}}