{"id":17020,"date":"2019-04-09T22:22:04","date_gmt":"2019-04-09T22:22:04","guid":{"rendered":"https:\/\/octaedro.com\/producto\/que-significa-educar-en-valores-hoy\/"},"modified":"2023-04-20T11:17:00","modified_gmt":"2023-04-20T09:17:00","slug":"que-significa-educar-en-valores-hoy","status":"publish","type":"product","link":"https:\/\/wizardly-davinci.82-223-8-23.plesk.page\/en\/producto\/que-significa-educar-en-valores-hoy\/","title":{"rendered":"\u00bfQu\u00e9 significa educar en valores hoy?"},"content":{"rendered":"<p>Educar en valores es participar en un aut\u00e9ntico proceso de desarrollo y construcci\u00f3n personal. Una participaci\u00f3n que en lenguaje educativo consiste en crear condiciones pedag\u00f3gicas y sociales para que dicha construcci\u00f3n se lleve a cabo de una forma \u00f3ptima. Educar en valores es en cierta medida \u201cpragmatizar\u201d y articular en las relaciones sociales y en las instituciones lo que se nos viene diciendo, hace ya muchos a\u00f1os, desde la filosof\u00eda moral, pol\u00edtica y del derecho.Con ello se abre la posibilidad de mirar m\u00e1s complejamente los procesos educativos. Estos no deben restringirse a la preparaci\u00f3n en determinados saberes, sino que ante todo deben comprenderse como procesos de formaci\u00f3n de una cultura ciudadana pluralista, democr\u00e1tica y solidaria. Educar en valores hoy es formar ciudadanas y ciudadanos aut\u00e9nticos que sepan asumir conscientemente los retos de la globalizaci\u00f3n y puedan comprometerse en la construcci\u00f3n de un mundo m\u00e1s justo, m\u00e1s inclusivo, equitativo e intercultural.<\/p>\n","protected":false},"excerpt":{"rendered":"<p>Educar en valores es participar en un aut\u00e9ntico proceso de desarrollo y construcci\u00f3n personal. Una participaci\u00f3n que en lenguaje educativo consiste en crear condiciones pedag\u00f3gicas y sociales para que dicha construcci\u00f3n se lleve a cabo de una forma \u00f3ptima. Educar en valores es en cierta medida \u201cpragmatizar\u201d y articular en las relaciones sociales y en las instituciones lo que se nos viene diciendo, hace ya muchos a\u00f1os, desde la filosof\u00eda moral, pol\u00edtica y del derecho.Con ello se abre la posibilidad de mirar m\u00e1s complejamente los procesos educativos. Estos no deben restringirse a la preparaci\u00f3n en determinados saberes, sino que ante todo deben comprenderse como procesos de formaci\u00f3n de una cultura ciudadana pluralista, democr\u00e1tica y solidaria. Educar en valores hoy es formar ciudadanas y ciudadanos aut\u00e9nticos que sepan asumir conscientemente los retos de la globalizaci\u00f3n y puedan comprometerse en la construcci\u00f3n de un mundo m\u00e1s justo, m\u00e1s inclusivo, equitativo e intercultural.<\/p>\n","protected":false},"featured_media":17021,"comment_status":"open","ping_status":"closed","template":"","meta":{"_et_pb_use_builder":"","_et_pb_old_content":"","_et_gb_content_width":""},"product_cat":[1512],"product_tag":[],"edicion":[1083],"editoriales":[1160],"tienda":[],"autor_id":[5705,5922],"universidades_coeditoras":[],"palabras_clave":[],"listado_alfabetico":[],"acf":[],"_links":{"self":[{"href":"https:\/\/wizardly-davinci.82-223-8-23.plesk.page\/en\/wp-json\/wp\/v2\/product\/17020"}],"collection":[{"href":"https:\/\/wizardly-davinci.82-223-8-23.plesk.page\/en\/wp-json\/wp\/v2\/product"}],"about":[{"href":"https:\/\/wizardly-davinci.82-223-8-23.plesk.page\/en\/wp-json\/wp\/v2\/types\/product"}],"replies":[{"embeddable":true,"href":"https:\/\/wizardly-davinci.82-223-8-23.plesk.page\/en\/wp-json\/wp\/v2\/comments?post=17020"}],"wp:featuredmedia":[{"embeddable":true,"href":"https:\/\/wizardly-davinci.82-223-8-23.plesk.page\/en\/wp-json\/wp\/v2\/media\/17021"}],"wp:attachment":[{"href":"https:\/\/wizardly-davinci.82-223-8-23.plesk.page\/en\/wp-json\/wp\/v2\/media?parent=17020"}],"wp:term":[{"taxonomy":"product_cat","embeddable":true,"href":"https:\/\/wizardly-davinci.82-223-8-23.plesk.page\/en\/wp-json\/wp\/v2\/product_cat?post=17020"},{"taxonomy":"product_tag","embeddable":true,"href":"https:\/\/wizardly-davinci.82-223-8-23.plesk.page\/en\/wp-json\/wp\/v2\/product_tag?post=17020"},{"taxonomy":"edicion","embeddable":true,"href":"https:\/\/wizardly-davinci.82-223-8-23.plesk.page\/en\/wp-json\/wp\/v2\/edicion?post=17020"},{"taxonomy":"editoriales","embeddable":true,"href":"https:\/\/wizardly-davinci.82-223-8-23.plesk.page\/en\/wp-json\/wp\/v2\/editoriales?post=17020"},{"taxonomy":"tienda","embeddable":true,"href":"https:\/\/wizardly-davinci.82-223-8-23.plesk.page\/en\/wp-json\/wp\/v2\/tienda?post=17020"},{"taxonomy":"autor_id","embeddable":true,"href":"https:\/\/wizardly-davinci.82-223-8-23.plesk.page\/en\/wp-json\/wp\/v2\/autor_id?post=17020"},{"taxonomy":"universidades_coeditoras","embeddable":true,"href":"https:\/\/wizardly-davinci.82-223-8-23.plesk.page\/en\/wp-json\/wp\/v2\/universidades_coeditoras?post=17020"},{"taxonomy":"palabras_clave","embeddable":true,"href":"https:\/\/wizardly-davinci.82-223-8-23.plesk.page\/en\/wp-json\/wp\/v2\/palabras_clave?post=17020"},{"taxonomy":"listado_alfabetico","embeddable":true,"href":"https:\/\/wizardly-davinci.82-223-8-23.plesk.page\/en\/wp-json\/wp\/v2\/listado_alfabetico?post=17020"}],"curies":[{"name":"wp","href":"https:\/\/api.w.org\/{rel}","templated":true}]}}