{"id":17024,"date":"2019-04-09T22:22:05","date_gmt":"2019-04-09T22:22:05","guid":{"rendered":"https:\/\/octaedro.com\/producto\/la-construccion-de-la-ciudadania-en-el-siglo-xxi\/"},"modified":"2023-04-20T11:17:13","modified_gmt":"2023-04-20T09:17:13","slug":"la-construccion-de-la-ciudadania-en-el-siglo-xxi","status":"publish","type":"product","link":"https:\/\/wizardly-davinci.82-223-8-23.plesk.page\/en\/producto\/la-construccion-de-la-ciudadania-en-el-siglo-xxi\/","title":{"rendered":"La construcci\u00f3n de la ciudadan\u00eda en el siglo XXI"},"content":{"rendered":"<p>La formaci\u00f3n del ciudadano es, sin duda, una de las metas m\u00e1s importantes y prioritarias de las agendas pol\u00edtico-educativas contempor\u00e1neas. Tanto en democracias d\u00e9biles e incipientes, como en aquellas ya consolidadas, la construcci\u00f3n de una ciudadan\u00eda cr\u00edtica y participativa parece ser la clave para resolver la diversidad de conflictos emergentes que reflejan la profunda crisis que afecta actualmente a este r\u00e9gimen: desigualdades, exclusiones y discriminaciones, en algunos casos; corrupci\u00f3n pol\u00edtica, apat\u00eda y escepticismo c\u00edvico, en otros. La salud del sistema, la supervivencia de sus instituciones y las condiciones de gobernabilidad, pero sobre todo de legitimidad, dependen de las acciones \u00e9tico-educativas que se encaren a efectos de capacitar a cada ciudadano para la pr\u00e1ctica responsable, racional y aut\u00f3noma de su ciudadan\u00eda. La compleja y profunda construcci\u00f3n sociohist\u00f3rica de la ciudadan\u00eda es fundamentalmente pedag\u00f3gica ya que opera sobre la conformaci\u00f3n del imaginario y de los h\u00e1bitos y actitudes que expresan distintos roles y posiciones dentro del sistema pol\u00edtico y la sociedad civil. Estas acciones se despliegan en el \u00e1mbito de la educaci\u00f3n informal, pero sobre todo en el de la educaci\u00f3n formal y sistem\u00e1tica. La formaci\u00f3n del ciudadano es un objetivo fundante de los sistemas educativos nacionales, cuyos curr\u00edculos, textos y marcos normativos institucionales se encargan de transmitir determinados valores, concepciones y estereotipos que conforman la noci\u00f3n individual y colectiva de la ciudadan\u00eda. Este libro pretende analizar cr\u00edticamente los procesos mencionados en distintos contextos hist\u00f3ricos, culturales y pol\u00edticos; contextos que por representar cierta proximidad puedan permitirnos reconocer tendencias y aspectos comunes, a pesar de sus contingencias propias.<\/p>\n","protected":false},"excerpt":{"rendered":"<p>La formaci\u00f3n del ciudadano es, sin duda, una de las metas m\u00e1s importantes y prioritarias de las agendas pol\u00edtico-educativas contempor\u00e1neas. Tanto en democracias d\u00e9biles e incipientes, como en aquellas ya consolidadas, la construcci\u00f3n de una ciudadan\u00eda cr\u00edtica y participativa parece ser la clave para resolver la diversidad de conflictos emergentes que reflejan la profunda crisis que afecta actualmente a este r\u00e9gimen: desigualdades, exclusiones y discriminaciones, en algunos casos; corrupci\u00f3n pol\u00edtica, apat\u00eda y escepticismo c\u00edvico, en otros. La salud del sistema, la supervivencia de sus instituciones y las condiciones de gobernabilidad, pero sobre todo de legitimidad, dependen de las acciones \u00e9tico-educativas que se encaren a efectos de capacitar a cada ciudadano para la pr\u00e1ctica responsable, racional y aut\u00f3noma de su ciudadan\u00eda. La compleja y profunda construcci\u00f3n sociohist\u00f3rica de la ciudadan\u00eda es fundamentalmente pedag\u00f3gica ya que opera sobre la conformaci\u00f3n del imaginario y de los h\u00e1bitos y actitudes que expresan distintos roles y posiciones dentro del sistema pol\u00edtico y la sociedad civil. Estas acciones se despliegan en el \u00e1mbito de la educaci\u00f3n informal, pero sobre todo en el de la educaci\u00f3n formal y sistem\u00e1tica. La formaci\u00f3n del ciudadano es un objetivo fundante de los sistemas educativos nacionales, cuyos curr\u00edcula, textos y marcos normativos institucionales se encargan de transmitir determinados valores, concepciones y estereotipos que conforman la noci\u00f3n individual y colectiva de la ciudadan\u00eda. Este libro pretende analizar cr\u00edticamente los procesos mencionados en distintos contextos hist\u00f3ricos, culturales y pol\u00edticos; contextos que por representar cierta proximidad puedan permitirnos reconocer tendencias y aspectos comunes, a pesar de sus contingencias propias.<\/p>\n","protected":false},"featured_media":17025,"comment_status":"open","ping_status":"closed","template":"","meta":{"_et_pb_use_builder":"","_et_pb_old_content":"","_et_gb_content_width":""},"product_cat":[1512],"product_tag":[2602],"edicion":[1083],"editoriales":[1160],"tienda":[],"autor_id":[6083],"universidades_coeditoras":[],"palabras_clave":[],"listado_alfabetico":[],"acf":[],"_links":{"self":[{"href":"https:\/\/wizardly-davinci.82-223-8-23.plesk.page\/en\/wp-json\/wp\/v2\/product\/17024"}],"collection":[{"href":"https:\/\/wizardly-davinci.82-223-8-23.plesk.page\/en\/wp-json\/wp\/v2\/product"}],"about":[{"href":"https:\/\/wizardly-davinci.82-223-8-23.plesk.page\/en\/wp-json\/wp\/v2\/types\/product"}],"replies":[{"embeddable":true,"href":"https:\/\/wizardly-davinci.82-223-8-23.plesk.page\/en\/wp-json\/wp\/v2\/comments?post=17024"}],"wp:featuredmedia":[{"embeddable":true,"href":"https:\/\/wizardly-davinci.82-223-8-23.plesk.page\/en\/wp-json\/wp\/v2\/media\/17025"}],"wp:attachment":[{"href":"https:\/\/wizardly-davinci.82-223-8-23.plesk.page\/en\/wp-json\/wp\/v2\/media?parent=17024"}],"wp:term":[{"taxonomy":"product_cat","embeddable":true,"href":"https:\/\/wizardly-davinci.82-223-8-23.plesk.page\/en\/wp-json\/wp\/v2\/product_cat?post=17024"},{"taxonomy":"product_tag","embeddable":true,"href":"https:\/\/wizardly-davinci.82-223-8-23.plesk.page\/en\/wp-json\/wp\/v2\/product_tag?post=17024"},{"taxonomy":"edicion","embeddable":true,"href":"https:\/\/wizardly-davinci.82-223-8-23.plesk.page\/en\/wp-json\/wp\/v2\/edicion?post=17024"},{"taxonomy":"editoriales","embeddable":true,"href":"https:\/\/wizardly-davinci.82-223-8-23.plesk.page\/en\/wp-json\/wp\/v2\/editoriales?post=17024"},{"taxonomy":"tienda","embeddable":true,"href":"https:\/\/wizardly-davinci.82-223-8-23.plesk.page\/en\/wp-json\/wp\/v2\/tienda?post=17024"},{"taxonomy":"autor_id","embeddable":true,"href":"https:\/\/wizardly-davinci.82-223-8-23.plesk.page\/en\/wp-json\/wp\/v2\/autor_id?post=17024"},{"taxonomy":"universidades_coeditoras","embeddable":true,"href":"https:\/\/wizardly-davinci.82-223-8-23.plesk.page\/en\/wp-json\/wp\/v2\/universidades_coeditoras?post=17024"},{"taxonomy":"palabras_clave","embeddable":true,"href":"https:\/\/wizardly-davinci.82-223-8-23.plesk.page\/en\/wp-json\/wp\/v2\/palabras_clave?post=17024"},{"taxonomy":"listado_alfabetico","embeddable":true,"href":"https:\/\/wizardly-davinci.82-223-8-23.plesk.page\/en\/wp-json\/wp\/v2\/listado_alfabetico?post=17024"}],"curies":[{"name":"wp","href":"https:\/\/api.w.org\/{rel}","templated":true}]}}