{"id":17026,"date":"2019-04-09T22:22:05","date_gmt":"2019-04-09T22:22:05","guid":{"rendered":"https:\/\/octaedro.com\/producto\/lenguaje-experiencia-y-aprendizaje-moral\/"},"modified":"2023-04-20T11:17:22","modified_gmt":"2023-04-20T09:17:22","slug":"lenguaje-experiencia-y-aprendizaje-moral","status":"publish","type":"product","link":"https:\/\/wizardly-davinci.82-223-8-23.plesk.page\/en\/producto\/lenguaje-experiencia-y-aprendizaje-moral\/","title":{"rendered":"Lenguaje, experiencia y aprendizaje moral"},"content":{"rendered":"<p>Este libro propone una mirada de pedagog\u00eda moral como un proceso de autorreflexi\u00f3n y experimentaci\u00f3n con el lenguaje. Un viaje por las posibilidades y potencialidades comunicativas y expresivas de \u00e9ste. Narrar, dialogar, conversar, coordinar acciones, argumentar, interpelar, explorar y construir nuevos significados, son algunas de las posibilidades que el lenguaje ofrece a las personas para conocerse e inventarse a s\u00ed mismas, y para construir aquellas normas y valores que permiten su convivencia en com\u00fan. Se trata de una propuesta te\u00f3rica, pero a la vez, de un programa educativo concreto. Para lograr sus objetivos pedag\u00f3gicos recurre a materiales y recursos diversos y originales como la novela El hablador de Mario Vargas Llosa, la propuesta de los cuentacuentos, la pel\u00edcula La muerte y la doncella de Roman Polansky, ejercicios de di\u00e1logos seg\u00fan el principio del discurso, la discusi\u00f3n de dilemas morales, la escritura autobiogr\u00e1fica, el uso de aforismos y antipoemas, las llamadas \u201cexperiencias cr\u00edticas\u201d en educaci\u00f3n, entre otras.<\/p>\n","protected":false},"excerpt":{"rendered":"<p>Este libro propone una mirada de pedagog\u00eda moral como un proceso de autorreflexi\u00f3n y experimentaci\u00f3n con el lenguaje. Un viaje por las posibilidades y potencialidades comunicativas y expresivas de \u00e9ste. Narrar, dialogar, conversar, coordinar acciones, argumentar, interpelar, explorar y construir nuevos significados, son algunas de las posibilidades que el lenguaje ofrece a las personas para conocerse e inventarse a s\u00ed mismas, y para construir aquellas normas y valores que permiten su convivencia en com\u00fan. Se trata de una propuesta te\u00f3rica, pero a la vez, de un programa educativo concreto. Para lograr sus objetivos pedag\u00f3gicos recurre a materiales y recursos diversos y originales como la novela El hablador de Mario Vargas Llosa, la propuesta de los cuentacuentos, la pel\u00edcula La muerte y la doncella de Roman Polansky, ejercicios de di\u00e1logos seg\u00fan el principio del discurso, la discusi\u00f3n de dilemas morales, la escritura autobiogr\u00e1fica, el uso de aforismos y antipoemas, las llamadas \u201cexperiencias cr\u00edticas\u201d en educaci\u00f3n, entre otras.<\/p>\n","protected":false},"featured_media":17027,"comment_status":"open","ping_status":"closed","template":"","meta":{"_et_pb_use_builder":"","_et_pb_old_content":"","_et_gb_content_width":""},"product_cat":[1512],"product_tag":[2602],"edicion":[1083],"editoriales":[1160],"tienda":[],"autor_id":[6620],"universidades_coeditoras":[],"palabras_clave":[],"listado_alfabetico":[],"acf":[],"_links":{"self":[{"href":"https:\/\/wizardly-davinci.82-223-8-23.plesk.page\/en\/wp-json\/wp\/v2\/product\/17026"}],"collection":[{"href":"https:\/\/wizardly-davinci.82-223-8-23.plesk.page\/en\/wp-json\/wp\/v2\/product"}],"about":[{"href":"https:\/\/wizardly-davinci.82-223-8-23.plesk.page\/en\/wp-json\/wp\/v2\/types\/product"}],"replies":[{"embeddable":true,"href":"https:\/\/wizardly-davinci.82-223-8-23.plesk.page\/en\/wp-json\/wp\/v2\/comments?post=17026"}],"wp:featuredmedia":[{"embeddable":true,"href":"https:\/\/wizardly-davinci.82-223-8-23.plesk.page\/en\/wp-json\/wp\/v2\/media\/17027"}],"wp:attachment":[{"href":"https:\/\/wizardly-davinci.82-223-8-23.plesk.page\/en\/wp-json\/wp\/v2\/media?parent=17026"}],"wp:term":[{"taxonomy":"product_cat","embeddable":true,"href":"https:\/\/wizardly-davinci.82-223-8-23.plesk.page\/en\/wp-json\/wp\/v2\/product_cat?post=17026"},{"taxonomy":"product_tag","embeddable":true,"href":"https:\/\/wizardly-davinci.82-223-8-23.plesk.page\/en\/wp-json\/wp\/v2\/product_tag?post=17026"},{"taxonomy":"edicion","embeddable":true,"href":"https:\/\/wizardly-davinci.82-223-8-23.plesk.page\/en\/wp-json\/wp\/v2\/edicion?post=17026"},{"taxonomy":"editoriales","embeddable":true,"href":"https:\/\/wizardly-davinci.82-223-8-23.plesk.page\/en\/wp-json\/wp\/v2\/editoriales?post=17026"},{"taxonomy":"tienda","embeddable":true,"href":"https:\/\/wizardly-davinci.82-223-8-23.plesk.page\/en\/wp-json\/wp\/v2\/tienda?post=17026"},{"taxonomy":"autor_id","embeddable":true,"href":"https:\/\/wizardly-davinci.82-223-8-23.plesk.page\/en\/wp-json\/wp\/v2\/autor_id?post=17026"},{"taxonomy":"universidades_coeditoras","embeddable":true,"href":"https:\/\/wizardly-davinci.82-223-8-23.plesk.page\/en\/wp-json\/wp\/v2\/universidades_coeditoras?post=17026"},{"taxonomy":"palabras_clave","embeddable":true,"href":"https:\/\/wizardly-davinci.82-223-8-23.plesk.page\/en\/wp-json\/wp\/v2\/palabras_clave?post=17026"},{"taxonomy":"listado_alfabetico","embeddable":true,"href":"https:\/\/wizardly-davinci.82-223-8-23.plesk.page\/en\/wp-json\/wp\/v2\/listado_alfabetico?post=17026"}],"curies":[{"name":"wp","href":"https:\/\/api.w.org\/{rel}","templated":true}]}}