{"id":17028,"date":"2019-04-09T22:22:06","date_gmt":"2019-04-09T22:22:06","guid":{"rendered":"https:\/\/octaedro.com\/producto\/globalizacion-ciudadania-y-educacion\/"},"modified":"2023-04-20T11:17:29","modified_gmt":"2023-04-20T09:17:29","slug":"globalizacion-ciudadania-y-educacion","status":"publish","type":"product","link":"https:\/\/wizardly-davinci.82-223-8-23.plesk.page\/en\/producto\/globalizacion-ciudadania-y-educacion\/","title":{"rendered":"Globalizaci\u00f3n, ciudadan\u00eda y educaci\u00f3n"},"content":{"rendered":"<p>El presente libro aborda la problem\u00e1tica de la ciudadan\u00eda analizada en el contexto actual y en su impacto sobre las distintas dimensiones de la vida social y personal. La instalaci\u00f3n hegem\u00f3nica del modelo neoliberal, que parec\u00eda haberse articulado sin mayores fricciones con la democracia representativa, termin\u00f3 generando un orden en el que emergen una gran diversidad de conflictos y tensiones. Lejos de acercarse a los ideales de igualdad y libertad, gran parte de las democracias occidentales parecen haber tomado un rumbo que, en mayor o menor medida, consolida y profundiza las desigualdades sociales, condena a la marginaci\u00f3n a diferentes niveles de la vida pol\u00edtica, facilita el acceso al poder a grupos olig\u00e1rquicos, hipoteca y malgasta los bienes del Estado y constri\u00f1e los espacios de participaci\u00f3n y deliberaci\u00f3n, excluyendo de las negociaciones y de la construcci\u00f3n de acuerdos a amplios sectores de la sociedad, deval\u00faa y deprecia el rol de la ciudadan\u00eda y la opini\u00f3n p\u00fablica. Por su parte, la econom\u00eda globalizada ha creado una cultura h\u00edbrida, superficial y mercantilizada que ha conducido a una acuciante p\u00e9rdida de sentidos, al debilitamiento de las identidades individuales y colectivas, al resquebrajamiento de los sistemas tradicionales de integraci\u00f3n social y a una agudizaci\u00f3n de la vulnerabilidad social. Este escenario tan fuertemente cr\u00edtico, nos desaf\u00eda a pensar y construir alternativas que nos permitan avanzar m\u00e1s all\u00e1 de la perplijidad y la indignaci\u00f3n moral. Y todo indica que tales alternativas, si quieren producir una ruptura sensible con los procesos anteriores, s\u00f3lo podr\u00e1n provenir de las instancias p\u00fablicas de realizaci\u00f3n y ejercicio de la soberan\u00eda popular. Es necesario recuperar el impulso c\u00edvico, como un elemento de consolidaci\u00f3n de la vida democr\u00e1tica, en relaci\u00f3n a cuantos parecen quedar, no ya en los m\u00e1rgenes de la forma de vida de una plena ciudadan\u00eda, sino desinteresados por asimilarse a unas pr\u00e1cticas c\u00edvicas comprometidas por una visi\u00f3n del mundo que desintegra m\u00e1s cosas que recompone.<\/p>\n","protected":false},"excerpt":{"rendered":"<p>El presente libro aborda la problem\u00e1tica de la ciudadan\u00eda analizada en el contexto actual y en su impacto sobre las distintas dimensiones de la vida social y personal. La instalaci\u00f3n hegem\u00f3nica del modelo neoliberal, que parec\u00eda haberse articulado sin mayores fricciones con la democracia representativa, termin\u00f3 generando un orden en el que emergen una gran diversidad de conflictos y tensiones. Lejos de acercarse a los ideales de igualdad y libertad, gran parte de las democracias occidentales parecen haber tomado un rumbo que, en mayor o menor medida, consolida y profundiza las desigualdades sociales, condena a la marginaci\u00f3n a diferentes niveles de la vida pol\u00edtica, facilita el acceso al poder a grupos olig\u00e1rquicos, hipoteca y malgasta los bienes del Estado y constri\u00f1e los espacios de participaci\u00f3n y deliberaci\u00f3n, excluyendo de las negociaciones y de la construcci\u00f3n de acuerdos a amplios sectores de la sociedad, deval\u00faa y deprecia el rol de la ciudadan\u00eda y la opini\u00f3n p\u00fablica. Por su parte, la econom\u00eda globalizada ha creado una cultura h\u00edbrida, superficial y mercantilizada que ha conducido a una acuciante p\u00e9rdida de sentidos, al debilitamiento de las identidades individuales y colectivas, al resquebrajamiento de los sistemas tradicionales de integraci\u00f3n social y a una agudizaci\u00f3n de la vulnerabilidad social. Este escenario tan fuertemente cr\u00edtico, nos desaf\u00eda a pensar y construir alternativas que nos permitan avanzar m\u00e1s all\u00e1 de la perplijidad y la indignaci\u00f3n moral. Y todo indica que tales alternativas, si quieren producir una ruptura sensible con los procesos anteriores, s\u00f3lo podr\u00e1n provenir de las instancias p\u00fablicas de realizaci\u00f3n y ejercicio de la soberan\u00eda popular. Es necesario recuperar el impulso c\u00edvico, como un elemento de consolidaci\u00f3n de la vida democr\u00e1tica, en relaci\u00f3n a cuantos parecen quedar, no ya en los m\u00e1rgenes de la forma de vida de una plena ciudadan\u00eda, sino desinteresados por asimilarse a unas pr\u00e1cticas c\u00edvicas comprometidas por una visi\u00f3n del mundo que desintegra m\u00e1s cosas que recompone.<\/p>\n","protected":false},"featured_media":17029,"comment_status":"open","ping_status":"closed","template":"","meta":{"_et_pb_use_builder":"","_et_pb_old_content":"","_et_gb_content_width":""},"product_cat":[1512],"product_tag":[2602],"edicion":[1083],"editoriales":[1160],"tienda":[],"autor_id":[6083],"universidades_coeditoras":[],"palabras_clave":[],"listado_alfabetico":[],"acf":[],"_links":{"self":[{"href":"https:\/\/wizardly-davinci.82-223-8-23.plesk.page\/en\/wp-json\/wp\/v2\/product\/17028"}],"collection":[{"href":"https:\/\/wizardly-davinci.82-223-8-23.plesk.page\/en\/wp-json\/wp\/v2\/product"}],"about":[{"href":"https:\/\/wizardly-davinci.82-223-8-23.plesk.page\/en\/wp-json\/wp\/v2\/types\/product"}],"replies":[{"embeddable":true,"href":"https:\/\/wizardly-davinci.82-223-8-23.plesk.page\/en\/wp-json\/wp\/v2\/comments?post=17028"}],"wp:featuredmedia":[{"embeddable":true,"href":"https:\/\/wizardly-davinci.82-223-8-23.plesk.page\/en\/wp-json\/wp\/v2\/media\/17029"}],"wp:attachment":[{"href":"https:\/\/wizardly-davinci.82-223-8-23.plesk.page\/en\/wp-json\/wp\/v2\/media?parent=17028"}],"wp:term":[{"taxonomy":"product_cat","embeddable":true,"href":"https:\/\/wizardly-davinci.82-223-8-23.plesk.page\/en\/wp-json\/wp\/v2\/product_cat?post=17028"},{"taxonomy":"product_tag","embeddable":true,"href":"https:\/\/wizardly-davinci.82-223-8-23.plesk.page\/en\/wp-json\/wp\/v2\/product_tag?post=17028"},{"taxonomy":"edicion","embeddable":true,"href":"https:\/\/wizardly-davinci.82-223-8-23.plesk.page\/en\/wp-json\/wp\/v2\/edicion?post=17028"},{"taxonomy":"editoriales","embeddable":true,"href":"https:\/\/wizardly-davinci.82-223-8-23.plesk.page\/en\/wp-json\/wp\/v2\/editoriales?post=17028"},{"taxonomy":"tienda","embeddable":true,"href":"https:\/\/wizardly-davinci.82-223-8-23.plesk.page\/en\/wp-json\/wp\/v2\/tienda?post=17028"},{"taxonomy":"autor_id","embeddable":true,"href":"https:\/\/wizardly-davinci.82-223-8-23.plesk.page\/en\/wp-json\/wp\/v2\/autor_id?post=17028"},{"taxonomy":"universidades_coeditoras","embeddable":true,"href":"https:\/\/wizardly-davinci.82-223-8-23.plesk.page\/en\/wp-json\/wp\/v2\/universidades_coeditoras?post=17028"},{"taxonomy":"palabras_clave","embeddable":true,"href":"https:\/\/wizardly-davinci.82-223-8-23.plesk.page\/en\/wp-json\/wp\/v2\/palabras_clave?post=17028"},{"taxonomy":"listado_alfabetico","embeddable":true,"href":"https:\/\/wizardly-davinci.82-223-8-23.plesk.page\/en\/wp-json\/wp\/v2\/listado_alfabetico?post=17028"}],"curies":[{"name":"wp","href":"https:\/\/api.w.org\/{rel}","templated":true}]}}