{"id":17030,"date":"2019-04-09T22:22:06","date_gmt":"2019-04-09T22:22:06","guid":{"rendered":"https:\/\/octaedro.com\/producto\/genero-valores-y-sociedad\/"},"modified":"2023-04-20T11:17:36","modified_gmt":"2023-04-20T09:17:36","slug":"genero-valores-y-sociedad","status":"publish","type":"product","link":"https:\/\/wizardly-davinci.82-223-8-23.plesk.page\/en\/producto\/genero-valores-y-sociedad\/","title":{"rendered":"G\u00e9nero, valores y sociedad"},"content":{"rendered":"<p>Nos encontramos ante una realidad diversa, sincr\u00e9tica, cambiante y en conflicto, todo lo cual emerge de modo m\u00e1s agudo ante la tensa situaci\u00f3n econ\u00f3mica, social y pol\u00edtica que emana como efecto del neoliberalismo imperante y sus pol\u00edticas de ajustes que hacen de las sociedades humanas hoy realidades cada vez m\u00e1s polarizadas en t\u00e9rminos de acceso a los recursos econ\u00f3micos y espirituales, haciendo estallar m\u00e1s a\u00fan las intenciones de promover, educar y concretar los m\u00e1s elementales valores humanos. La educaci\u00f3n, sin ser la \u00fanica v\u00eda de lucha en este sentido es, sin lugar a dudas, una de las m\u00e1s significativas. Sin educaci\u00f3n, sin cultura, no ser\u00e1 posible el an\u00e1lisis, la reflexi\u00f3n aguda y consciente, la interiorizaci\u00f3n cr\u00edtica de los valores, la interacci\u00f3n cr\u00edtica con nuestra realidad, ni el planteamiento y las acciones en sentidos transformadores. En este sentido adquiere especial significaci\u00f3n la formaci\u00f3n en valores de los profesores y las profesoras que tienen a su cargo la educaci\u00f3n de los ni\u00f1os, ni\u00f1as, adolescentes y j\u00f3venes. Es justamente el profesorado el eslab\u00f3n esencial que, en el marco de la educaci\u00f3n institucionalizada en la sociedad, desempe\u00f1a con su experiencia e insustituible profesionalismo la significativa labor de educar a los individuos para s\u00ed y para la sociedad. El empe\u00f1o de esta obra transcurre por este camino, toda vez que intenta articular, en un an\u00e1lisis, las cuestiones relativas a los valores y al desarrollo social con la perspectiva de g\u00e9nero. Esto resulta insoslayable en nuestros d\u00edas en el empe\u00f1o de avanzar en la b\u00fasqueda de mayor equidad social y humanismo. La presente obra, convocada desde la C\u00e1tedra de \u00c9tica Aplicada y Educaci\u00f3n en Valores de la Universidad de La Habana a partir de la solicitud del Programa de Educaci\u00f3n en Valores de OEI, ha contado con el privilegio de reunir, en un esfuerzo conjunto, a prestigiosas especialistas en el tema de G\u00e9nero, con una larga trayectoria de experiencia y producci\u00f3n en el mismo y activas protagonistas del pensamiento y las acciones en este sentido en sus respectivos contextos.<\/p>\n","protected":false},"excerpt":{"rendered":"<p>Nos encontramos ante una realidad diversa, sincr\u00e9tica, cambiante y en conflicto, todo lo cual emerge de modo m\u00e1s agudo ante la tensa situaci\u00f3n econ\u00f3mica, social y pol\u00edtica que emana como efecto del neoliberalismo imperante y sus pol\u00edticas de ajustes que hacen de las sociedades humanas hoy realidades cada vez m\u00e1s polarizadas en t\u00e9rminos de acceso a los recursos econ\u00f3micos y espirituales, haciendo estallar m\u00e1s a\u00fan las intenciones de promover, educar y concretar los m\u00e1s elementales valores humanos. La educaci\u00f3n, sin ser la \u00fanica v\u00eda de lucha en este sentido es, sin lugar a dudas, una de las m\u00e1s significativas. Sin educaci\u00f3n, sin cultura, no ser\u00e1 posible el an\u00e1lisis, la reflexi\u00f3n aguda y consciente, la interiorizaci\u00f3n cr\u00edtica de los valores, la interacci\u00f3n cr\u00edtica con nuestra realidad, ni el planteamiento y las acciones en sentidos transformadores. En este sentido adquiere especial significaci\u00f3n la formaci\u00f3n en valores de los profesores y las profesoras que tienen a su cargo la educaci\u00f3n de los ni\u00f1os, ni\u00f1as, adolescentes y j\u00f3venes. Es justamente el profesorado el eslab\u00f3n esencial que, en el marco de la educaci\u00f3n institucionalizada en la sociedad, desempe\u00f1a con su experiencia e insustituible profesionalismo la significativa labor de educar a los individuos para s\u00ed y para la sociedad. El empe\u00f1o de esta obra transcurre por este camino, toda vez que intenta articular, en un an\u00e1lisis, las cuestiones relativas a los valores y al desarrollo social con la perspectiva de g\u00e9nero. Esto resulta insoslayable en nuestros d\u00edas en el empe\u00f1o de avanzar en la b\u00fasqueda de mayor equidad social y humanismo. La presente obra, convocada desde la C\u00e1tedra de \u00c9tica Aplicada y Educaci\u00f3n en Valores de la Universidad de La Habana a partir de la solicitud del Programa de Educaci\u00f3n en Valores de OEI, ha contado con el privilegio de reunir, en un esfuerzo conjunto, a prestigiosas especialistas en el tema de G\u00e9nero, con una larga trayectoria de experiencia y producci\u00f3n en el mismo y activas protagonistas del pensamiento y las acciones en este sentido en sus respectivos contextos.<\/p>\n","protected":false},"featured_media":17031,"comment_status":"open","ping_status":"closed","template":"","meta":{"_et_pb_use_builder":"","_et_pb_old_content":"","_et_gb_content_width":""},"product_cat":[1512],"product_tag":[2602],"edicion":[1083],"editoriales":[1160],"tienda":[],"autor_id":[5471],"universidades_coeditoras":[],"palabras_clave":[],"listado_alfabetico":[],"acf":[],"_links":{"self":[{"href":"https:\/\/wizardly-davinci.82-223-8-23.plesk.page\/en\/wp-json\/wp\/v2\/product\/17030"}],"collection":[{"href":"https:\/\/wizardly-davinci.82-223-8-23.plesk.page\/en\/wp-json\/wp\/v2\/product"}],"about":[{"href":"https:\/\/wizardly-davinci.82-223-8-23.plesk.page\/en\/wp-json\/wp\/v2\/types\/product"}],"replies":[{"embeddable":true,"href":"https:\/\/wizardly-davinci.82-223-8-23.plesk.page\/en\/wp-json\/wp\/v2\/comments?post=17030"}],"wp:featuredmedia":[{"embeddable":true,"href":"https:\/\/wizardly-davinci.82-223-8-23.plesk.page\/en\/wp-json\/wp\/v2\/media\/17031"}],"wp:attachment":[{"href":"https:\/\/wizardly-davinci.82-223-8-23.plesk.page\/en\/wp-json\/wp\/v2\/media?parent=17030"}],"wp:term":[{"taxonomy":"product_cat","embeddable":true,"href":"https:\/\/wizardly-davinci.82-223-8-23.plesk.page\/en\/wp-json\/wp\/v2\/product_cat?post=17030"},{"taxonomy":"product_tag","embeddable":true,"href":"https:\/\/wizardly-davinci.82-223-8-23.plesk.page\/en\/wp-json\/wp\/v2\/product_tag?post=17030"},{"taxonomy":"edicion","embeddable":true,"href":"https:\/\/wizardly-davinci.82-223-8-23.plesk.page\/en\/wp-json\/wp\/v2\/edicion?post=17030"},{"taxonomy":"editoriales","embeddable":true,"href":"https:\/\/wizardly-davinci.82-223-8-23.plesk.page\/en\/wp-json\/wp\/v2\/editoriales?post=17030"},{"taxonomy":"tienda","embeddable":true,"href":"https:\/\/wizardly-davinci.82-223-8-23.plesk.page\/en\/wp-json\/wp\/v2\/tienda?post=17030"},{"taxonomy":"autor_id","embeddable":true,"href":"https:\/\/wizardly-davinci.82-223-8-23.plesk.page\/en\/wp-json\/wp\/v2\/autor_id?post=17030"},{"taxonomy":"universidades_coeditoras","embeddable":true,"href":"https:\/\/wizardly-davinci.82-223-8-23.plesk.page\/en\/wp-json\/wp\/v2\/universidades_coeditoras?post=17030"},{"taxonomy":"palabras_clave","embeddable":true,"href":"https:\/\/wizardly-davinci.82-223-8-23.plesk.page\/en\/wp-json\/wp\/v2\/palabras_clave?post=17030"},{"taxonomy":"listado_alfabetico","embeddable":true,"href":"https:\/\/wizardly-davinci.82-223-8-23.plesk.page\/en\/wp-json\/wp\/v2\/listado_alfabetico?post=17030"}],"curies":[{"name":"wp","href":"https:\/\/api.w.org\/{rel}","templated":true}]}}