{"id":17034,"date":"2019-04-09T22:22:07","date_gmt":"2019-04-09T22:22:07","guid":{"rendered":"https:\/\/octaedro.com\/producto\/educacion-ciudadania-y-democracia\/"},"modified":"2023-04-20T11:17:48","modified_gmt":"2023-04-20T09:17:48","slug":"educacion-ciudadania-y-democracia","status":"publish","type":"product","link":"https:\/\/wizardly-davinci.82-223-8-23.plesk.page\/en\/producto\/educacion-ciudadania-y-democracia\/","title":{"rendered":"Educaci\u00f3n, ciudadan\u00eda y democracia"},"content":{"rendered":"<p>En sociedades democr\u00e1ticas se da por supuesto el car\u00e1cter democr\u00e1tico de la educaci\u00f3n, pero \u00e9sa es una obviedad que necesita ser revisada. Es cierto que los partidos pol\u00edticos que aspiran a gobernar incluyen en sus programas un cap\u00edtulo cada vez m\u00e1s importante referido a temas educativos, y que los gobiernos elegidos por la ciudadan\u00eda han de rendir cuentas a la sociedad sobre el tipo de educaci\u00f3n que se considera socialmente deseable y sobre el funcionamiento de las instituciones educativas. No obstante, ese es s\u00f3lo un aspecto de la educaci\u00f3n democr\u00e1tica. Un aspecto fundamental porque es la base de los sistemas educativos y democr\u00e1ticos, pero insuficiente a todas luces si el sentido de la democracia no impregna cada uno de los escenarios y procesos que configuran la acci\u00f3n educativa. Desde esta perspectiva, las instituciones educativas que pretenden contribuir eficazmente a formar a la ciudadan\u00eda para el ejercicio de la democracia, han de dotarse de los instrumentos pedag\u00f3gicos, canales de participaci\u00f3n y sistemas organizativos necesarios para favorecer la pr\u00e1ctica democr\u00e1tica y la adquisici\u00f3n de habilidades y valores letales tales como la capacidad deliberativa y las competencias para el di\u00e1logo. Este libro trata de reflexionar sobre la relaci\u00f3n entre democracia, ciudadan\u00eda y educaci\u00f3n, y de aportar algunos elementos para desarrollar una perspectiva actual de la educaci\u00f3n democr\u00e1tica. De ah\u00ed que algunos cap\u00edtulos ahonden en el an\u00e1lisis de dicha relaci\u00f3n, y otros destaquen las aportaciones que han realizado autores como Freire y Haberlas a una determinada visi\u00f3n de la democracia radical.<\/p>\n","protected":false},"excerpt":{"rendered":"<p>En sociedades democr\u00e1ticas se da por supuesto el car\u00e1cter democr\u00e1tico de la educaci\u00f3n, pero \u00e9sa es una obviedad que necesita ser revisada. Es cierto que los partidos pol\u00edticos que aspiran a gobernar incluyen en sus programas un cap\u00edtulo cada vez m\u00e1s importante referido a temas educativos, y que los gobiernos elegidos por la ciudadan\u00eda han de rendir cuentas a la sociedad sobre el tipo de educaci\u00f3n que se considera socialmente deseable y sobre el funcionamiento de las instituciones educativas. No obstante, ese es s\u00f3lo un aspecto de la educaci\u00f3n democr\u00e1tica. Un aspecto fundamental porque es la base de los sistemas educativos y democr\u00e1ticos, pero insuficiente a todas luces si el sentido de la democracia no impregna cada uno de los escenarios y procesos que configuran la acci\u00f3n educativa. Desde esta perspectiva, las instituciones educativas que pretenden contribuir eficazmente a formar a la ciudadan\u00eda para el ejercicio de la democracia, han de dotarse de los instrumentos pedag\u00f3gicos, canales de participaci\u00f3n y sistemas organizativos necesarios para favorecer la pr\u00e1ctica democr\u00e1tica y la adquisici\u00f3n de habilidades y valores letales tales como la capacidad deliberativa y las competencias para el di\u00e1logo. Este libro trata de reflexionar sobre la relaci\u00f3n entre democracia, ciudadan\u00eda y educaci\u00f3n, y de aportar algunos elementos para desarrollar una perspectiva actual de la educaci\u00f3n democr\u00e1tica. De ah\u00ed que algunos cap\u00edtulos ahonden en el an\u00e1lisis de dicha relaci\u00f3n, y otros destaquen las aportaciones que han realizado autores como Freire y Haberlas a una determinada visi\u00f3n de la democracia radical.<\/p>\n","protected":false},"featured_media":17035,"comment_status":"open","ping_status":"closed","template":"","meta":{"_et_pb_use_builder":"","_et_pb_old_content":"","_et_gb_content_width":""},"product_cat":[1512],"product_tag":[2602],"edicion":[1083],"editoriales":[1160],"tienda":[],"autor_id":[5089],"universidades_coeditoras":[],"palabras_clave":[],"listado_alfabetico":[],"acf":[],"_links":{"self":[{"href":"https:\/\/wizardly-davinci.82-223-8-23.plesk.page\/en\/wp-json\/wp\/v2\/product\/17034"}],"collection":[{"href":"https:\/\/wizardly-davinci.82-223-8-23.plesk.page\/en\/wp-json\/wp\/v2\/product"}],"about":[{"href":"https:\/\/wizardly-davinci.82-223-8-23.plesk.page\/en\/wp-json\/wp\/v2\/types\/product"}],"replies":[{"embeddable":true,"href":"https:\/\/wizardly-davinci.82-223-8-23.plesk.page\/en\/wp-json\/wp\/v2\/comments?post=17034"}],"wp:featuredmedia":[{"embeddable":true,"href":"https:\/\/wizardly-davinci.82-223-8-23.plesk.page\/en\/wp-json\/wp\/v2\/media\/17035"}],"wp:attachment":[{"href":"https:\/\/wizardly-davinci.82-223-8-23.plesk.page\/en\/wp-json\/wp\/v2\/media?parent=17034"}],"wp:term":[{"taxonomy":"product_cat","embeddable":true,"href":"https:\/\/wizardly-davinci.82-223-8-23.plesk.page\/en\/wp-json\/wp\/v2\/product_cat?post=17034"},{"taxonomy":"product_tag","embeddable":true,"href":"https:\/\/wizardly-davinci.82-223-8-23.plesk.page\/en\/wp-json\/wp\/v2\/product_tag?post=17034"},{"taxonomy":"edicion","embeddable":true,"href":"https:\/\/wizardly-davinci.82-223-8-23.plesk.page\/en\/wp-json\/wp\/v2\/edicion?post=17034"},{"taxonomy":"editoriales","embeddable":true,"href":"https:\/\/wizardly-davinci.82-223-8-23.plesk.page\/en\/wp-json\/wp\/v2\/editoriales?post=17034"},{"taxonomy":"tienda","embeddable":true,"href":"https:\/\/wizardly-davinci.82-223-8-23.plesk.page\/en\/wp-json\/wp\/v2\/tienda?post=17034"},{"taxonomy":"autor_id","embeddable":true,"href":"https:\/\/wizardly-davinci.82-223-8-23.plesk.page\/en\/wp-json\/wp\/v2\/autor_id?post=17034"},{"taxonomy":"universidades_coeditoras","embeddable":true,"href":"https:\/\/wizardly-davinci.82-223-8-23.plesk.page\/en\/wp-json\/wp\/v2\/universidades_coeditoras?post=17034"},{"taxonomy":"palabras_clave","embeddable":true,"href":"https:\/\/wizardly-davinci.82-223-8-23.plesk.page\/en\/wp-json\/wp\/v2\/palabras_clave?post=17034"},{"taxonomy":"listado_alfabetico","embeddable":true,"href":"https:\/\/wizardly-davinci.82-223-8-23.plesk.page\/en\/wp-json\/wp\/v2\/listado_alfabetico?post=17034"}],"curies":[{"name":"wp","href":"https:\/\/api.w.org\/{rel}","templated":true}]}}