{"id":17036,"date":"2019-04-09T22:22:07","date_gmt":"2019-04-09T22:22:07","guid":{"rendered":"https:\/\/octaedro.com\/producto\/controversias-tecnocientificas\/"},"modified":"2023-04-20T11:17:55","modified_gmt":"2023-04-20T09:17:55","slug":"controversias-tecnocientificas","status":"publish","type":"product","link":"https:\/\/wizardly-davinci.82-223-8-23.plesk.page\/en\/producto\/controversias-tecnocientificas\/","title":{"rendered":"Controversias tecnocient\u00edficas"},"content":{"rendered":"<p>Ciencia, tecnolog\u00eda, sociedad y valores no son cuatro conceptos en los que la certeza y la neutralidad correspondan a los dos primeros y la incertidumbre y la controversia sean s\u00f3lo propias de los dos segundos. La ciencia y la tecnolog\u00eda son productos humanos y, como tales, incorporan tambi\u00e9n los valores y los intereses propios de los seres humanos.<br \/>\nEste libro se inserta, por tanto, en el contexto de la educaci\u00f3n en valores, del compromiso con la idea de que la educaci\u00f3n es algo m\u00e1s que la suma de ense\u00f1anzas disciplinares.<br \/>\nPero es tambi\u00e9n un libro sobre ciencia y tecnolog\u00eda, sobre los retos y los desaf\u00edos que ambas suponen para la sociedad y el medio ambiente. Porque aprender a valorar y a participar son tambi\u00e9n objetivos que deben formar parte de la educaci\u00f3n cient\u00edfica y tecnol\u00f3gica. Las controversias y las decisiones no s\u00f3lo aparecen en la vida social y pol\u00edtica. Tambi\u00e9n est\u00e1n presentes en la ciencia y en la tecnolog\u00eda.<br \/>\nPor lo tanto, es \u00e9ste un libro sobre controversias, sobre problemas en los que la ciencia y la tecnolog\u00eda est\u00e1n muy presentes, pero que implican decisiones que no pueden ser tomadas s\u00f3lo por los expertos.<br \/>\nEs, por fin, un libro cuyo principal valor es el de aprender a participar. Y aprender a participar en un \u00e1mbito aparentemente tan refractario a ello como el de la ciencia y la tecnolog\u00eda.<br \/>\nPara alcanzar un objetivo tan serio como \u00e9ste no es un mal medio utilizar la alegr\u00eda propia del juego, un valor que nunca deber\u00eda ser ajeno a las aulas, porque tampoco es ajeno al verdadero valor de educar.<\/p>\n","protected":false},"excerpt":{"rendered":"<p>Ciencia, tecnolog\u00eda, sociedad y valores no son cuatro conceptos en los que la certeza y la neutralidad correspondan a los dos primeros y la incertidumbre y la controversia sean s\u00f3lo propias de los dos segundos. La ciencia y la tecnolog\u00eda son productos humanos y, como tales, incorporan tambi\u00e9n los valores y los intereses propios de los seres humanos.<br \/>\nEste libro se inserta, por tanto, en el contexto de la educaci\u00f3n en valores, del compromiso con la idea de que la educaci\u00f3n es algo m\u00e1s que la suma de ense\u00f1anzas disciplinares.<br \/>\nPero es tambi\u00e9n un libro sobre ciencia y tecnolog\u00eda, sobre los retos y los desaf\u00edos que ambas suponen para la sociedad y el medio ambiente. Porque aprender a valorar y a participar son tambi\u00e9n objetivos que deben formar parte de la educaci\u00f3n cient\u00edfica y tecnol\u00f3gica. Las controversias y las decisiones no s\u00f3lo aparecen en la vida social y pol\u00edtica. Tambi\u00e9n est\u00e1n presentes en la ciencia y en la tecnolog\u00eda.<br \/>\nPor lo tanto, es \u00e9ste un libro sobre controversias, sobre problemas en los que la ciencia y la tecnolog\u00eda est\u00e1n muy presentes, pero que implican decisiones que no pueden ser tomadas s\u00f3lo por los expertos.<br \/>\nEs, por fin, un libro cuyo principal valor es el de aprender a participar. Y aprender a participar en un \u00e1mbito aparentemente tan refractario a ello como el de la ciencia y la tecnolog\u00eda.<br \/>\nPara alcanzar un objetivo tan serio como \u00e9ste no es un mal medio utilizar la alegr\u00eda propia del juego, un valor que nunca deber\u00eda ser ajeno a las aulas, porque tampoco es ajeno al verdadero valor de educar.<\/p>\n","protected":false},"featured_media":17037,"comment_status":"open","ping_status":"closed","template":"","meta":{"_et_pb_use_builder":"","_et_pb_old_content":"","_et_gb_content_width":""},"product_cat":[1512],"product_tag":[2602],"edicion":[1083],"editoriales":[1160],"tienda":[],"autor_id":[5905],"universidades_coeditoras":[],"palabras_clave":[],"listado_alfabetico":[],"acf":[],"_links":{"self":[{"href":"https:\/\/wizardly-davinci.82-223-8-23.plesk.page\/en\/wp-json\/wp\/v2\/product\/17036"}],"collection":[{"href":"https:\/\/wizardly-davinci.82-223-8-23.plesk.page\/en\/wp-json\/wp\/v2\/product"}],"about":[{"href":"https:\/\/wizardly-davinci.82-223-8-23.plesk.page\/en\/wp-json\/wp\/v2\/types\/product"}],"replies":[{"embeddable":true,"href":"https:\/\/wizardly-davinci.82-223-8-23.plesk.page\/en\/wp-json\/wp\/v2\/comments?post=17036"}],"wp:featuredmedia":[{"embeddable":true,"href":"https:\/\/wizardly-davinci.82-223-8-23.plesk.page\/en\/wp-json\/wp\/v2\/media\/17037"}],"wp:attachment":[{"href":"https:\/\/wizardly-davinci.82-223-8-23.plesk.page\/en\/wp-json\/wp\/v2\/media?parent=17036"}],"wp:term":[{"taxonomy":"product_cat","embeddable":true,"href":"https:\/\/wizardly-davinci.82-223-8-23.plesk.page\/en\/wp-json\/wp\/v2\/product_cat?post=17036"},{"taxonomy":"product_tag","embeddable":true,"href":"https:\/\/wizardly-davinci.82-223-8-23.plesk.page\/en\/wp-json\/wp\/v2\/product_tag?post=17036"},{"taxonomy":"edicion","embeddable":true,"href":"https:\/\/wizardly-davinci.82-223-8-23.plesk.page\/en\/wp-json\/wp\/v2\/edicion?post=17036"},{"taxonomy":"editoriales","embeddable":true,"href":"https:\/\/wizardly-davinci.82-223-8-23.plesk.page\/en\/wp-json\/wp\/v2\/editoriales?post=17036"},{"taxonomy":"tienda","embeddable":true,"href":"https:\/\/wizardly-davinci.82-223-8-23.plesk.page\/en\/wp-json\/wp\/v2\/tienda?post=17036"},{"taxonomy":"autor_id","embeddable":true,"href":"https:\/\/wizardly-davinci.82-223-8-23.plesk.page\/en\/wp-json\/wp\/v2\/autor_id?post=17036"},{"taxonomy":"universidades_coeditoras","embeddable":true,"href":"https:\/\/wizardly-davinci.82-223-8-23.plesk.page\/en\/wp-json\/wp\/v2\/universidades_coeditoras?post=17036"},{"taxonomy":"palabras_clave","embeddable":true,"href":"https:\/\/wizardly-davinci.82-223-8-23.plesk.page\/en\/wp-json\/wp\/v2\/palabras_clave?post=17036"},{"taxonomy":"listado_alfabetico","embeddable":true,"href":"https:\/\/wizardly-davinci.82-223-8-23.plesk.page\/en\/wp-json\/wp\/v2\/listado_alfabetico?post=17036"}],"curies":[{"name":"wp","href":"https:\/\/api.w.org\/{rel}","templated":true}]}}