{"id":17038,"date":"2019-04-09T22:22:08","date_gmt":"2019-04-09T22:22:08","guid":{"rendered":"https:\/\/octaedro.com\/producto\/multiculturalismo-y-educacion-para-la-equidad\/"},"modified":"2023-04-20T11:18:02","modified_gmt":"2023-04-20T09:18:02","slug":"multiculturalismo-y-educacion-para-la-equidad","status":"publish","type":"product","link":"https:\/\/wizardly-davinci.82-223-8-23.plesk.page\/en\/producto\/multiculturalismo-y-educacion-para-la-equidad\/","title":{"rendered":"Multiculturalismo y educaci\u00f3n para la equidad"},"content":{"rendered":"<p>La publicaci\u00f3n que ofrecemos presenta algunos de los retos que tiene planteados actualmente la consolidaci\u00f3n de un concepto de ciudadan\u00eda inclusiva en un contexto definido por la pluralidad cultural. Tanto en su sentido estricto de ejercicio de derechos c\u00edvicos, pol\u00edticos y econ\u00f3micos, como tambi\u00e9n en la l\u00ednea de considerar esa ciudadan\u00eda como un proceso abierto a la acogida de nuevas posibilidades, entendemos que una sociedad m\u00e1s equitativa y justa se construir\u00e1 si atiende a los retos concretos que se presentan en algunos de los escenarios donde se est\u00e1 presentando con m\u00e1s inter\u00e9s esa diversidad cultural.<br \/>\nEn esta obra se ofrecen elementos para profundizar en el an\u00e1lisis y la valoraci\u00f3n de esos retos desde posiciones diversas. Se profundiza en el concepto mismo de interculturalidad, centrado en la regi\u00f3n latinoamericana, y se propone una an\u00e1lisis educativa de los derechos humanos; asimismo, se realizan dos aportaciones, desde el terreno de la salud y desde el \u00e1mbito de los medios de comunicaci\u00f3n, para conocer las barreras y las dificultades que se pueden vislumbrar para construir sociedades en la l\u00ednea apuntada. Finalmente, se insiste en una agenda de trabajo que proporcione un empuje s\u00f3lido hacia la construcci\u00f3n de una noci\u00f3n de ciudadan\u00eda m\u00e1s acorde con los tiempos que vivimos.<\/p>\n","protected":false},"excerpt":{"rendered":"<p>La publicaci\u00f3n que ofrecemos presenta algunos de los retos que tiene planteados actualmente la consolidaci\u00f3n de un concepto de ciudadan\u00eda inclusiva en un contexto definido por la pluralidad cultural. Tanto en su sentido estricto de ejercicio de derechos c\u00edvicos, pol\u00edticos y econ\u00f3micos, como tambi\u00e9n en la l\u00ednea de considerar esa ciudadan\u00eda como un proceso abierto a la acogida de nuevas posibilidades, entendemos que una sociedad m\u00e1s equitativa y justa se construir\u00e1 si atiende a los retos concretos que se presentan en algunos de los escenarios donde se est\u00e1 presentando con m\u00e1s inter\u00e9s esa diversidad cultural.<br \/>\nEn esta obra se ofrecen elementos para profundizar en el an\u00e1lisis y la valoraci\u00f3n de esos retos desde posiciones diversas. Se profundiza en el concepto mismo de interculturalidad, centrado en la regi\u00f3n latinoamericana, y se propone una an\u00e1lisis educativa de los derechos humanos; asimismo, se realizan dos aportaciones, desde el terreno de la salud y desde el \u00e1mbito de los medios de comunicaci\u00f3n, para conocer las barreras y las dificultades que se pueden vislumbrar para construir sociedades en la l\u00ednea apuntada. Finalmente, se insiste en una agenda de trabajo que proporcione un empuje s\u00f3lido hacia la construcci\u00f3n de una noci\u00f3n de ciudadan\u00eda m\u00e1s acorde con los tiempos que vivimos.<\/p>\n","protected":false},"featured_media":17039,"comment_status":"open","ping_status":"closed","template":"","meta":{"_et_pb_use_builder":"","_et_pb_old_content":"","_et_gb_content_width":""},"product_cat":[1512],"product_tag":[2602],"edicion":[1083],"editoriales":[1160],"tienda":[],"autor_id":[5239,5310,5418,5470,5836,6177],"universidades_coeditoras":[],"palabras_clave":[],"listado_alfabetico":[],"acf":[],"_links":{"self":[{"href":"https:\/\/wizardly-davinci.82-223-8-23.plesk.page\/en\/wp-json\/wp\/v2\/product\/17038"}],"collection":[{"href":"https:\/\/wizardly-davinci.82-223-8-23.plesk.page\/en\/wp-json\/wp\/v2\/product"}],"about":[{"href":"https:\/\/wizardly-davinci.82-223-8-23.plesk.page\/en\/wp-json\/wp\/v2\/types\/product"}],"replies":[{"embeddable":true,"href":"https:\/\/wizardly-davinci.82-223-8-23.plesk.page\/en\/wp-json\/wp\/v2\/comments?post=17038"}],"wp:featuredmedia":[{"embeddable":true,"href":"https:\/\/wizardly-davinci.82-223-8-23.plesk.page\/en\/wp-json\/wp\/v2\/media\/17039"}],"wp:attachment":[{"href":"https:\/\/wizardly-davinci.82-223-8-23.plesk.page\/en\/wp-json\/wp\/v2\/media?parent=17038"}],"wp:term":[{"taxonomy":"product_cat","embeddable":true,"href":"https:\/\/wizardly-davinci.82-223-8-23.plesk.page\/en\/wp-json\/wp\/v2\/product_cat?post=17038"},{"taxonomy":"product_tag","embeddable":true,"href":"https:\/\/wizardly-davinci.82-223-8-23.plesk.page\/en\/wp-json\/wp\/v2\/product_tag?post=17038"},{"taxonomy":"edicion","embeddable":true,"href":"https:\/\/wizardly-davinci.82-223-8-23.plesk.page\/en\/wp-json\/wp\/v2\/edicion?post=17038"},{"taxonomy":"editoriales","embeddable":true,"href":"https:\/\/wizardly-davinci.82-223-8-23.plesk.page\/en\/wp-json\/wp\/v2\/editoriales?post=17038"},{"taxonomy":"tienda","embeddable":true,"href":"https:\/\/wizardly-davinci.82-223-8-23.plesk.page\/en\/wp-json\/wp\/v2\/tienda?post=17038"},{"taxonomy":"autor_id","embeddable":true,"href":"https:\/\/wizardly-davinci.82-223-8-23.plesk.page\/en\/wp-json\/wp\/v2\/autor_id?post=17038"},{"taxonomy":"universidades_coeditoras","embeddable":true,"href":"https:\/\/wizardly-davinci.82-223-8-23.plesk.page\/en\/wp-json\/wp\/v2\/universidades_coeditoras?post=17038"},{"taxonomy":"palabras_clave","embeddable":true,"href":"https:\/\/wizardly-davinci.82-223-8-23.plesk.page\/en\/wp-json\/wp\/v2\/palabras_clave?post=17038"},{"taxonomy":"listado_alfabetico","embeddable":true,"href":"https:\/\/wizardly-davinci.82-223-8-23.plesk.page\/en\/wp-json\/wp\/v2\/listado_alfabetico?post=17038"}],"curies":[{"name":"wp","href":"https:\/\/api.w.org\/{rel}","templated":true}]}}