{"id":17050,"date":"2019-04-09T22:22:11","date_gmt":"2019-04-09T22:22:11","guid":{"rendered":"https:\/\/octaedro.com\/producto\/balones-fuera\/"},"modified":"2023-04-20T11:18:45","modified_gmt":"2023-04-20T09:18:45","slug":"balones-fuera","status":"publish","type":"product","link":"https:\/\/wizardly-davinci.82-223-8-23.plesk.page\/en\/producto\/balones-fuera\/","title":{"rendered":"Balones fuera"},"content":{"rendered":"<p>El uso del espacio no es igualitario, y se halla regido por relaciones de poder generalmente invisibles que hay que modificar, dado que de otro modo van a perpetuarse las diferencias de trato entre los individuos en funci\u00f3n de su sexo.<br \/>\nPero miramos el patio de juegos y no vemos nada especial. Tumulto infantil. Unos ni\u00f1os juegan a f\u00fatbol, otros corren por los rincones. Algunas ni\u00f1as est\u00e1n sentadas en un corro al fondo. Cada uno y cada una va a su aire, seg\u00fan le parece.<br \/>\nAs\u00ed que \u00bfd\u00f3nde est\u00e1 el sexismo?<br \/>\nTendremos que aprender a descubrirlo. Y, para hacerlo, tendremos que aprender a mirar, a investigar, a entender. Para poder cambiar las relaciones y llegar a la pr\u00e1ctica de la coeducaci\u00f3n, haciendo que ni\u00f1as y ni\u00f1os tengan sus propios espacios, sus propios tiempos, sus formas de expresi\u00f3n distintas, pero con igual capacidad de ser tenidas en cuenta. Y que vayan intercambi\u00e1ndolas, aprendiendo unas de otros, otros de unas. S\u00f3lo as\u00ed podremos romper los viejos moldes que nos aprisionan y conseguir que las nuevas generaciones sean m\u00e1s libres y puedan aprovechar toda la riqueza de lo humano sin verse constre\u00f1idas por hecho de haber nacido mujer o var\u00f3n en una sociedad sexista.<\/p>\n","protected":false},"excerpt":{"rendered":"<p>El uso del espacio no es igualitario, y se halla regido por relaciones de poder generalmente invisibles que hay que modificar, dado que de otro modo van a perpetuarse las diferencias de trato entre los individuos en funci\u00f3n de su sexo.<br \/>\nPero miramos el patio de juegos y no vemos nada especial. Tumulto infantil. Unos ni\u00f1os juegan a f\u00fatbol, otros corren por los rincones. Algunas ni\u00f1as est\u00e1n sentadas en un corro al fondo. Cada uno y cada una va a su aire, seg\u00fan le parece.<br \/>\nAs\u00ed que \u00bfd\u00f3nde est\u00e1 el sexismo?<br \/>\nTendremos que aprender a descubrirlo. Y, para hacerlo, tendremos que aprender a mirar, a investigar, a entender. Para poder cambiar las relaciones y llegar a la pr\u00e1ctica de la coeducaci\u00f3n, haciendo que ni\u00f1as y ni\u00f1os tengan sus propios espacios, sus propios tiempos, sus formas de expresi\u00f3n distintas, pero con igual capacidad de ser tenidas en cuenta. Y que vayan intercambi\u00e1ndolas, aprendiendo unas de otros, otros de unas. S\u00f3lo as\u00ed podremos romper los viejos moldes que nos aprisionan y conseguir que las nuevas generaciones sean m\u00e1s libres y puedan aprovechar toda la riqueza de lo humano sin verse constre\u00f1idas por hecho de haber nacido mujer o var\u00f3n en una sociedad sexista.<\/p>\n","protected":false},"featured_media":17051,"comment_status":"open","ping_status":"closed","template":"","meta":{"_et_pb_use_builder":"","_et_pb_old_content":"","_et_gb_content_width":""},"product_cat":[1512,6675],"product_tag":[2602],"edicion":[1083],"editoriales":[1160],"tienda":[],"autor_id":[6447,6495],"universidades_coeditoras":[],"palabras_clave":[],"listado_alfabetico":[],"acf":[],"_links":{"self":[{"href":"https:\/\/wizardly-davinci.82-223-8-23.plesk.page\/en\/wp-json\/wp\/v2\/product\/17050"}],"collection":[{"href":"https:\/\/wizardly-davinci.82-223-8-23.plesk.page\/en\/wp-json\/wp\/v2\/product"}],"about":[{"href":"https:\/\/wizardly-davinci.82-223-8-23.plesk.page\/en\/wp-json\/wp\/v2\/types\/product"}],"replies":[{"embeddable":true,"href":"https:\/\/wizardly-davinci.82-223-8-23.plesk.page\/en\/wp-json\/wp\/v2\/comments?post=17050"}],"wp:featuredmedia":[{"embeddable":true,"href":"https:\/\/wizardly-davinci.82-223-8-23.plesk.page\/en\/wp-json\/wp\/v2\/media\/17051"}],"wp:attachment":[{"href":"https:\/\/wizardly-davinci.82-223-8-23.plesk.page\/en\/wp-json\/wp\/v2\/media?parent=17050"}],"wp:term":[{"taxonomy":"product_cat","embeddable":true,"href":"https:\/\/wizardly-davinci.82-223-8-23.plesk.page\/en\/wp-json\/wp\/v2\/product_cat?post=17050"},{"taxonomy":"product_tag","embeddable":true,"href":"https:\/\/wizardly-davinci.82-223-8-23.plesk.page\/en\/wp-json\/wp\/v2\/product_tag?post=17050"},{"taxonomy":"edicion","embeddable":true,"href":"https:\/\/wizardly-davinci.82-223-8-23.plesk.page\/en\/wp-json\/wp\/v2\/edicion?post=17050"},{"taxonomy":"editoriales","embeddable":true,"href":"https:\/\/wizardly-davinci.82-223-8-23.plesk.page\/en\/wp-json\/wp\/v2\/editoriales?post=17050"},{"taxonomy":"tienda","embeddable":true,"href":"https:\/\/wizardly-davinci.82-223-8-23.plesk.page\/en\/wp-json\/wp\/v2\/tienda?post=17050"},{"taxonomy":"autor_id","embeddable":true,"href":"https:\/\/wizardly-davinci.82-223-8-23.plesk.page\/en\/wp-json\/wp\/v2\/autor_id?post=17050"},{"taxonomy":"universidades_coeditoras","embeddable":true,"href":"https:\/\/wizardly-davinci.82-223-8-23.plesk.page\/en\/wp-json\/wp\/v2\/universidades_coeditoras?post=17050"},{"taxonomy":"palabras_clave","embeddable":true,"href":"https:\/\/wizardly-davinci.82-223-8-23.plesk.page\/en\/wp-json\/wp\/v2\/palabras_clave?post=17050"},{"taxonomy":"listado_alfabetico","embeddable":true,"href":"https:\/\/wizardly-davinci.82-223-8-23.plesk.page\/en\/wp-json\/wp\/v2\/listado_alfabetico?post=17050"}],"curies":[{"name":"wp","href":"https:\/\/api.w.org\/{rel}","templated":true}]}}