{"id":17058,"date":"2019-04-09T22:22:14","date_gmt":"2019-04-09T22:22:14","guid":{"rendered":"https:\/\/octaedro.com\/producto\/la-palabra-compartida\/"},"modified":"2023-04-20T11:19:11","modified_gmt":"2023-04-20T09:19:11","slug":"la-palabra-compartida","status":"publish","type":"product","link":"https:\/\/wizardly-davinci.82-223-8-23.plesk.page\/en\/producto\/la-palabra-compartida\/","title":{"rendered":"La palabra compartida"},"content":{"rendered":"<p><span class=\"destacat\">La palabra compartida<\/span> es una aportaci\u00f3n al tema de la competencia comunicativa desde \u201cel barro\u201d del aula. Sus autores, partiendo de la teor\u00eda y la mirada sobre la pr\u00e1ctica educativa que comparten, nos ofrecen reflexiones y propuestas realistas sobre c\u00f3mo hacer m\u00e1s competente a nuestro alumnado cuando lee, escribe, se expresa oralmente o piensa la lengua.<br \/>\nLa primera parte del libro aborda el tema de la ense\u00f1anza y el aprendizaje por competencias, que es el modelo pedag\u00f3gico y curricular de la actual legislaci\u00f3n educativa. A partir de textos oficiales y de las grandes aportaciones de la teor\u00eda y la investigaci\u00f3n, se intenta clarificar lo que supone trabajar competencialmente en las aulas. La segunda parte, m\u00e1s espec\u00edfica, aporta reflexiones, orientaciones para la acci\u00f3n y ejemplos ilustrativos sobre las subcompetencias oral, escrita, lectora y metaling\u00fc\u00edstica.<br \/>\nEl libro no se dirige s\u00f3lo al profesorado de Lengua, sino a docentes de cualquier material que busquen orientaciones realistas y validadas por la pr\u00e1ctica para compartir m\u00e1s y de forma m\u00e1s competente la palabra.<\/p>\n","protected":false},"excerpt":{"rendered":"<p><span class=\"destacat\">La palabra compartida<\/span> es una aportaci\u00f3n al tema de la competencia comunicativa desde \u201cel barro\u201d del aula. Sus autores, partiendo de la teor\u00eda y la mirada sobre la pr\u00e1ctica educativa que comparten, nos ofrecen reflexiones y propuestas realistas sobre c\u00f3mo hacer m\u00e1s competente a nuestro alumnado cuando lee, escribe, se expresa oralmente o piensa la lengua.<br \/>\nLa primera parte del libro aborda el tema de la ense\u00f1anza y el aprendizaje por competencias, que es el modelo pedag\u00f3gico y curricular de la actual legislaci\u00f3n educativa. A partir de textos oficiales y de las grandes aportaciones de la teor\u00eda y la investigaci\u00f3n, se intenta clarificar lo que supone trabajar competencialmente en las aulas. La segunda parte, m\u00e1s espec\u00edfica, aporta reflexiones, orientaciones para la acci\u00f3n y ejemplos ilustrativos sobre las subcompetencias oral, escrita, lectora y metaling\u00fc\u00edstica.<br \/>\nEl libro no se dirige s\u00f3lo al profesorado de Lengua, sino a docentes de cualquier material que busquen orientaciones realistas y validadas por la pr\u00e1ctica para compartir m\u00e1s y de forma m\u00e1s competente la palabra.<\/p>\n","protected":false},"featured_media":17059,"comment_status":"open","ping_status":"closed","template":"","meta":{"_et_pb_use_builder":"","_et_pb_old_content":"","_et_gb_content_width":""},"product_cat":[2606,1512,6675,6673],"product_tag":[2604],"edicion":[1084,1083],"editoriales":[1160],"tienda":[],"autor_id":[5394,5856,6466,6391],"universidades_coeditoras":[],"palabras_clave":[],"listado_alfabetico":[],"acf":[],"_links":{"self":[{"href":"https:\/\/wizardly-davinci.82-223-8-23.plesk.page\/en\/wp-json\/wp\/v2\/product\/17058"}],"collection":[{"href":"https:\/\/wizardly-davinci.82-223-8-23.plesk.page\/en\/wp-json\/wp\/v2\/product"}],"about":[{"href":"https:\/\/wizardly-davinci.82-223-8-23.plesk.page\/en\/wp-json\/wp\/v2\/types\/product"}],"replies":[{"embeddable":true,"href":"https:\/\/wizardly-davinci.82-223-8-23.plesk.page\/en\/wp-json\/wp\/v2\/comments?post=17058"}],"wp:featuredmedia":[{"embeddable":true,"href":"https:\/\/wizardly-davinci.82-223-8-23.plesk.page\/en\/wp-json\/wp\/v2\/media\/17059"}],"wp:attachment":[{"href":"https:\/\/wizardly-davinci.82-223-8-23.plesk.page\/en\/wp-json\/wp\/v2\/media?parent=17058"}],"wp:term":[{"taxonomy":"product_cat","embeddable":true,"href":"https:\/\/wizardly-davinci.82-223-8-23.plesk.page\/en\/wp-json\/wp\/v2\/product_cat?post=17058"},{"taxonomy":"product_tag","embeddable":true,"href":"https:\/\/wizardly-davinci.82-223-8-23.plesk.page\/en\/wp-json\/wp\/v2\/product_tag?post=17058"},{"taxonomy":"edicion","embeddable":true,"href":"https:\/\/wizardly-davinci.82-223-8-23.plesk.page\/en\/wp-json\/wp\/v2\/edicion?post=17058"},{"taxonomy":"editoriales","embeddable":true,"href":"https:\/\/wizardly-davinci.82-223-8-23.plesk.page\/en\/wp-json\/wp\/v2\/editoriales?post=17058"},{"taxonomy":"tienda","embeddable":true,"href":"https:\/\/wizardly-davinci.82-223-8-23.plesk.page\/en\/wp-json\/wp\/v2\/tienda?post=17058"},{"taxonomy":"autor_id","embeddable":true,"href":"https:\/\/wizardly-davinci.82-223-8-23.plesk.page\/en\/wp-json\/wp\/v2\/autor_id?post=17058"},{"taxonomy":"universidades_coeditoras","embeddable":true,"href":"https:\/\/wizardly-davinci.82-223-8-23.plesk.page\/en\/wp-json\/wp\/v2\/universidades_coeditoras?post=17058"},{"taxonomy":"palabras_clave","embeddable":true,"href":"https:\/\/wizardly-davinci.82-223-8-23.plesk.page\/en\/wp-json\/wp\/v2\/palabras_clave?post=17058"},{"taxonomy":"listado_alfabetico","embeddable":true,"href":"https:\/\/wizardly-davinci.82-223-8-23.plesk.page\/en\/wp-json\/wp\/v2\/listado_alfabetico?post=17058"}],"curies":[{"name":"wp","href":"https:\/\/api.w.org\/{rel}","templated":true}]}}