{"id":17060,"date":"2019-04-09T22:22:15","date_gmt":"2019-04-09T22:22:15","guid":{"rendered":"https:\/\/octaedro.com\/producto\/un-cambio-de-mirada-para-abordar-y-prevenir-la-violencia-en-la-escuela\/"},"modified":"2023-04-20T11:19:17","modified_gmt":"2023-04-20T09:19:17","slug":"un-cambio-de-mirada-para-abordar-y-prevenir-la-violencia-en-la-escuela","status":"publish","type":"product","link":"https:\/\/wizardly-davinci.82-223-8-23.plesk.page\/en\/producto\/un-cambio-de-mirada-para-abordar-y-prevenir-la-violencia-en-la-escuela\/","title":{"rendered":"Un cambio de mirada para abordar y prevenir la violencia en la escuela"},"content":{"rendered":"<p>Considerar la violencia en las escuelas desde un punto de vista individual como una acci\u00f3n y una reacci\u00f3n es perder toda posibilidad de hacer una interpretaci\u00f3n hol\u00edstica que d\u00e9 pie a la intervenci\u00f3n en sus causas. El entorno escolar donde se desarrolla la infancia y la adolescencia ha de propiciar un aprendizaje de las relaciones interpersonales que favorezca el proceso de socializaci\u00f3n en un marco de convivencia basado en el conocimiento y reconocimiento de las personas en su individualidad y divesidad. Este conocimiento es fundamental para evitar que factores de vulnerabilidad pueden propiciar actitudes o conductas marginadoras o negativas. Por eso, es necesario un cambio de mirada por parte de las personas adultas y de la sociedad.<\/p>\n","protected":false},"excerpt":{"rendered":"<p>Considerar la violencia en las escuelas desde un punto de vista individual como una acci\u00f3n y una reacci\u00f3n es perder toda posibilidad de hacer una interpretaci\u00f3n hol\u00edstica que d\u00e9 pie a la intervenci\u00f3n en sus causas. El entorno escolar donde se desarrolla la infancia y la adolescencia ha de propiciar un aprendizaje de las relaciones interpersonales que favorezca el proceso de socializaci\u00f3n en un marco de convivencia basado en el conocimiento y reconocimiento de las personas en su individualidad y divesidad. Este conocimiento es fundamental para evitar que factores de vulnerabilidad pueden propiciar actitudes o conductas marginadoras o negativas. Por eso, es necesario un cambio de mirada por parte de las personas adultas y de la sociedad.<\/p>\n","protected":false},"featured_media":17061,"comment_status":"open","ping_status":"closed","template":"","meta":{"_et_pb_use_builder":"","_et_pb_old_content":"","_et_gb_content_width":""},"product_cat":[1512,6675],"product_tag":[2602],"edicion":[1083],"editoriales":[1160],"tienda":[],"autor_id":[5829],"universidades_coeditoras":[],"palabras_clave":[],"listado_alfabetico":[],"acf":[],"_links":{"self":[{"href":"https:\/\/wizardly-davinci.82-223-8-23.plesk.page\/en\/wp-json\/wp\/v2\/product\/17060"}],"collection":[{"href":"https:\/\/wizardly-davinci.82-223-8-23.plesk.page\/en\/wp-json\/wp\/v2\/product"}],"about":[{"href":"https:\/\/wizardly-davinci.82-223-8-23.plesk.page\/en\/wp-json\/wp\/v2\/types\/product"}],"replies":[{"embeddable":true,"href":"https:\/\/wizardly-davinci.82-223-8-23.plesk.page\/en\/wp-json\/wp\/v2\/comments?post=17060"}],"wp:featuredmedia":[{"embeddable":true,"href":"https:\/\/wizardly-davinci.82-223-8-23.plesk.page\/en\/wp-json\/wp\/v2\/media\/17061"}],"wp:attachment":[{"href":"https:\/\/wizardly-davinci.82-223-8-23.plesk.page\/en\/wp-json\/wp\/v2\/media?parent=17060"}],"wp:term":[{"taxonomy":"product_cat","embeddable":true,"href":"https:\/\/wizardly-davinci.82-223-8-23.plesk.page\/en\/wp-json\/wp\/v2\/product_cat?post=17060"},{"taxonomy":"product_tag","embeddable":true,"href":"https:\/\/wizardly-davinci.82-223-8-23.plesk.page\/en\/wp-json\/wp\/v2\/product_tag?post=17060"},{"taxonomy":"edicion","embeddable":true,"href":"https:\/\/wizardly-davinci.82-223-8-23.plesk.page\/en\/wp-json\/wp\/v2\/edicion?post=17060"},{"taxonomy":"editoriales","embeddable":true,"href":"https:\/\/wizardly-davinci.82-223-8-23.plesk.page\/en\/wp-json\/wp\/v2\/editoriales?post=17060"},{"taxonomy":"tienda","embeddable":true,"href":"https:\/\/wizardly-davinci.82-223-8-23.plesk.page\/en\/wp-json\/wp\/v2\/tienda?post=17060"},{"taxonomy":"autor_id","embeddable":true,"href":"https:\/\/wizardly-davinci.82-223-8-23.plesk.page\/en\/wp-json\/wp\/v2\/autor_id?post=17060"},{"taxonomy":"universidades_coeditoras","embeddable":true,"href":"https:\/\/wizardly-davinci.82-223-8-23.plesk.page\/en\/wp-json\/wp\/v2\/universidades_coeditoras?post=17060"},{"taxonomy":"palabras_clave","embeddable":true,"href":"https:\/\/wizardly-davinci.82-223-8-23.plesk.page\/en\/wp-json\/wp\/v2\/palabras_clave?post=17060"},{"taxonomy":"listado_alfabetico","embeddable":true,"href":"https:\/\/wizardly-davinci.82-223-8-23.plesk.page\/en\/wp-json\/wp\/v2\/listado_alfabetico?post=17060"}],"curies":[{"name":"wp","href":"https:\/\/api.w.org\/{rel}","templated":true}]}}