{"id":17062,"date":"2019-04-09T22:22:15","date_gmt":"2019-04-09T22:22:15","guid":{"rendered":"https:\/\/octaedro.com\/producto\/competencias-basicas-en-escritura\/"},"modified":"2023-04-20T11:19:24","modified_gmt":"2023-04-20T09:19:24","slug":"competencias-basicas-en-escritura","status":"publish","type":"product","link":"https:\/\/wizardly-davinci.82-223-8-23.plesk.page\/en\/producto\/competencias-basicas-en-escritura\/","title":{"rendered":"Competencias b\u00e1sicas en escritura"},"content":{"rendered":"<p>Esta obra se fundamenta en una concepci\u00f3n de la escritura desde supuestos sociocognitivos (escritura, sociedad, escritura y cognici\u00f3n) para plantear la ense\u00f1anza y el aprendizaje (did\u00e1ctica de la escritura) de los diferentes g\u00e9neros discursivos, con sus caracter\u00edsticas ling\u00fc\u00edsticas y textuales respectivas. Su principal finalidad consiste en fomentar la competencia escrita en contextos acad\u00e9micos y sociales.<br \/>\nPor su car\u00e1cter did\u00e1ctico, los destinatarios principales de este libro son los estudiantes que se preparan par ser maestros\/as o profesores\/as de Secundaria, as\u00ed como los que ya est\u00e1n en ejercicio en las distintas \u00e1reas de conocimiento. Tambi\u00e9n puede ser de utilidad para cuantos est\u00e9n interesados por la escritura, tanto en la investigaci\u00f3n educativa como en los \u00e1mbitos profesionales.<\/p>\n","protected":false},"excerpt":{"rendered":"<p>Esta obra se fundamenta en una concepci\u00f3n de la escritura desde supuestos sociocognitivos (escritura, sociedad, escritura y cognici\u00f3n) para plantear la ense\u00f1anza y el aprendizaje (did\u00e1ctica de la escritura) de los diferentes g\u00e9neros discursivos, con sus caracter\u00edsticas ling\u00fc\u00edsticas y textuales respectivas. Su principal finalidad consiste en fomentar la competencia escrita en contextos acad\u00e9micos y sociales.<br \/>\nPor su car\u00e1cter did\u00e1ctico, los destinatarios principales de este libro son los estudiantes que se preparan par ser maestros\/as o profesores\/as de Secundaria, as\u00ed como los que ya est\u00e1n en ejercicio en las distintas \u00e1reas de conocimiento. Tambi\u00e9n puede ser de utilidad para cuantos est\u00e9n interesados por la escritura, tanto en la investigaci\u00f3n educativa como en los \u00e1mbitos profesionales.<\/p>\n","protected":false},"featured_media":17063,"comment_status":"open","ping_status":"closed","template":"","meta":{"_et_pb_use_builder":"","_et_pb_old_content":"","_et_gb_content_width":""},"product_cat":[2606,1512,6675,6673],"product_tag":[2604],"edicion":[1084,1083],"editoriales":[1160],"tienda":[],"autor_id":[6621],"universidades_coeditoras":[],"palabras_clave":[],"listado_alfabetico":[],"acf":[],"_links":{"self":[{"href":"https:\/\/wizardly-davinci.82-223-8-23.plesk.page\/en\/wp-json\/wp\/v2\/product\/17062"}],"collection":[{"href":"https:\/\/wizardly-davinci.82-223-8-23.plesk.page\/en\/wp-json\/wp\/v2\/product"}],"about":[{"href":"https:\/\/wizardly-davinci.82-223-8-23.plesk.page\/en\/wp-json\/wp\/v2\/types\/product"}],"replies":[{"embeddable":true,"href":"https:\/\/wizardly-davinci.82-223-8-23.plesk.page\/en\/wp-json\/wp\/v2\/comments?post=17062"}],"wp:featuredmedia":[{"embeddable":true,"href":"https:\/\/wizardly-davinci.82-223-8-23.plesk.page\/en\/wp-json\/wp\/v2\/media\/17063"}],"wp:attachment":[{"href":"https:\/\/wizardly-davinci.82-223-8-23.plesk.page\/en\/wp-json\/wp\/v2\/media?parent=17062"}],"wp:term":[{"taxonomy":"product_cat","embeddable":true,"href":"https:\/\/wizardly-davinci.82-223-8-23.plesk.page\/en\/wp-json\/wp\/v2\/product_cat?post=17062"},{"taxonomy":"product_tag","embeddable":true,"href":"https:\/\/wizardly-davinci.82-223-8-23.plesk.page\/en\/wp-json\/wp\/v2\/product_tag?post=17062"},{"taxonomy":"edicion","embeddable":true,"href":"https:\/\/wizardly-davinci.82-223-8-23.plesk.page\/en\/wp-json\/wp\/v2\/edicion?post=17062"},{"taxonomy":"editoriales","embeddable":true,"href":"https:\/\/wizardly-davinci.82-223-8-23.plesk.page\/en\/wp-json\/wp\/v2\/editoriales?post=17062"},{"taxonomy":"tienda","embeddable":true,"href":"https:\/\/wizardly-davinci.82-223-8-23.plesk.page\/en\/wp-json\/wp\/v2\/tienda?post=17062"},{"taxonomy":"autor_id","embeddable":true,"href":"https:\/\/wizardly-davinci.82-223-8-23.plesk.page\/en\/wp-json\/wp\/v2\/autor_id?post=17062"},{"taxonomy":"universidades_coeditoras","embeddable":true,"href":"https:\/\/wizardly-davinci.82-223-8-23.plesk.page\/en\/wp-json\/wp\/v2\/universidades_coeditoras?post=17062"},{"taxonomy":"palabras_clave","embeddable":true,"href":"https:\/\/wizardly-davinci.82-223-8-23.plesk.page\/en\/wp-json\/wp\/v2\/palabras_clave?post=17062"},{"taxonomy":"listado_alfabetico","embeddable":true,"href":"https:\/\/wizardly-davinci.82-223-8-23.plesk.page\/en\/wp-json\/wp\/v2\/listado_alfabetico?post=17062"}],"curies":[{"name":"wp","href":"https:\/\/api.w.org\/{rel}","templated":true}]}}