{"id":17074,"date":"2019-04-09T22:22:20","date_gmt":"2019-04-09T22:22:20","guid":{"rendered":"https:\/\/octaedro.com\/producto\/creando-mi-profesion\/"},"modified":"2023-04-20T11:24:04","modified_gmt":"2023-04-20T09:24:04","slug":"creando-mi-profesion","status":"publish","type":"product","link":"https:\/\/wizardly-davinci.82-223-8-23.plesk.page\/en\/producto\/creando-mi-profesion\/","title":{"rendered":"Creando mi profesi\u00f3n"},"content":{"rendered":"<p>\u00bfC\u00f3mo podemos evolucionar en el oficio de ense\u00f1ar? \u00c9sta es la pregunta a la que un grupo de profesionales en activo en el \u00e1mbito de la formaci\u00f3n del profesorado, tanto inicial como permanente, intenta dar algunas respuestas. Y lo hace tras un profundo trabajo de reflexi\u00f3n conjunta sobre el <em>qu\u00e9<\/em> y sobre todo el <em>c\u00f3mo<\/em> de la formaci\u00f3n. En este sentido, es un libro que nace de la pr\u00e1ctica y es para la pr\u00e1ctica formativa: nace de ella porque parte de experiencias concretas en el \u00e1mbito de la formaci\u00f3n; y vuelve a revertir en la misma porque ofrece actividades, procedimientos y estrategias para enriquecerla y mejorarla.<br \/>\n<em>Creando mi profesi\u00f3n<\/em>, pues, quiere ser una herramienta \u00fatil para generar y llevar a cabo procesos significativos de desarrollo profesional. Los profesionales de la formaci\u00f3n son los que ayudan a generar estos procesos. Sin embargo, no debemos olvidar que son los futuros docentes y el profesorado en activo los que lo llevan a cabo, los que d\u00eda a d\u00eda lo viven, porque la evoluci\u00f3n en el oficio de ense\u00f1ar conlleva un constante replanteamiento de la pr\u00e1ctica, de las maneras de hacer y de pensar.<br \/>\n<em>Creando mi profesi\u00f3n<\/em> va dirigido a todo este amplio colectivo \u2013profesorado universitario, docentes en activo y sobre todo al futuro profesorado\u2013, con la mirada puesta en el desarrollo de la competencia profesional y la mejora de los procesos formativos en nuestras aulas.<\/p>\n","protected":false},"excerpt":{"rendered":"<p>\u00bfC\u00f3mo podemos evolucionar en el oficio de ense\u00f1ar? \u00c9sta es la pregunta a la que un grupo de profesionales en activo en el \u00e1mbito de la formaci\u00f3n del profesorado, tanto inicial como permanente, intenta dar algunas respuestas. Y lo hace tras un profundo trabajo de reflexi\u00f3n conjunta sobre el <em>qu\u00e9<\/em> y sobre todo el <em>c\u00f3mo<\/em> de la formaci\u00f3n. En este sentido, es un libro que nace de la pr\u00e1ctica y es para la pr\u00e1ctica formativa: nace de ella porque parte de experiencias concretas en el \u00e1mbito de la formaci\u00f3n; y vuelve a revertir en la misma porque ofrece actividades, procedimientos y estrategias para enriquecerla y mejorarla.<br \/>\n<em>Creando mi profesi\u00f3n<\/em>, pues, quiere ser una herramienta \u00fatil para generar y llevar a cabo procesos significativos de desarrollo profesional. Los profesionales de la formaci\u00f3n son los que ayudan a generar estos procesos. Sin embargo, no debemos olvidar que son los futuros docentes y el profesorado en activo los que lo llevan a cabo, los que d\u00eda a d\u00eda lo viven, porque la evoluci\u00f3n en el oficio de ense\u00f1ar conlleva un constante replanteamiento de la pr\u00e1ctica, de las maneras de hacer y de pensar.<br \/>\n<em>Creando mi profesi\u00f3n<\/em> va dirigido a todo este amplio colectivo \u2013profesorado universitario, docentes en activo y sobre todo al futuro profesorado\u2013, con la mirada puesta en el desarrollo de la competencia profesional y la mejora de los procesos formativos en nuestras aulas.<\/p>\n","protected":false},"featured_media":17075,"comment_status":"open","ping_status":"closed","template":"","meta":{"_et_pb_use_builder":"","_et_pb_old_content":"","_et_gb_content_width":""},"product_cat":[1512,6675],"product_tag":[2602],"edicion":[1083],"editoriales":[1160],"tienda":[],"autor_id":[5025,5442,5962],"universidades_coeditoras":[],"palabras_clave":[],"listado_alfabetico":[],"acf":[],"_links":{"self":[{"href":"https:\/\/wizardly-davinci.82-223-8-23.plesk.page\/en\/wp-json\/wp\/v2\/product\/17074"}],"collection":[{"href":"https:\/\/wizardly-davinci.82-223-8-23.plesk.page\/en\/wp-json\/wp\/v2\/product"}],"about":[{"href":"https:\/\/wizardly-davinci.82-223-8-23.plesk.page\/en\/wp-json\/wp\/v2\/types\/product"}],"replies":[{"embeddable":true,"href":"https:\/\/wizardly-davinci.82-223-8-23.plesk.page\/en\/wp-json\/wp\/v2\/comments?post=17074"}],"wp:featuredmedia":[{"embeddable":true,"href":"https:\/\/wizardly-davinci.82-223-8-23.plesk.page\/en\/wp-json\/wp\/v2\/media\/17075"}],"wp:attachment":[{"href":"https:\/\/wizardly-davinci.82-223-8-23.plesk.page\/en\/wp-json\/wp\/v2\/media?parent=17074"}],"wp:term":[{"taxonomy":"product_cat","embeddable":true,"href":"https:\/\/wizardly-davinci.82-223-8-23.plesk.page\/en\/wp-json\/wp\/v2\/product_cat?post=17074"},{"taxonomy":"product_tag","embeddable":true,"href":"https:\/\/wizardly-davinci.82-223-8-23.plesk.page\/en\/wp-json\/wp\/v2\/product_tag?post=17074"},{"taxonomy":"edicion","embeddable":true,"href":"https:\/\/wizardly-davinci.82-223-8-23.plesk.page\/en\/wp-json\/wp\/v2\/edicion?post=17074"},{"taxonomy":"editoriales","embeddable":true,"href":"https:\/\/wizardly-davinci.82-223-8-23.plesk.page\/en\/wp-json\/wp\/v2\/editoriales?post=17074"},{"taxonomy":"tienda","embeddable":true,"href":"https:\/\/wizardly-davinci.82-223-8-23.plesk.page\/en\/wp-json\/wp\/v2\/tienda?post=17074"},{"taxonomy":"autor_id","embeddable":true,"href":"https:\/\/wizardly-davinci.82-223-8-23.plesk.page\/en\/wp-json\/wp\/v2\/autor_id?post=17074"},{"taxonomy":"universidades_coeditoras","embeddable":true,"href":"https:\/\/wizardly-davinci.82-223-8-23.plesk.page\/en\/wp-json\/wp\/v2\/universidades_coeditoras?post=17074"},{"taxonomy":"palabras_clave","embeddable":true,"href":"https:\/\/wizardly-davinci.82-223-8-23.plesk.page\/en\/wp-json\/wp\/v2\/palabras_clave?post=17074"},{"taxonomy":"listado_alfabetico","embeddable":true,"href":"https:\/\/wizardly-davinci.82-223-8-23.plesk.page\/en\/wp-json\/wp\/v2\/listado_alfabetico?post=17074"}],"curies":[{"name":"wp","href":"https:\/\/api.w.org\/{rel}","templated":true}]}}