{"id":17078,"date":"2019-04-09T22:22:21","date_gmt":"2019-04-09T22:22:21","guid":{"rendered":"https:\/\/octaedro.com\/producto\/investigacion-autobiografica-y-cambio-social\/"},"modified":"2023-04-20T11:24:17","modified_gmt":"2023-04-20T09:24:17","slug":"investigacion-autobiografica-y-cambio-social","status":"publish","type":"product","link":"https:\/\/wizardly-davinci.82-223-8-23.plesk.page\/en\/producto\/investigacion-autobiografica-y-cambio-social\/","title":{"rendered":"Investigaci\u00f3n autobiogr\u00e1fica y cambio social"},"content":{"rendered":"<p>Quien se acerque a este libro se introduce en un campo repleto de riesgos y desaf\u00edos. Riesgos, porque aqu\u00ed se plantean algunas maneras de afrontar una investigaci\u00f3n que tiene como una de sus finalidades llevar a cabo la construcci\u00f3n de un relato en el que el investigador da cuenta, de manera reflexiva, de la memoria de un aspecto de su experiencia. Lo que significa hablar no de s\u00ed, sino desde s\u00ed. Desaf\u00edos, porque con ello la investigaci\u00f3n quiebra y cuestiona el dualismo subjetividad\/objetividad que ha sido el norte y la referencia de lo que hasta fechas recientes se consideraba como investigaci\u00f3n cient\u00edfica.<br \/>\nDesde este aviso inicial, la publicaci\u00f3n tiene un doble prop\u00f3sito. Por una parte, dar cuenta, de forma resumida, de lo que significa la investigaci\u00f3n sobre las narrativas del yo, desde una perspectiva autobiogr\u00e1fica. Por otra, ilustrarlo mediante el proceso y las diferentes formas de afrontar una investigaci\u00f3n autobiogr\u00e1fica; lo que puede permitir a quien lo lee situarse ante los posicionamientos y toma de decisiones que esta metodolog\u00eda de investigaci\u00f3n puede demandar. Es, por tanto, una publicaci\u00f3n con la finalidad de compartir nuestra experiencia en una manera de hacer investigaci\u00f3n autobiogr\u00e1fica que pueda ayudar a otros a adentrarse por un camino a la vez exigente y apasionante. El contenido de este libro es parte del proyecto \u00abLos efectos de los cambios sociales en el trabajo y la vida profesional de los docentes universitarios\u00bb. (Ministerio de Ciencia e Innovaci\u00f3n, SEJ2006-01876. 2006-2009).<\/p>\n","protected":false},"excerpt":{"rendered":"<p>Quien se acerque a este libro se introduce en un campo repleto de riesgos y desaf\u00edos. Riesgos, porque aqu\u00ed se plantean algunas maneras de afrontar una investigaci\u00f3n que tiene como una de sus finalidades llevar a cabo la construcci\u00f3n de un relato en el que el investigador da cuenta, de manera reflexiva, de la memoria de un aspecto de su experiencia. Lo que significa hablar no de s\u00ed, sino desde s\u00ed. Desaf\u00edos, porque con ello la investigaci\u00f3n quiebra y cuestiona el dualismo subjetividad\/objetividad que ha sido el norte y la referencia de lo que hasta fechas recientes se consideraba como investigaci\u00f3n cient\u00edfica.<br \/>\nDesde este aviso inicial, la publicaci\u00f3n tiene un doble prop\u00f3sito. Por una parte, dar cuenta, de forma resumida, de lo que significa la investigaci\u00f3n sobre las narrativas del yo, desde una perspectiva autobiogr\u00e1fica. Por otra, ilustrarlo mediante el proceso y las diferentes formas de afrontar una investigaci\u00f3n autobiogr\u00e1fica; lo que puede permitir a quien lo lee situarse ante los posicionamientos y toma de decisiones que esta metodolog\u00eda de investigaci\u00f3n puede demandar. Es, por tanto, una publicaci\u00f3n con la finalidad de compartir nuestra experiencia en una manera de hacer investigaci\u00f3n autobiogr\u00e1fica que pueda ayudar a otros a adentrarse por un camino a la vez exigente y apasionante. El contenido de este libro es parte del proyecto \u00abLos efectos de los cambios sociales en el trabajo y la vida profesional de los docentes universitarios\u00bb. (Ministerio de Ciencia e Innovaci\u00f3n, SEJ2006-01876. 2006-2009).<\/p>\n","protected":false},"featured_media":17079,"comment_status":"open","ping_status":"closed","template":"","meta":{"_et_pb_use_builder":"","_et_pb_old_content":"","_et_gb_content_width":""},"product_cat":[1512,6675],"product_tag":[2602],"edicion":[1083],"editoriales":[1160],"tienda":[],"autor_id":[5675,6243],"universidades_coeditoras":[],"palabras_clave":[],"listado_alfabetico":[],"acf":[],"_links":{"self":[{"href":"https:\/\/wizardly-davinci.82-223-8-23.plesk.page\/en\/wp-json\/wp\/v2\/product\/17078"}],"collection":[{"href":"https:\/\/wizardly-davinci.82-223-8-23.plesk.page\/en\/wp-json\/wp\/v2\/product"}],"about":[{"href":"https:\/\/wizardly-davinci.82-223-8-23.plesk.page\/en\/wp-json\/wp\/v2\/types\/product"}],"replies":[{"embeddable":true,"href":"https:\/\/wizardly-davinci.82-223-8-23.plesk.page\/en\/wp-json\/wp\/v2\/comments?post=17078"}],"wp:featuredmedia":[{"embeddable":true,"href":"https:\/\/wizardly-davinci.82-223-8-23.plesk.page\/en\/wp-json\/wp\/v2\/media\/17079"}],"wp:attachment":[{"href":"https:\/\/wizardly-davinci.82-223-8-23.plesk.page\/en\/wp-json\/wp\/v2\/media?parent=17078"}],"wp:term":[{"taxonomy":"product_cat","embeddable":true,"href":"https:\/\/wizardly-davinci.82-223-8-23.plesk.page\/en\/wp-json\/wp\/v2\/product_cat?post=17078"},{"taxonomy":"product_tag","embeddable":true,"href":"https:\/\/wizardly-davinci.82-223-8-23.plesk.page\/en\/wp-json\/wp\/v2\/product_tag?post=17078"},{"taxonomy":"edicion","embeddable":true,"href":"https:\/\/wizardly-davinci.82-223-8-23.plesk.page\/en\/wp-json\/wp\/v2\/edicion?post=17078"},{"taxonomy":"editoriales","embeddable":true,"href":"https:\/\/wizardly-davinci.82-223-8-23.plesk.page\/en\/wp-json\/wp\/v2\/editoriales?post=17078"},{"taxonomy":"tienda","embeddable":true,"href":"https:\/\/wizardly-davinci.82-223-8-23.plesk.page\/en\/wp-json\/wp\/v2\/tienda?post=17078"},{"taxonomy":"autor_id","embeddable":true,"href":"https:\/\/wizardly-davinci.82-223-8-23.plesk.page\/en\/wp-json\/wp\/v2\/autor_id?post=17078"},{"taxonomy":"universidades_coeditoras","embeddable":true,"href":"https:\/\/wizardly-davinci.82-223-8-23.plesk.page\/en\/wp-json\/wp\/v2\/universidades_coeditoras?post=17078"},{"taxonomy":"palabras_clave","embeddable":true,"href":"https:\/\/wizardly-davinci.82-223-8-23.plesk.page\/en\/wp-json\/wp\/v2\/palabras_clave?post=17078"},{"taxonomy":"listado_alfabetico","embeddable":true,"href":"https:\/\/wizardly-davinci.82-223-8-23.plesk.page\/en\/wp-json\/wp\/v2\/listado_alfabetico?post=17078"}],"curies":[{"name":"wp","href":"https:\/\/api.w.org\/{rel}","templated":true}]}}