{"id":17082,"date":"2019-04-09T22:22:21","date_gmt":"2019-04-09T22:22:21","guid":{"rendered":"https:\/\/octaedro.com\/producto\/internet-jovenes-y-participacion-civicopolitica\/"},"modified":"2023-04-20T11:24:31","modified_gmt":"2023-04-20T09:24:31","slug":"internet-jovenes-y-participacion-civicopolitica","status":"publish","type":"product","link":"https:\/\/wizardly-davinci.82-223-8-23.plesk.page\/en\/producto\/internet-jovenes-y-participacion-civicopolitica\/","title":{"rendered":"Internet, j\u00f3venes y participaci\u00f3n civicopol\u00edtica"},"content":{"rendered":"<p>En las democracias modernas existe una preocupaci\u00f3n por la creciente falta de inter\u00e9s de los ciudadanos en la actividad c\u00edvicopol\u00edtica. Asimismo, se tiende a pensar que los j\u00f3venes son el grupo de poblaci\u00f3n al que menos preocupan estas cuestiones. Y se culpa de ese desinter\u00e9s a la existencia de las tecnolog\u00edas de la comunicaci\u00f3n, que los mantiene entretenidos y en una actitud pasiva con respecto a la realidad social. Al mismo tiempo, se asume que como son usuarios avezados de Internet en su vida cotidiana, la mejor manera de interesarlos en pol\u00edtica es dirigirse a ellos a trav\u00e9s de este medio.<br \/>\nEste libro cuestiona estas premisas, a partir del an\u00e1lisis de los datos recogidos en una investigaci\u00f3n financiada por la Comunidad Europea. As\u00ed, se observa que a los j\u00f3venes s\u00ed que les preocupan las cuestiones c\u00edvico-pol\u00edticas, pero que sus intereses no coinciden necesariamente con los de los pol\u00edticos. Tambi\u00e9n se muestra que Internet es un excelente veh\u00edculo para la participaci\u00f3n c\u00edvicopol\u00edtica, siempre y cuando ya exista un inter\u00e9s previo por estas cuestiones.<br \/>\n<em>Internet, j\u00f3venes y participaci\u00f3n c\u00edvicopol\u00edtica: l\u00edmites y oportunidades<\/em> est\u00e1 dirigido a todo tipo de p\u00fablico, pero en especial a quienes est\u00e1n interesados en los j\u00f3venes y las tecnolog\u00edas de la comunicaci\u00f3n, a los partidos pol\u00edticos, a las instituciones p\u00fablicas, a los educadores, a los padres, y a los trabajadores sociales.<\/p>\n","protected":false},"excerpt":{"rendered":"<p>En las democracias modernas existe una preocupaci\u00f3n por la creciente falta de inter\u00e9s de los ciudadanos en la actividad c\u00edvicopol\u00edtica. Asimismo, se tiende a pensar que los j\u00f3venes son el grupo de poblaci\u00f3n al que menos preocupan estas cuestiones. Y se culpa de ese desinter\u00e9s a la existencia de las tecnolog\u00edas de la comunicaci\u00f3n, que los mantiene entretenidos y en una actitud pasiva con respecto a la realidad social. Al mismo tiempo, se asume que como son usuarios avezados de Internet en su vida cotidiana, la mejor manera de interesarlos en pol\u00edtica es dirigirse a ellos a trav\u00e9s de este medio.<br \/>\nEste libro cuestiona estas premisas, a partir del an\u00e1lisis de los datos recogidos en una investigaci\u00f3n financiada por la Comunidad Europea. As\u00ed, se observa que a los j\u00f3venes s\u00ed que les preocupan las cuestiones c\u00edvico-pol\u00edticas, pero que sus intereses no coinciden necesariamente con los de los pol\u00edticos. Tambi\u00e9n se muestra que Internet es un excelente veh\u00edculo para la participaci\u00f3n c\u00edvicopol\u00edtica, siempre y cuando ya exista un inter\u00e9s previo por estas cuestiones.<br \/>\n<em>Internet, j\u00f3venes y participaci\u00f3n c\u00edvicopol\u00edtica: l\u00edmites y oportunidades<\/em> est\u00e1 dirigido a todo tipo de p\u00fablico, pero en especial a quienes est\u00e1n interesados en los j\u00f3venes y las tecnolog\u00edas de la comunicaci\u00f3n, a los partidos pol\u00edticos, a las instituciones p\u00fablicas, a los educadores, a los padres, y a los trabajadores sociales.<\/p>\n","protected":false},"featured_media":17083,"comment_status":"open","ping_status":"closed","template":"","meta":{"_et_pb_use_builder":"","_et_pb_old_content":"","_et_gb_content_width":""},"product_cat":[2606,1512,6675,6673],"product_tag":[2604],"edicion":[1084,1083],"editoriales":[1160],"tienda":[],"autor_id":[5003],"universidades_coeditoras":[],"palabras_clave":[],"listado_alfabetico":[],"acf":[],"_links":{"self":[{"href":"https:\/\/wizardly-davinci.82-223-8-23.plesk.page\/en\/wp-json\/wp\/v2\/product\/17082"}],"collection":[{"href":"https:\/\/wizardly-davinci.82-223-8-23.plesk.page\/en\/wp-json\/wp\/v2\/product"}],"about":[{"href":"https:\/\/wizardly-davinci.82-223-8-23.plesk.page\/en\/wp-json\/wp\/v2\/types\/product"}],"replies":[{"embeddable":true,"href":"https:\/\/wizardly-davinci.82-223-8-23.plesk.page\/en\/wp-json\/wp\/v2\/comments?post=17082"}],"wp:featuredmedia":[{"embeddable":true,"href":"https:\/\/wizardly-davinci.82-223-8-23.plesk.page\/en\/wp-json\/wp\/v2\/media\/17083"}],"wp:attachment":[{"href":"https:\/\/wizardly-davinci.82-223-8-23.plesk.page\/en\/wp-json\/wp\/v2\/media?parent=17082"}],"wp:term":[{"taxonomy":"product_cat","embeddable":true,"href":"https:\/\/wizardly-davinci.82-223-8-23.plesk.page\/en\/wp-json\/wp\/v2\/product_cat?post=17082"},{"taxonomy":"product_tag","embeddable":true,"href":"https:\/\/wizardly-davinci.82-223-8-23.plesk.page\/en\/wp-json\/wp\/v2\/product_tag?post=17082"},{"taxonomy":"edicion","embeddable":true,"href":"https:\/\/wizardly-davinci.82-223-8-23.plesk.page\/en\/wp-json\/wp\/v2\/edicion?post=17082"},{"taxonomy":"editoriales","embeddable":true,"href":"https:\/\/wizardly-davinci.82-223-8-23.plesk.page\/en\/wp-json\/wp\/v2\/editoriales?post=17082"},{"taxonomy":"tienda","embeddable":true,"href":"https:\/\/wizardly-davinci.82-223-8-23.plesk.page\/en\/wp-json\/wp\/v2\/tienda?post=17082"},{"taxonomy":"autor_id","embeddable":true,"href":"https:\/\/wizardly-davinci.82-223-8-23.plesk.page\/en\/wp-json\/wp\/v2\/autor_id?post=17082"},{"taxonomy":"universidades_coeditoras","embeddable":true,"href":"https:\/\/wizardly-davinci.82-223-8-23.plesk.page\/en\/wp-json\/wp\/v2\/universidades_coeditoras?post=17082"},{"taxonomy":"palabras_clave","embeddable":true,"href":"https:\/\/wizardly-davinci.82-223-8-23.plesk.page\/en\/wp-json\/wp\/v2\/palabras_clave?post=17082"},{"taxonomy":"listado_alfabetico","embeddable":true,"href":"https:\/\/wizardly-davinci.82-223-8-23.plesk.page\/en\/wp-json\/wp\/v2\/listado_alfabetico?post=17082"}],"curies":[{"name":"wp","href":"https:\/\/api.w.org\/{rel}","templated":true}]}}