{"id":17090,"date":"2019-04-09T22:22:23","date_gmt":"2019-04-09T22:22:23","guid":{"rendered":"https:\/\/octaedro.com\/producto\/y-entonces-se-abrio-el-telon\/"},"modified":"2023-04-20T11:25:01","modified_gmt":"2023-04-20T09:25:01","slug":"y-entonces-se-abrio-el-telon","status":"publish","type":"product","link":"https:\/\/wizardly-davinci.82-223-8-23.plesk.page\/en\/producto\/y-entonces-se-abrio-el-telon\/","title":{"rendered":"Y entonces, se abri\u00f3 el tel\u00f3n"},"content":{"rendered":"<p>Muchas cosas confluyen en este libro, del mismo modo que son muchos los caminos recorridos en el momento preciso en que se sube el tel\u00f3n. Aquellas personas que han dado esos pasos lo saben bien: Todo un universo se conjura. Y cuando se desgrana la primera palabra, cuando se establece un pacto comunicativo entre el espectador y el actor, cuando se traspasan las emociones y la historia se decanta y toma forma a trav\u00e9s de la expresi\u00f3n, nadie ajeno al \u00e1mbito teatral, puede imaginar lo que antecede, todos los procesos de formaci\u00f3n y transformaci\u00f3n que hasta ese momento se han vivido y que constituyen una rica suma de acciones e interacciones, de aprendizajes y de improvisaciones, de risas y de llantos vertidos.<br \/>\nEn las p\u00e1ginas de este libro se despejan teor\u00edas, se deshojan esos caminos, se marcan posibles procesos, se desvela la historia del hecho dram\u00e1tico, se vislumbran alternativas\u2026 Se nos aproxima a la \u00edntima experimentaci\u00f3n, al encuentro con el texto, al abrazo simb\u00f3lico con su lenguaje, al ensayo cotidiano, a la b\u00fasqueda del personaje, a la construcci\u00f3n y a la reconstrucci\u00f3n, a la puesta en pie de una obra que identifica a un grupo, que expresa lo que, de forma colectiva, aman y piensan.<\/p>\n","protected":false},"excerpt":{"rendered":"<p>Muchas cosas confluyen en este libro, del mismo modo que son muchos los caminos recorridos en el momento preciso en que se sube el tel\u00f3n. Aquellas personas que han dado esos pasos lo saben bien: Todo un universo se conjura. Y cuando se desgrana la primera palabra, cuando se establece un pacto comunicativo entre el espectador y el actor, cuando se traspasan las emociones y la historia se decanta y toma forma a trav\u00e9s de la expresi\u00f3n, nadie ajeno al \u00e1mbito teatral, puede imaginar lo que antecede, todos los procesos de formaci\u00f3n y transformaci\u00f3n que hasta ese momento se han vivido y que constituyen una rica suma de acciones e interacciones, de aprendizajes y de improvisaciones, de risas y de llantos vertidos.<br \/>\nEn las p\u00e1ginas de este libro se despejan teor\u00edas, se deshojan esos caminos, se marcan posibles procesos, se desvela la historia del hecho dram\u00e1tico, se vislumbran alternativas\u2026 Se nos aproxima a la \u00edntima experimentaci\u00f3n, al encuentro con el texto, al abrazo simb\u00f3lico con su lenguaje, al ensayo cotidiano, a la b\u00fasqueda del personaje, a la construcci\u00f3n y a la reconstrucci\u00f3n, a la puesta en pie de una obra que identifica a un grupo, que expresa lo que, de forma colectiva, aman y piensan.<\/p>\n","protected":false},"featured_media":17091,"comment_status":"open","ping_status":"closed","template":"","meta":{"_et_pb_use_builder":"","_et_pb_old_content":"","_et_gb_content_width":""},"product_cat":[2606,1507,1512,6675,6673],"product_tag":[2604],"edicion":[1084,1083],"editoriales":[1156,1160],"tienda":[],"autor_id":[5269],"universidades_coeditoras":[],"palabras_clave":[],"listado_alfabetico":[],"acf":[],"_links":{"self":[{"href":"https:\/\/wizardly-davinci.82-223-8-23.plesk.page\/en\/wp-json\/wp\/v2\/product\/17090"}],"collection":[{"href":"https:\/\/wizardly-davinci.82-223-8-23.plesk.page\/en\/wp-json\/wp\/v2\/product"}],"about":[{"href":"https:\/\/wizardly-davinci.82-223-8-23.plesk.page\/en\/wp-json\/wp\/v2\/types\/product"}],"replies":[{"embeddable":true,"href":"https:\/\/wizardly-davinci.82-223-8-23.plesk.page\/en\/wp-json\/wp\/v2\/comments?post=17090"}],"wp:featuredmedia":[{"embeddable":true,"href":"https:\/\/wizardly-davinci.82-223-8-23.plesk.page\/en\/wp-json\/wp\/v2\/media\/17091"}],"wp:attachment":[{"href":"https:\/\/wizardly-davinci.82-223-8-23.plesk.page\/en\/wp-json\/wp\/v2\/media?parent=17090"}],"wp:term":[{"taxonomy":"product_cat","embeddable":true,"href":"https:\/\/wizardly-davinci.82-223-8-23.plesk.page\/en\/wp-json\/wp\/v2\/product_cat?post=17090"},{"taxonomy":"product_tag","embeddable":true,"href":"https:\/\/wizardly-davinci.82-223-8-23.plesk.page\/en\/wp-json\/wp\/v2\/product_tag?post=17090"},{"taxonomy":"edicion","embeddable":true,"href":"https:\/\/wizardly-davinci.82-223-8-23.plesk.page\/en\/wp-json\/wp\/v2\/edicion?post=17090"},{"taxonomy":"editoriales","embeddable":true,"href":"https:\/\/wizardly-davinci.82-223-8-23.plesk.page\/en\/wp-json\/wp\/v2\/editoriales?post=17090"},{"taxonomy":"tienda","embeddable":true,"href":"https:\/\/wizardly-davinci.82-223-8-23.plesk.page\/en\/wp-json\/wp\/v2\/tienda?post=17090"},{"taxonomy":"autor_id","embeddable":true,"href":"https:\/\/wizardly-davinci.82-223-8-23.plesk.page\/en\/wp-json\/wp\/v2\/autor_id?post=17090"},{"taxonomy":"universidades_coeditoras","embeddable":true,"href":"https:\/\/wizardly-davinci.82-223-8-23.plesk.page\/en\/wp-json\/wp\/v2\/universidades_coeditoras?post=17090"},{"taxonomy":"palabras_clave","embeddable":true,"href":"https:\/\/wizardly-davinci.82-223-8-23.plesk.page\/en\/wp-json\/wp\/v2\/palabras_clave?post=17090"},{"taxonomy":"listado_alfabetico","embeddable":true,"href":"https:\/\/wizardly-davinci.82-223-8-23.plesk.page\/en\/wp-json\/wp\/v2\/listado_alfabetico?post=17090"}],"curies":[{"name":"wp","href":"https:\/\/api.w.org\/{rel}","templated":true}]}}