{"id":17092,"date":"2019-04-09T22:22:24","date_gmt":"2019-04-09T22:22:24","guid":{"rendered":"https:\/\/octaedro.com\/producto\/antologia-de-cuentos-y-algunos-poemas\/"},"modified":"2023-04-20T11:25:08","modified_gmt":"2023-04-20T09:25:08","slug":"antologia-de-cuentos-y-algunos-poemas","status":"publish","type":"product","link":"https:\/\/wizardly-davinci.82-223-8-23.plesk.page\/en\/producto\/antologia-de-cuentos-y-algunos-poemas\/","title":{"rendered":"Antolog\u00eda de cuentos y algunos poemas"},"content":{"rendered":"<p>Dos son los objetivos de este manual dirigido a todos los interesados en el fomento de la lectura: en primer lugar, facilitar, a trav\u00e9s de una antolog\u00eda de cuentos y poemas principalmente de autores actuales de literatura infantil y juvenil, la narraci\u00f3n oral, el arte de contar, que es la m\u00e1s importante de todas las estrategias de animaci\u00f3n a la lectura, tal y como da a entender D. Pennac cuando afirma que \u00abel amor a la lectura depende de la tradici\u00f3n oral\u00bb; y, en segundo lugar, favorecer, a partir de estos poemas y cuentos, los talleres de escritura creativa por medio de una serie de sencillas propuestas did\u00e1cticas que van desde juegos de expresi\u00f3n oral a creaciones con estructuras narrativas m\u00e1s complejas.<br \/>\nEl libro incluye tambi\u00e9n unos originales \u00abcuentos o leyendas populares en verso\u00bb, desde <em>Caperucita<\/em> a <em>El Cid<\/em>, as\u00ed como una exhaustiva bibliograf\u00eda tem\u00e1tica para uso y disfrute de profesionales, o un dec\u00e1logo del buen narrador.<\/p>\n","protected":false},"excerpt":{"rendered":"<p>Dos son los objetivos de este manual dirigido a todos los interesados en el fomento de la lectura: en primer lugar, facilitar, a trav\u00e9s de una antolog\u00eda de cuentos y poemas principalmente de autores actuales de literatura infantil y juvenil, la narraci\u00f3n oral, el arte de contar, que es la m\u00e1s importante de todas las estrategias de animaci\u00f3n a la lectura, tal y como da a entender D. Pennac cuando afirma que \u00abel amor a la lectura depende de la tradici\u00f3n oral\u00bb; y, en segundo lugar, favorecer, a partir de estos poemas y cuentos, los talleres de escritura creativa por medio de una serie de sencillas propuestas did\u00e1cticas que van desde juegos de expresi\u00f3n oral a creaciones con estructuras narrativas m\u00e1s complejas.<br \/>\nEl libro incluye tambi\u00e9n unos originales \u00abcuentos o leyendas populares en verso\u00bb, desde <em>Caperucita<\/em> a <em>El Cid<\/em>, as\u00ed como una exhaustiva bibliograf\u00eda tem\u00e1tica para uso y disfrute de profesionales, o un dec\u00e1logo del buen narrador.<\/p>\n","protected":false},"featured_media":17093,"comment_status":"open","ping_status":"closed","template":"","meta":{"_et_pb_use_builder":"","_et_pb_old_content":"","_et_gb_content_width":""},"product_cat":[1512],"product_tag":[2602],"edicion":[1083],"editoriales":[1160],"tienda":[],"autor_id":[5783],"universidades_coeditoras":[],"palabras_clave":[],"listado_alfabetico":[],"acf":[],"_links":{"self":[{"href":"https:\/\/wizardly-davinci.82-223-8-23.plesk.page\/en\/wp-json\/wp\/v2\/product\/17092"}],"collection":[{"href":"https:\/\/wizardly-davinci.82-223-8-23.plesk.page\/en\/wp-json\/wp\/v2\/product"}],"about":[{"href":"https:\/\/wizardly-davinci.82-223-8-23.plesk.page\/en\/wp-json\/wp\/v2\/types\/product"}],"replies":[{"embeddable":true,"href":"https:\/\/wizardly-davinci.82-223-8-23.plesk.page\/en\/wp-json\/wp\/v2\/comments?post=17092"}],"wp:featuredmedia":[{"embeddable":true,"href":"https:\/\/wizardly-davinci.82-223-8-23.plesk.page\/en\/wp-json\/wp\/v2\/media\/17093"}],"wp:attachment":[{"href":"https:\/\/wizardly-davinci.82-223-8-23.plesk.page\/en\/wp-json\/wp\/v2\/media?parent=17092"}],"wp:term":[{"taxonomy":"product_cat","embeddable":true,"href":"https:\/\/wizardly-davinci.82-223-8-23.plesk.page\/en\/wp-json\/wp\/v2\/product_cat?post=17092"},{"taxonomy":"product_tag","embeddable":true,"href":"https:\/\/wizardly-davinci.82-223-8-23.plesk.page\/en\/wp-json\/wp\/v2\/product_tag?post=17092"},{"taxonomy":"edicion","embeddable":true,"href":"https:\/\/wizardly-davinci.82-223-8-23.plesk.page\/en\/wp-json\/wp\/v2\/edicion?post=17092"},{"taxonomy":"editoriales","embeddable":true,"href":"https:\/\/wizardly-davinci.82-223-8-23.plesk.page\/en\/wp-json\/wp\/v2\/editoriales?post=17092"},{"taxonomy":"tienda","embeddable":true,"href":"https:\/\/wizardly-davinci.82-223-8-23.plesk.page\/en\/wp-json\/wp\/v2\/tienda?post=17092"},{"taxonomy":"autor_id","embeddable":true,"href":"https:\/\/wizardly-davinci.82-223-8-23.plesk.page\/en\/wp-json\/wp\/v2\/autor_id?post=17092"},{"taxonomy":"universidades_coeditoras","embeddable":true,"href":"https:\/\/wizardly-davinci.82-223-8-23.plesk.page\/en\/wp-json\/wp\/v2\/universidades_coeditoras?post=17092"},{"taxonomy":"palabras_clave","embeddable":true,"href":"https:\/\/wizardly-davinci.82-223-8-23.plesk.page\/en\/wp-json\/wp\/v2\/palabras_clave?post=17092"},{"taxonomy":"listado_alfabetico","embeddable":true,"href":"https:\/\/wizardly-davinci.82-223-8-23.plesk.page\/en\/wp-json\/wp\/v2\/listado_alfabetico?post=17092"}],"curies":[{"name":"wp","href":"https:\/\/api.w.org\/{rel}","templated":true}]}}