{"id":17094,"date":"2019-04-09T22:22:24","date_gmt":"2019-04-09T22:22:24","guid":{"rendered":"https:\/\/octaedro.com\/producto\/la-escuela-rural\/"},"modified":"2023-04-20T11:25:16","modified_gmt":"2023-04-20T09:25:16","slug":"la-escuela-rural","status":"publish","type":"product","link":"https:\/\/wizardly-davinci.82-223-8-23.plesk.page\/en\/producto\/la-escuela-rural\/","title":{"rendered":"La escuela rural"},"content":{"rendered":"<p>La imagen de la escuela rural ha cambiado considerablemente durante las \u00faltimas d\u00e9cadas. Denostada en un pasado en el que era considerada inferior a otras categor\u00edas de escuela por tener unas condiciones frecuentemente precarias, ha ido logrando sucesivas conquistas que hacen cada vez m\u00e1s justicia a su realidad. En este proceso de transformaci\u00f3n, las comunidades rurales y los colectivos docentes han protagonizado gran parte de las iniciativas para la mejora, evidenciando la importancia educativa, cultural y social de esta escuela en el medio rural. As\u00ed, ha sido capaz de superar hist\u00f3ricamente diferentes barreras para convertirse, en muchos casos, en un lugar donde se pueden desarrollar pr\u00e1cticas educativas rese\u00f1ables.<\/p>\n<p>En esta obra se proponen diferentes posibilidades educativas de las escuelas rurales y se revisan sus actuales necesidades. Se contextualiza la realidad escolar en consonancia con las transformaciones experimentadas en su medio, respondiendo adem\u00e1s a la voluntad de reinterpretar su vigencia tras los cambios educativos m\u00e1s recientes. Y, fundamentalmente, el trabajo se concibe con la pretensi\u00f3n de conocer y adecuar actuaciones para sus actores, entre los que el colectivo del alumnado ha estado frecuentemente al margen de los an\u00e1lisis. Los \u00e1mbitos desarrollados abarcan desde las descripciones del actual medio rural para una educaci\u00f3n en consonancia con el contexto, hasta la comprensi\u00f3n y adecuaci\u00f3n did\u00e1ctica en el aula; desde los perfiles y las necesidades de docentes y centros, hasta la movilizaci\u00f3n de estrategias utilizables en estas escuelas. Cada uno de estos \u00e1mbitos est\u00e1 planteado a partir del an\u00e1lisis y la reflexi\u00f3n con la finalidad de establecer propuestas de mejora en cuestiones prioritarias.<\/p>\n<p>Por las tem\u00e1ticas en las que se centra, se trata de una obra dirigida a docentes en formaci\u00f3n y en ejercicio, a instituciones universitarias, administraciones y comunidades rurales. La revisi\u00f3n que se lleva a cabo constituye una oportunidad para cualquiera que quiera profundizar en el conocimiento sobre la escuela rural.<\/p>\n","protected":false},"excerpt":{"rendered":"<p>La imagen de la escuela rural ha cambiado considerablemente durante las \u00faltimas d\u00e9cadas. Denostada en un pasado en el que era considerada inferior a otras categor\u00edas de escuela por tener unas condiciones frecuentemente precarias, ha ido logrando sucesivas conquistas que hacen cada vez m\u00e1s justicia a su realidad. En este proceso de transformaci\u00f3n, las comunidades rurales y los colectivos docentes han protagonizado gran parte de las iniciativas para la mejora, evidenciando la importancia educativa, cultural y social de esta escuela en el medio rural. As\u00ed, ha sido capaz de superar hist\u00f3ricamente diferentes barreras para convertirse, en muchos casos, en un lugar donde se pueden desarrollar pr\u00e1cticas educativas rese\u00f1ables.<\/p>\n<p>En esta obra se proponen diferentes posibilidades educativas de las escuelas rurales y se revisan sus actuales necesidades. Se contextualiza la realidad escolar en consonancia con las transformaciones experimentadas en su medio, respondiendo adem\u00e1s a la voluntad de reinterpretar su vigencia tras los cambios educativos m\u00e1s recientes. Y, fundamentalmente, el trabajo se concibe con la pretensi\u00f3n de conocer y adecuar actuaciones para sus actores, entre los que el colectivo del alumnado ha estado frecuentemente al margen de los an\u00e1lisis. Los \u00e1mbitos desarrollados abarcan desde las descripciones del actual medio rural para una educaci\u00f3n en consonancia con el contexto, hasta la comprensi\u00f3n y adecuaci\u00f3n did\u00e1ctica en el aula; desde los perfiles y las necesidades de docentes y centros, hasta la movilizaci\u00f3n de estrategias utilizables en estas escuelas. Cada uno de estos \u00e1mbitos est\u00e1 planteado a partir del an\u00e1lisis y la reflexi\u00f3n con la finalidad de establecer propuestas de mejora en cuestiones prioritarias.<\/p>\n<p>Por las tem\u00e1ticas en las que se centra, se trata de una obra dirigida a docentes en formaci\u00f3n y en ejercicio, a instituciones universitarias, administraciones y comunidades rurales. La revisi\u00f3n que se lleva a cabo constituye una oportunidad para cualquiera que quiera profundizar en el conocimiento sobre la escuela rural.<\/p>\n","protected":false},"featured_media":17095,"comment_status":"open","ping_status":"closed","template":"","meta":{"_et_pb_use_builder":"","_et_pb_old_content":"","_et_gb_content_width":""},"product_cat":[2606,1507,1512,6675,6673],"product_tag":[2604],"edicion":[1084,1083],"editoriales":[1156,1160],"tienda":[],"autor_id":[5196],"universidades_coeditoras":[],"palabras_clave":[],"listado_alfabetico":[],"acf":[],"_links":{"self":[{"href":"https:\/\/wizardly-davinci.82-223-8-23.plesk.page\/en\/wp-json\/wp\/v2\/product\/17094"}],"collection":[{"href":"https:\/\/wizardly-davinci.82-223-8-23.plesk.page\/en\/wp-json\/wp\/v2\/product"}],"about":[{"href":"https:\/\/wizardly-davinci.82-223-8-23.plesk.page\/en\/wp-json\/wp\/v2\/types\/product"}],"replies":[{"embeddable":true,"href":"https:\/\/wizardly-davinci.82-223-8-23.plesk.page\/en\/wp-json\/wp\/v2\/comments?post=17094"}],"wp:featuredmedia":[{"embeddable":true,"href":"https:\/\/wizardly-davinci.82-223-8-23.plesk.page\/en\/wp-json\/wp\/v2\/media\/17095"}],"wp:attachment":[{"href":"https:\/\/wizardly-davinci.82-223-8-23.plesk.page\/en\/wp-json\/wp\/v2\/media?parent=17094"}],"wp:term":[{"taxonomy":"product_cat","embeddable":true,"href":"https:\/\/wizardly-davinci.82-223-8-23.plesk.page\/en\/wp-json\/wp\/v2\/product_cat?post=17094"},{"taxonomy":"product_tag","embeddable":true,"href":"https:\/\/wizardly-davinci.82-223-8-23.plesk.page\/en\/wp-json\/wp\/v2\/product_tag?post=17094"},{"taxonomy":"edicion","embeddable":true,"href":"https:\/\/wizardly-davinci.82-223-8-23.plesk.page\/en\/wp-json\/wp\/v2\/edicion?post=17094"},{"taxonomy":"editoriales","embeddable":true,"href":"https:\/\/wizardly-davinci.82-223-8-23.plesk.page\/en\/wp-json\/wp\/v2\/editoriales?post=17094"},{"taxonomy":"tienda","embeddable":true,"href":"https:\/\/wizardly-davinci.82-223-8-23.plesk.page\/en\/wp-json\/wp\/v2\/tienda?post=17094"},{"taxonomy":"autor_id","embeddable":true,"href":"https:\/\/wizardly-davinci.82-223-8-23.plesk.page\/en\/wp-json\/wp\/v2\/autor_id?post=17094"},{"taxonomy":"universidades_coeditoras","embeddable":true,"href":"https:\/\/wizardly-davinci.82-223-8-23.plesk.page\/en\/wp-json\/wp\/v2\/universidades_coeditoras?post=17094"},{"taxonomy":"palabras_clave","embeddable":true,"href":"https:\/\/wizardly-davinci.82-223-8-23.plesk.page\/en\/wp-json\/wp\/v2\/palabras_clave?post=17094"},{"taxonomy":"listado_alfabetico","embeddable":true,"href":"https:\/\/wizardly-davinci.82-223-8-23.plesk.page\/en\/wp-json\/wp\/v2\/listado_alfabetico?post=17094"}],"curies":[{"name":"wp","href":"https:\/\/api.w.org\/{rel}","templated":true}]}}