{"id":17098,"date":"2019-04-09T22:22:25","date_gmt":"2019-04-09T22:22:25","guid":{"rendered":"https:\/\/octaedro.com\/producto\/los-secretos-de-un-aprendizaje\/"},"modified":"2023-04-20T11:25:30","modified_gmt":"2023-04-20T09:25:30","slug":"los-secretos-de-un-aprendizaje","status":"publish","type":"product","link":"https:\/\/wizardly-davinci.82-223-8-23.plesk.page\/en\/producto\/los-secretos-de-un-aprendizaje\/","title":{"rendered":"Los secretos de un aprendizaje"},"content":{"rendered":"<p><em>Los secretos de un aprendizaje (sex-crets)<\/em> es un material dirigido a todos los profesionales interesados en trabajar con adolescentes y j\u00f3venes aspectos relacionados con la afectividad y la sexualidad. Se trata de facilitar el di\u00e1logo para, debatir y reflexionar sobre el amor y el enamoramiento, el deseo, la importancia del grupo, la relaci\u00f3n con los padres, las primeras relaciones, los m\u00e9todos anticonceptivos, el embarazo, etc.<br \/>\nLa finalidad de este material did\u00e1ctico es, por un lado, contribuir a la vivencia de unas relaciones afectivas y sexuales positivas y saludables de nuestros adolescentes; y por otro lado, proporcionar a los profesionales una herramienta actual y din\u00e1mica que les ayude en sus intervenciones.<br \/>\nLos a\u00f1os de experiencia en la realizaci\u00f3n de los talleres de educaci\u00f3n afectiva y sexual en el Centro Joven de Anticoncepci\u00f3n y Sexualidad (CJAS), nos han hecho ver la necesidad de renovar las din\u00e1micas que se utilizan en las actividades educativas para acercarnos m\u00e1s a la realidad de los adolescentes y j\u00f3venes. Hemos tenido la suerte de poder contar, con las ideas y aportaciones del resto del equipo y, una vez m\u00e1s, con la creatividad y el talento de la ilustradora y amiga Mariel Soria, que ha sabido plasmar nuestras ideas en divertidas y originales im\u00e1genes, por lo que este material resultar\u00e1 m\u00e1s atractivo a los ojos de nuestros j\u00f3venes.<\/p>\n","protected":false},"excerpt":{"rendered":"<p><em>Los secretos de un aprendizaje (sex-crets)<\/em> es un material dirigido a todos los profesionales interesados en trabajar con adolescentes y j\u00f3venes aspectos relacionados con la afectividad y la sexualidad. Se trata de facilitar el di\u00e1logo para, debatir y reflexionar sobre el amor y el enamoramiento, el deseo, la importancia del grupo, la relaci\u00f3n con los padres, las primeras relaciones, los m\u00e9todos anticonceptivos, el embarazo, etc.<br \/>\nLa finalidad de este material did\u00e1ctico es, por un lado, contribuir a la vivencia de unas relaciones afectivas y sexuales positivas y saludables de nuestros adolescentes; y por otro lado, proporcionar a los profesionales una herramienta actual y din\u00e1mica que les ayude en sus intervenciones.<br \/>\nLos a\u00f1os de experiencia en la realizaci\u00f3n de los talleres de educaci\u00f3n afectiva y sexual en el Centro Joven de Anticoncepci\u00f3n y Sexualidad (CJAS), nos han hecho ver la necesidad de renovar las din\u00e1micas que se utilizan en las actividades educativas para acercarnos m\u00e1s a la realidad de los adolescentes y j\u00f3venes. Hemos tenido la suerte de poder contar, con las ideas y aportaciones del resto del equipo y, una vez m\u00e1s, con la creatividad y el talento de la ilustradora y amiga Mariel Soria, que ha sabido plasmar nuestras ideas en divertidas y originales im\u00e1genes, por lo que este material resultar\u00e1 m\u00e1s atractivo a los ojos de nuestros j\u00f3venes.<\/p>\n","protected":false},"featured_media":17099,"comment_status":"open","ping_status":"closed","template":"","meta":{"_et_pb_use_builder":"","_et_pb_old_content":"","_et_gb_content_width":""},"product_cat":[1512,6675],"product_tag":[2602],"edicion":[1083],"editoriales":[1160],"tienda":[],"autor_id":[5104,5651,6206],"universidades_coeditoras":[],"palabras_clave":[],"listado_alfabetico":[],"acf":[],"_links":{"self":[{"href":"https:\/\/wizardly-davinci.82-223-8-23.plesk.page\/en\/wp-json\/wp\/v2\/product\/17098"}],"collection":[{"href":"https:\/\/wizardly-davinci.82-223-8-23.plesk.page\/en\/wp-json\/wp\/v2\/product"}],"about":[{"href":"https:\/\/wizardly-davinci.82-223-8-23.plesk.page\/en\/wp-json\/wp\/v2\/types\/product"}],"replies":[{"embeddable":true,"href":"https:\/\/wizardly-davinci.82-223-8-23.plesk.page\/en\/wp-json\/wp\/v2\/comments?post=17098"}],"wp:featuredmedia":[{"embeddable":true,"href":"https:\/\/wizardly-davinci.82-223-8-23.plesk.page\/en\/wp-json\/wp\/v2\/media\/17099"}],"wp:attachment":[{"href":"https:\/\/wizardly-davinci.82-223-8-23.plesk.page\/en\/wp-json\/wp\/v2\/media?parent=17098"}],"wp:term":[{"taxonomy":"product_cat","embeddable":true,"href":"https:\/\/wizardly-davinci.82-223-8-23.plesk.page\/en\/wp-json\/wp\/v2\/product_cat?post=17098"},{"taxonomy":"product_tag","embeddable":true,"href":"https:\/\/wizardly-davinci.82-223-8-23.plesk.page\/en\/wp-json\/wp\/v2\/product_tag?post=17098"},{"taxonomy":"edicion","embeddable":true,"href":"https:\/\/wizardly-davinci.82-223-8-23.plesk.page\/en\/wp-json\/wp\/v2\/edicion?post=17098"},{"taxonomy":"editoriales","embeddable":true,"href":"https:\/\/wizardly-davinci.82-223-8-23.plesk.page\/en\/wp-json\/wp\/v2\/editoriales?post=17098"},{"taxonomy":"tienda","embeddable":true,"href":"https:\/\/wizardly-davinci.82-223-8-23.plesk.page\/en\/wp-json\/wp\/v2\/tienda?post=17098"},{"taxonomy":"autor_id","embeddable":true,"href":"https:\/\/wizardly-davinci.82-223-8-23.plesk.page\/en\/wp-json\/wp\/v2\/autor_id?post=17098"},{"taxonomy":"universidades_coeditoras","embeddable":true,"href":"https:\/\/wizardly-davinci.82-223-8-23.plesk.page\/en\/wp-json\/wp\/v2\/universidades_coeditoras?post=17098"},{"taxonomy":"palabras_clave","embeddable":true,"href":"https:\/\/wizardly-davinci.82-223-8-23.plesk.page\/en\/wp-json\/wp\/v2\/palabras_clave?post=17098"},{"taxonomy":"listado_alfabetico","embeddable":true,"href":"https:\/\/wizardly-davinci.82-223-8-23.plesk.page\/en\/wp-json\/wp\/v2\/listado_alfabetico?post=17098"}],"curies":[{"name":"wp","href":"https:\/\/api.w.org\/{rel}","templated":true}]}}